{"id":19435,"date":"2024-10-24T11:28:37","date_gmt":"2024-10-24T09:28:37","guid":{"rendered":"http:\/\/billigtrikots.com\/?post_type=product&#038;p=19435"},"modified":"2025-10-16T16:01:44","modified_gmt":"2025-10-16T14:01:44","slug":"personalisierbar-real-madrid-2024-25-drittes-trikot-kurzarm-kurze-hosen","status":"publish","type":"product","link":"https:\/\/www.billigtrikotde.com\/sv\/personalisierbar-real-madrid-2024-25-drittes-trikot-kurzarm-kurze-hosen\/","title":{"rendered":"Anpassningsbar Real Madrid 2024-25 tredje tr\u00f6ja kort\u00e4rmad + shorts"},"content":{"rendered":"<p>Real Madrid 2024-25 tredjetr\u00f6ja har en antracit huvudf\u00e4rg (Charcoal), som kombineras med \"RMCF\" pr\u00e4gling \u00f6ver hela tr\u00f6jan f\u00f6r en unik look. Den tredje Madrid 24-25 fotbollstr\u00f6jan har en polokrage och manschetter med ljusrosa (Putty Mauve)\/m\u00f6rkgr\u00e5 kant.<\/p>\n<p>Tips f\u00f6r utskrift: Om namn och nummer p\u00e5 bilden \u00e4r exakt vad du vill ha, beh\u00f6ver du inte ange dem igen. Om inte, ska du ange \u00f6nskat namn och nummer.<\/p>\n<p>Tips f\u00f6r tv\u00e4tt: Det \u00e4r rekommenderat att tv\u00e4tta fotbollstr\u00f6jor f\u00f6r hand. Om du vill anv\u00e4nda tv\u00e4ttmaskinen ska du komma ih\u00e5g att v\u00e4nda fotbollstr\u00f6jorna ut och in och sedan tv\u00e4tta dem. Fyll maskinen med kallt vatten och anv\u00e4nd ett skonsamt program f\u00f6r att b\u00e4ttre skydda f\u00e4rgerna.<\/p>","protected":false},"excerpt":{"rendered":"<p>Det tredje matchtr\u00f6jan f\u00f6r Real Madrid 2024-25 har en grafitf\u00e4rg (Charcoal) huvudf\u00e4rg, som f\u00f6rs en \u201eRMCF\u201c-pr\u00e4gel \u00f6ver hela tr\u00f6jan och skapar en unik look. Det tredje fotbollstr\u00f6jan av Madrid 24-25 har polo krage och \u00e4rmkanter med ljusrosa (Putty Mauve)\/m\u00f6rkgr\u00e5 applikationer. Tips f\u00f6r tryck: N\u00e4r namnet och numret \u00e4r p\u00e5 bilden [\u2026]<\/p>","protected":false},"featured_media":19475,"comment_status":"open","ping_status":"closed","template":"","meta":[],"product_brand":[],"product_cat":[45],"product_tag":[574,21,228,24,1191,489,490,979],"class_list":{"0":"post-19435","1":"product","2":"type-product","3":"status-publish","4":"has-post-thumbnail","6":"product_cat-real-madrid","7":"product_tag-fussballtrikot-deutschland","8":"product_tag-fussballtrikot-fuer-herren","9":"product_tag-guenstige-fussballtrikot","10":"product_tag-guenstiges-fussballtrikot","11":"product_tag-real-madrid-club-de-futbol-2024-25-trikot","12":"product_tag-real-madrid-fussballtrikot","13":"product_tag-real-madrid-trikot","14":"product_tag-real-madrid-trikot-2024","16":"first","17":"instock","18":"shipping-taxable","19":"purchasable","20":"product-type-variable"},"_links":{"self":[{"href":"https:\/\/www.billigtrikotde.com\/sv\/wp-json\/wp\/v2\/product\/19435","targetHints":{"allow":["GET"]}}],"collection":[{"href":"https:\/\/www.billigtrikotde.com\/sv\/wp-json\/wp\/v2\/product"}],"about":[{"href":"https:\/\/www.billigtrikotde.com\/sv\/wp-json\/wp\/v2\/types\/product"}],"replies":[{"embeddable":true,"href":"https:\/\/www.billigtrikotde.com\/sv\/wp-json\/wp\/v2\/comments?post=19435"}],"wp:featuredmedia":[{"embeddable":true,"href":"https:\/\/www.billigtrikotde.com\/sv\/wp-json\/wp\/v2\/media\/19475"}],"wp:attachment":[{"href":"https:\/\/www.billigtrikotde.com\/sv\/wp-json\/wp\/v2\/media?parent=19435"}],"wp:term":[{"taxonomy":"product_brand","embeddable":true,"href":"https:\/\/www.billigtrikotde.com\/sv\/wp-json\/wp\/v2\/product_brand?post=19435"},{"taxonomy":"product_cat","embeddable":true,"href":"https:\/\/www.billigtrikotde.com\/sv\/wp-json\/wp\/v2\/product_cat?post=19435"},{"taxonomy":"product_tag","embeddable":true,"href":"https:\/\/www.billigtrikotde.com\/sv\/wp-json\/wp\/v2\/product_tag?post=19435"}],"curies":[{"name":"wp","href":"https:\/\/api.w.org\/{rel}","templated":true}]}}