{"id":19318,"date":"2024-10-24T11:21:31","date_gmt":"2024-10-24T09:21:31","guid":{"rendered":"http:\/\/billigtrikots.com\/?post_type=product&#038;p=19318"},"modified":"2024-10-24T11:24:49","modified_gmt":"2024-10-24T09:24:49","slug":"benfica-auswaertstrikot-2024-25-kurzarm-fuer-herren-joao-neves-87","status":"publish","type":"product","link":"https:\/\/www.billigtrikotde.com\/sv\/benfica-auswaertstrikot-2024-25-kurzarm-fuer-herren-joao-neves-87\/","title":{"rendered":"Benfica Bortatr\u00f6ja 2024-25 Kort\u00e4rmad f\u00f6r M\u00e4n Joao Neves 87"},"content":{"rendered":"<p>Benficas bortatr\u00f6ja 24-25 \u00e4r \u00f6verv\u00e4gande svart med sl\u00e5ende r\u00f6da accenter. De tre r\u00e4nderna, logotypen och Benficas vapensk\u00f6ld \u00e4r alla i\u00f6gonfallande r\u00f6da.<\/p>\n<p>Tips f\u00f6r utskrift: Om namn och nummer p\u00e5 bilden \u00e4r exakt vad du vill ha, beh\u00f6ver du inte ange dem igen. Om inte, ska du ange \u00f6nskat namn och nummer.<\/p>\n<p>Tips f\u00f6r tv\u00e4tt: Det \u00e4r rekommenderat att tv\u00e4tta fotbollstr\u00f6jor f\u00f6r hand. Om du vill anv\u00e4nda tv\u00e4ttmaskinen ska du komma ih\u00e5g att v\u00e4nda fotbollstr\u00f6jorna ut och in och sedan tv\u00e4tta dem. Fyll maskinen med kallt vatten och anv\u00e4nd ett skonsamt program f\u00f6r att b\u00e4ttre skydda f\u00e4rgerna.<\/p>","protected":false},"excerpt":{"rendered":"<p>Benficas 24-25 borta-tr\u00f6ja \u00e4r \u00f6verv\u00e4gande svart med framtr\u00e4dande r\u00f6da accenter. De tre r\u00e4nderna, logotypen och Benficas klubbstycke \u00e4r alla tydligt r\u00f6da. Tydliga trycktips: Om namn och nummer p\u00e5 bilden exakt motsvarar dina \u00f6nskem\u00e5l beh\u00f6ver du inte ange dem igen. Om inte, b\u00f6r du ange ditt \u00f6nskade namn och ditt nummer [\u2026]<\/p>","protected":false},"featured_media":19366,"comment_status":"open","ping_status":"closed","template":"","meta":[],"product_brand":[],"product_cat":[188],"product_tag":[729,730,190,20,574,21,22,23,24,1300],"class_list":{"0":"post-19318","1":"product","2":"type-product","3":"status-publish","4":"has-post-thumbnail","6":"product_cat-sl-benfica","7":"product_tag-benfica-fussballtrikot","8":"product_tag-benfica-trikot","9":"product_tag-benfica-trikots","10":"product_tag-coole-fussballtrikots","11":"product_tag-fussballtrikot-deutschland","12":"product_tag-fussballtrikot-fuer-herren","13":"product_tag-fussballtrikot-guenstig-kaufen","14":"product_tag-fussballtrikot-kurzarm","15":"product_tag-guenstiges-fussballtrikot","16":"product_tag-joao-neves-trikots","18":"first","19":"instock","20":"shipping-taxable","21":"purchasable","22":"product-type-variable"},"_links":{"self":[{"href":"https:\/\/www.billigtrikotde.com\/sv\/wp-json\/wp\/v2\/product\/19318","targetHints":{"allow":["GET"]}}],"collection":[{"href":"https:\/\/www.billigtrikotde.com\/sv\/wp-json\/wp\/v2\/product"}],"about":[{"href":"https:\/\/www.billigtrikotde.com\/sv\/wp-json\/wp\/v2\/types\/product"}],"replies":[{"embeddable":true,"href":"https:\/\/www.billigtrikotde.com\/sv\/wp-json\/wp\/v2\/comments?post=19318"}],"wp:featuredmedia":[{"embeddable":true,"href":"https:\/\/www.billigtrikotde.com\/sv\/wp-json\/wp\/v2\/media\/19366"}],"wp:attachment":[{"href":"https:\/\/www.billigtrikotde.com\/sv\/wp-json\/wp\/v2\/media?parent=19318"}],"wp:term":[{"taxonomy":"product_brand","embeddable":true,"href":"https:\/\/www.billigtrikotde.com\/sv\/wp-json\/wp\/v2\/product_brand?post=19318"},{"taxonomy":"product_cat","embeddable":true,"href":"https:\/\/www.billigtrikotde.com\/sv\/wp-json\/wp\/v2\/product_cat?post=19318"},{"taxonomy":"product_tag","embeddable":true,"href":"https:\/\/www.billigtrikotde.com\/sv\/wp-json\/wp\/v2\/product_tag?post=19318"}],"curies":[{"name":"wp","href":"https:\/\/api.w.org\/{rel}","templated":true}]}}