{"id":19314,"date":"2024-10-24T11:21:27","date_gmt":"2024-10-24T09:21:27","guid":{"rendered":"http:\/\/billigtrikots.com\/?post_type=product&#038;p=19314"},"modified":"2024-10-24T11:24:15","modified_gmt":"2024-10-24T09:24:15","slug":"fussballtrikots-benfica-heimtrikot-2024-25-fuer-herren-joao-neves-87","status":"publish","type":"product","link":"https:\/\/www.billigtrikotde.com\/sv\/fussballtrikots-benfica-heimtrikot-2024-25-fuer-herren-joao-neves-87\/","title":{"rendered":"Benfica Hemma Fotbollstr\u00f6jor 2024-25 f\u00f6r M\u00e4n Joao Neves 87"},"content":{"rendered":"<p>Den nya tr\u00f6jan \u00e4r en hyllning till klubbens rika historia och har en klassisk V-ringning. Designen \u00e4r inspirerad av hemmatr\u00f6jan fr\u00e5n s\u00e4songen 1974\/75, d\u00e5 Benfica vann en Primeira Liga-titel, och v\u00e4cker en k\u00e4nsla av nostalgi. SL Benfica har gr\u00e4vt i r\u00f6tterna till klubbens historia och utvecklat en tr\u00f6ja med en distinkt vit V-ringning och en grafik som upprepar V:et genom hela tr\u00f6jan.<\/p>\n<p>Tr\u00f6jan har ett livfullt m\u00f6nster i r\u00f6da nyanser, dekorerat med ton-i-ton V-formade motiv p\u00e5 framsidan. Den nya logotypen \u00e4r broderad p\u00e5 h\u00f6ger sida av br\u00f6stet, medan det ikoniska SL Benfica-emblemet, prytt med tre stj\u00e4rnor som representerar alla tio m\u00e4sterskap som klubben vunnit, \u00e4r placerat p\u00e5 v\u00e4nster sida.<\/p>\n<p>Tips f\u00f6r utskrift: Om namn och nummer p\u00e5 bilden \u00e4r exakt vad du vill ha, beh\u00f6ver du inte ange dem igen. Om inte, ska du ange \u00f6nskat namn och nummer.<\/p>\n<p>Tips f\u00f6r tv\u00e4tt: Det \u00e4r rekommenderat att tv\u00e4tta fotbollstr\u00f6jor f\u00f6r hand. Om du vill anv\u00e4nda tv\u00e4ttmaskinen ska du komma ih\u00e5g att v\u00e4nda fotbollstr\u00f6jorna ut och in och sedan tv\u00e4tta dem. Fyll maskinen med kallt vatten och anv\u00e4nd ett skonsamt program f\u00f6r att b\u00e4ttre skydda f\u00e4rgerna.<\/p>","protected":false},"excerpt":{"rendered":"<p>Das neue Trikot ist eine Hommage an die reiche Vereinsgeschichte und hat einen klassischen V-Ausschnitt. Das Design ist vom Heimtrikot der Saison 1974\/75 inspiriert, als Benfica einen Titel in der Primeira Liga gewann, und weckt ein Gef\u00fchl von Nostalgie. SL Benfica hat sich mit den Wurzeln der Vereinsgeschichte befasst und ein Trikot mit einem markanten [&hellip;]<\/p>","protected":false},"featured_media":19363,"comment_status":"open","ping_status":"closed","template":"","meta":[],"product_brand":[],"product_cat":[188],"product_tag":[729,730,190,20,574,21,22,23,24,191,1300],"class_list":{"0":"post-19314","1":"product","2":"type-product","3":"status-publish","4":"has-post-thumbnail","6":"product_cat-sl-benfica","7":"product_tag-benfica-fussballtrikot","8":"product_tag-benfica-trikot","9":"product_tag-benfica-trikots","10":"product_tag-coole-fussballtrikots","11":"product_tag-fussballtrikot-deutschland","12":"product_tag-fussballtrikot-fuer-herren","13":"product_tag-fussballtrikot-guenstig-kaufen","14":"product_tag-fussballtrikot-kurzarm","15":"product_tag-guenstiges-fussballtrikot","16":"product_tag-heimtrikot-benfica","17":"product_tag-joao-neves-trikots","19":"first","20":"instock","21":"shipping-taxable","22":"purchasable","23":"product-type-variable"},"_links":{"self":[{"href":"https:\/\/www.billigtrikotde.com\/sv\/wp-json\/wp\/v2\/product\/19314","targetHints":{"allow":["GET"]}}],"collection":[{"href":"https:\/\/www.billigtrikotde.com\/sv\/wp-json\/wp\/v2\/product"}],"about":[{"href":"https:\/\/www.billigtrikotde.com\/sv\/wp-json\/wp\/v2\/types\/product"}],"replies":[{"embeddable":true,"href":"https:\/\/www.billigtrikotde.com\/sv\/wp-json\/wp\/v2\/comments?post=19314"}],"wp:featuredmedia":[{"embeddable":true,"href":"https:\/\/www.billigtrikotde.com\/sv\/wp-json\/wp\/v2\/media\/19363"}],"wp:attachment":[{"href":"https:\/\/www.billigtrikotde.com\/sv\/wp-json\/wp\/v2\/media?parent=19314"}],"wp:term":[{"taxonomy":"product_brand","embeddable":true,"href":"https:\/\/www.billigtrikotde.com\/sv\/wp-json\/wp\/v2\/product_brand?post=19314"},{"taxonomy":"product_cat","embeddable":true,"href":"https:\/\/www.billigtrikotde.com\/sv\/wp-json\/wp\/v2\/product_cat?post=19314"},{"taxonomy":"product_tag","embeddable":true,"href":"https:\/\/www.billigtrikotde.com\/sv\/wp-json\/wp\/v2\/product_tag?post=19314"}],"curies":[{"name":"wp","href":"https:\/\/api.w.org\/{rel}","templated":true}]}}