{"id":19277,"date":"2024-10-24T11:19:03","date_gmt":"2024-10-24T09:19:03","guid":{"rendered":"http:\/\/billigtrikots.com\/?post_type=product&#038;p=19277"},"modified":"2024-10-24T11:21:54","modified_gmt":"2024-10-24T09:21:54","slug":"fussballtrikot-kinder-set-manchester-united-heimtrikot-2024-25-marcus-rashford-10","status":"publish","type":"product","link":"https:\/\/www.billigtrikotde.com\/sv\/fussballtrikot-kinder-set-manchester-united-heimtrikot-2024-25-marcus-rashford-10\/","title":{"rendered":"Fotbollstr\u00f6ja Barn Set Manchester United Hemmatr\u00f6ja 2024-25 Marcus Rashford 10"},"content":{"rendered":"<p>Manchester United FC 24-25 tr\u00f6jan kombinerar tv\u00e5 nyanser av r\u00f6tt i en f\u00e4rggradientdesign. Det h\u00e4r \u00e4r inte f\u00f6rsta g\u00e5ngen som en Manchester United-tr\u00f6ja kombinerar tv\u00e5 r\u00f6da nyanser. Senast detta var fallet var under s\u00e4songen 2016-17 och den speciella egenskapen hos Manchester United 24-25 tr\u00f6jan \u00e4r ett subtilt r\u00f6tt-p\u00e5-r\u00f6tt gradientm\u00f6nster.<\/p>\n<p>Tips f\u00f6r utskrift: Om namn och nummer p\u00e5 bilden \u00e4r exakt vad du vill ha, beh\u00f6ver du inte ange dem igen. Om inte, ska du ange \u00f6nskat namn och nummer.<\/p>\n<p>Tips f\u00f6r tv\u00e4tt: Det \u00e4r rekommenderat att tv\u00e4tta fotbollstr\u00f6jor f\u00f6r hand. Om du vill anv\u00e4nda tv\u00e4ttmaskinen ska du komma ih\u00e5g att v\u00e4nda fotbollstr\u00f6jorna ut och in och sedan tv\u00e4tta dem. Fyll maskinen med kallt vatten och anv\u00e4nd ett skonsamt program f\u00f6r att b\u00e4ttre skydda f\u00e4rgerna.<\/p>","protected":false},"excerpt":{"rendered":"<p>Manchester United FC:s 24-25-tr\u00f6ja kombinerar tv\u00e5 nyanser av r\u00f6tt i en f\u00e4rggradientdesign. Det \u00e4r inte f\u00f6rsta g\u00e5ngen ett Manchester United-tr\u00f6ja kombinerar tv\u00e5 nyanser av r\u00f6tt. Senast det h\u00e4nde var s\u00e4songen 2016-17. Det speciella med tr\u00f6jan 24-25 fr\u00e5n Manchester United \u00e4r ett diskret r\u00f6tt-\u00e5t-r\u00f6tt gradientm\u00f6nster. Tips f\u00f6r tryck: N\u00e4r namnet [\u2026]<\/p>","protected":false},"featured_media":19321,"comment_status":"open","ping_status":"closed","template":"","meta":[],"product_brand":[],"product_cat":[140],"product_tag":[20,574,664,24,1262,898,899,52,142,1296],"class_list":{"0":"post-19277","1":"product","2":"type-product","3":"status-publish","4":"has-post-thumbnail","6":"product_cat-manchester-united-kindertrikot","7":"product_tag-coole-fussballtrikots","8":"product_tag-fussballtrikot-deutschland","9":"product_tag-fussballtrikot-trikotsatz","10":"product_tag-guenstiges-fussballtrikot","11":"product_tag-manchester-united-24-25-trikot","12":"product_tag-manchester-united-fussballtrikots-kinder","13":"product_tag-manchester-united-trikot-fuer-kinder","14":"product_tag-manchester-united-trikots","15":"product_tag-manchester-united-trikotsatz-fuer-kinder","16":"product_tag-marcus-rashford-trikots","18":"first","19":"instock","20":"shipping-taxable","21":"purchasable","22":"product-type-variable"},"_links":{"self":[{"href":"https:\/\/www.billigtrikotde.com\/sv\/wp-json\/wp\/v2\/product\/19277","targetHints":{"allow":["GET"]}}],"collection":[{"href":"https:\/\/www.billigtrikotde.com\/sv\/wp-json\/wp\/v2\/product"}],"about":[{"href":"https:\/\/www.billigtrikotde.com\/sv\/wp-json\/wp\/v2\/types\/product"}],"replies":[{"embeddable":true,"href":"https:\/\/www.billigtrikotde.com\/sv\/wp-json\/wp\/v2\/comments?post=19277"}],"wp:featuredmedia":[{"embeddable":true,"href":"https:\/\/www.billigtrikotde.com\/sv\/wp-json\/wp\/v2\/media\/19321"}],"wp:attachment":[{"href":"https:\/\/www.billigtrikotde.com\/sv\/wp-json\/wp\/v2\/media?parent=19277"}],"wp:term":[{"taxonomy":"product_brand","embeddable":true,"href":"https:\/\/www.billigtrikotde.com\/sv\/wp-json\/wp\/v2\/product_brand?post=19277"},{"taxonomy":"product_cat","embeddable":true,"href":"https:\/\/www.billigtrikotde.com\/sv\/wp-json\/wp\/v2\/product_cat?post=19277"},{"taxonomy":"product_tag","embeddable":true,"href":"https:\/\/www.billigtrikotde.com\/sv\/wp-json\/wp\/v2\/product_tag?post=19277"}],"curies":[{"name":"wp","href":"https:\/\/api.w.org\/{rel}","templated":true}]}}