{"id":19275,"date":"2024-10-24T11:19:00","date_gmt":"2024-10-24T09:19:00","guid":{"rendered":"http:\/\/billigtrikots.com\/?post_type=product&#038;p=19275"},"modified":"2024-10-24T11:21:54","modified_gmt":"2024-10-24T09:21:54","slug":"billiges-fussballtrikot-fuer-herren-aston-villa-heimtrikot-2024-25","status":"publish","type":"product","link":"https:\/\/www.billigtrikotde.com\/sv\/billiges-fussballtrikot-fuer-herren-aston-villa-heimtrikot-2024-25\/","title":{"rendered":"Billig Fotbollstr\u00f6ja f\u00f6r M\u00e4n Aston Villa Hemmatr\u00f6ja 2024-25"},"content":{"rendered":"<p>Aston Villa 2024-25-tr\u00f6jan kombinerar en vinr\u00f6d basf\u00e4rg med en vit logotyp och himmelsbl\u00e5 applikationer, medan det nya vapnet \u00e4r ett sl\u00e5ende inslag i den nya Aston Villa-tr\u00f6jan. P\u00e5 framsidan finns den nya logotypen f\u00f6r klubbens nya huvudsponsor, Betano, och p\u00e5 baksidan under kragen p\u00e5 Aston Villa 24-25 hemmatr\u00f6ja finns klubbens 150-\u00e5rsjubileumslogotyp.<\/p>\n<p>Tips f\u00f6r utskrift: Om namn och nummer p\u00e5 bilden \u00e4r exakt vad du vill ha, beh\u00f6ver du inte ange dem igen. Om inte, ska du ange \u00f6nskat namn och nummer.<\/p>\n<p>Tips f\u00f6r tv\u00e4tt: Det \u00e4r rekommenderat att tv\u00e4tta fotbollstr\u00f6jor f\u00f6r hand. Om du vill anv\u00e4nda tv\u00e4ttmaskinen ska du komma ih\u00e5g att v\u00e4nda fotbollstr\u00f6jorna ut och in och sedan tv\u00e4tta dem. Fyll maskinen med kallt vatten och anv\u00e4nd ett skonsamt program f\u00f6r att b\u00e4ttre skydda f\u00e4rgerna.<\/p>","protected":false},"excerpt":{"rendered":"<p>Das Aston Villa 2024-25 Trikot kombiniert eine weinrote Grundfarbe mit einem wei\u00dfen Logo und himmelblauen Applikationen. Ein auff\u00e4lliges Merkmal des neuen Aston Villa Trikots ist das neue Wappen. Auf der Vorderseite befindet sich das neue Logo des neuen Hauptsponsors des Vereins, Betano. Auf der R\u00fcckseite unter dem Kragen des Aston Villa 24-25 Heimtrikots befindet sich [&hellip;]<\/p>","protected":false},"featured_media":19319,"comment_status":"open","ping_status":"closed","template":"","meta":[],"product_brand":[],"product_cat":[1061],"product_tag":[1062,1063,20,574,21,22,24],"class_list":{"0":"post-19275","1":"product","2":"type-product","3":"status-publish","4":"has-post-thumbnail","6":"product_cat-aston-villa","7":"product_tag-aston-villa-fussballtrikot","8":"product_tag-aston-villa-trikot","9":"product_tag-coole-fussballtrikots","10":"product_tag-fussballtrikot-deutschland","11":"product_tag-fussballtrikot-fuer-herren","12":"product_tag-fussballtrikot-guenstig-kaufen","13":"product_tag-guenstiges-fussballtrikot","15":"first","16":"instock","17":"shipping-taxable","18":"purchasable","19":"product-type-variable"},"_links":{"self":[{"href":"https:\/\/www.billigtrikotde.com\/sv\/wp-json\/wp\/v2\/product\/19275","targetHints":{"allow":["GET"]}}],"collection":[{"href":"https:\/\/www.billigtrikotde.com\/sv\/wp-json\/wp\/v2\/product"}],"about":[{"href":"https:\/\/www.billigtrikotde.com\/sv\/wp-json\/wp\/v2\/types\/product"}],"replies":[{"embeddable":true,"href":"https:\/\/www.billigtrikotde.com\/sv\/wp-json\/wp\/v2\/comments?post=19275"}],"wp:featuredmedia":[{"embeddable":true,"href":"https:\/\/www.billigtrikotde.com\/sv\/wp-json\/wp\/v2\/media\/19319"}],"wp:attachment":[{"href":"https:\/\/www.billigtrikotde.com\/sv\/wp-json\/wp\/v2\/media?parent=19275"}],"wp:term":[{"taxonomy":"product_brand","embeddable":true,"href":"https:\/\/www.billigtrikotde.com\/sv\/wp-json\/wp\/v2\/product_brand?post=19275"},{"taxonomy":"product_cat","embeddable":true,"href":"https:\/\/www.billigtrikotde.com\/sv\/wp-json\/wp\/v2\/product_cat?post=19275"},{"taxonomy":"product_tag","embeddable":true,"href":"https:\/\/www.billigtrikotde.com\/sv\/wp-json\/wp\/v2\/product_tag?post=19275"}],"curies":[{"name":"wp","href":"https:\/\/api.w.org\/{rel}","templated":true}]}}