{"id":19256,"date":"2024-10-24T11:17:51","date_gmt":"2024-10-24T09:17:51","guid":{"rendered":"http:\/\/billigtrikots.com\/?post_type=product&#038;p=19256"},"modified":"2024-10-24T11:20:38","modified_gmt":"2024-10-24T09:20:38","slug":"kaufe-fussballtrikots-fc-barcelona-2024-25-heimtrikot-jules-kounde-23","status":"publish","type":"product","link":"https:\/\/www.billigtrikotde.com\/sv\/kaufe-fussballtrikots-fc-barcelona-2024-25-heimtrikot-jules-kounde-23\/","title":{"rendered":"K\u00f6p Fotbollstr\u00f6jor FC Barcelona 2024-25 Hemmatr\u00f6ja Jules Kounde 23"},"content":{"rendered":"<p>FC Barcelona 2024-25-tr\u00f6jan har en lovande f\u00e4rgkombination och design. Barcelona 2024-25-tr\u00f6jan kombinerar kungsbl\u00e5tt, marinbl\u00e5tt och r\u00f6tt med guldlogotyper, och n\u00e4r det g\u00e4ller design har Barcelona 24-25-tr\u00f6jan en halv-och-halv-look i bl\u00e5tt och r\u00f6dbrunt. Swoosh- och Spotify-logotyperna \u00e4r guldf\u00e4rgade, medan klubbm\u00e4rket \u00e4r i standardf\u00e4rgerna. Kragen och manschetterna \u00e4r marinbl\u00e5. F\u00e4rgkombinationen och designen p\u00e5minner om Barcelonas 100-\u00e5rsjubileumstr\u00f6ja.<\/p>\n<p>Tips f\u00f6r utskrift: Om namn och nummer p\u00e5 bilden \u00e4r exakt vad du vill ha, beh\u00f6ver du inte ange dem igen. Om inte, ska du ange \u00f6nskat namn och nummer.<\/p>\n<p>Tips f\u00f6r tv\u00e4tt: Det \u00e4r rekommenderat att tv\u00e4tta fotbollstr\u00f6jor f\u00f6r hand. Om du vill anv\u00e4nda tv\u00e4ttmaskinen ska du komma ih\u00e5g att v\u00e4nda fotbollstr\u00f6jorna ut och in och sedan tv\u00e4tta dem. Fyll maskinen med kallt vatten och anv\u00e4nd ett skonsamt program f\u00f6r att b\u00e4ttre skydda f\u00e4rgerna.<\/p>","protected":false},"excerpt":{"rendered":"<p>Das FC Barcelona 2024-25 Trikot hat eine vielversprechende Farbkombination und Design. Das Barcelona 2024-25 Trikot kombiniert K\u00f6nigsblau, Marineblau und Rot mit goldenen Logos.Was das Design angeht, so hat das Barcelona 24-25 Trikot einen Halb-und-Halb-Look in Blau und Kastanienbraun. Der Swoosh und die Spotify-Logos sind goldfarben, w\u00e4hrend das Wappen in den Standardfarben gehalten ist. Der Kragen [&hellip;]<\/p>","protected":false},"featured_media":19298,"comment_status":"open","ping_status":"closed","template":"","meta":[],"product_brand":[],"product_cat":[31],"product_tag":[20,1275,21,22,24,1218],"class_list":{"0":"post-19256","1":"product","2":"type-product","3":"status-publish","4":"has-post-thumbnail","6":"product_cat-fc-barcelona","7":"product_tag-coole-fussballtrikots","8":"product_tag-fc-barcelona-24-25-trikot","9":"product_tag-fussballtrikot-fuer-herren","10":"product_tag-fussballtrikot-guenstig-kaufen","11":"product_tag-guenstiges-fussballtrikot","12":"product_tag-jules-kounde-trikots","14":"first","15":"instock","16":"shipping-taxable","17":"purchasable","18":"product-type-variable"},"_links":{"self":[{"href":"https:\/\/www.billigtrikotde.com\/sv\/wp-json\/wp\/v2\/product\/19256","targetHints":{"allow":["GET"]}}],"collection":[{"href":"https:\/\/www.billigtrikotde.com\/sv\/wp-json\/wp\/v2\/product"}],"about":[{"href":"https:\/\/www.billigtrikotde.com\/sv\/wp-json\/wp\/v2\/types\/product"}],"replies":[{"embeddable":true,"href":"https:\/\/www.billigtrikotde.com\/sv\/wp-json\/wp\/v2\/comments?post=19256"}],"wp:featuredmedia":[{"embeddable":true,"href":"https:\/\/www.billigtrikotde.com\/sv\/wp-json\/wp\/v2\/media\/19298"}],"wp:attachment":[{"href":"https:\/\/www.billigtrikotde.com\/sv\/wp-json\/wp\/v2\/media?parent=19256"}],"wp:term":[{"taxonomy":"product_brand","embeddable":true,"href":"https:\/\/www.billigtrikotde.com\/sv\/wp-json\/wp\/v2\/product_brand?post=19256"},{"taxonomy":"product_cat","embeddable":true,"href":"https:\/\/www.billigtrikotde.com\/sv\/wp-json\/wp\/v2\/product_cat?post=19256"},{"taxonomy":"product_tag","embeddable":true,"href":"https:\/\/www.billigtrikotde.com\/sv\/wp-json\/wp\/v2\/product_tag?post=19256"}],"curies":[{"name":"wp","href":"https:\/\/api.w.org\/{rel}","templated":true}]}}