{"id":19235,"date":"2024-10-24T11:16:41","date_gmt":"2024-10-24T09:16:41","guid":{"rendered":"http:\/\/billigtrikots.com\/?post_type=product&#038;p=19235"},"modified":"2025-06-09T04:41:39","modified_gmt":"2025-06-09T02:41:39","slug":"bestseller-fussballtrikot-arsenal-2024-25-drittes-trikot-personalisierbar","status":"publish","type":"product","link":"https:\/\/www.billigtrikotde.com\/sv\/bestseller-fussballtrikot-arsenal-2024-25-drittes-trikot-personalisierbar\/","title":{"rendered":"B\u00e4sts\u00e4ljande Arsenal 2024-25 Third Shirt Fotbollstr\u00f6ja med tryck"},"content":{"rendered":"<p>Den tredje Arsenal 24-25 fotbollstr\u00f6jan har en aqua huvudf\u00e4rg som kombineras med ljuslila och marinbl\u00e5. Trefoil-logotypen, som inte har anv\u00e4nts p\u00e5 en Arsenal-tr\u00f6ja sedan 1992, g\u00f6r comeback p\u00e5 Arsenal 24-25-tr\u00f6jan. Designen p\u00e5 den tredje Arsenal FC 2024-25 fotbollstr\u00f6jan \u00e4r modern i kontrast till den klassiska Trefoil-logotypen. Den har en modern f\u00e4rggradientdesign som p\u00e5minner om norrsken.<\/p>\n<p>Tips f\u00f6r utskrift: Om namn och nummer p\u00e5 bilden \u00e4r exakt vad du vill ha, beh\u00f6ver du inte ange dem igen. Om inte, ska du ange \u00f6nskat namn och nummer.<\/p>\n<p>Tips f\u00f6r tv\u00e4tt: Det \u00e4r rekommenderat att tv\u00e4tta fotbollstr\u00f6jor f\u00f6r hand. Om du vill anv\u00e4nda tv\u00e4ttmaskinen ska du komma ih\u00e5g att v\u00e4nda fotbollstr\u00f6jorna ut och in och sedan tv\u00e4tta dem. Fyll maskinen med kallt vatten och anv\u00e4nd ett skonsamt program f\u00f6r att b\u00e4ttre skydda f\u00e4rgerna.<\/p>","protected":false},"excerpt":{"rendered":"<p>Das dritte Fu\u00dfballtrikot von Arsenal 24-25 hat eine aquafarbene Hauptfarbe, die mit Light Purple und Navy Blue kombiniert wird. Das Trefoil Logo, das seit 1992 nicht mehr auf einem Arsenal Trikot verwendet wurde, feiert auf dem Arsenal 24-25 Trikot ein Comeback. Das Design des dritten Arsenal-FC 2024-25 Fu\u00dfballtrikots ist im Gegensatz zum klassischen Trefoil-Logo modern. [&hellip;]<\/p>","protected":false},"featured_media":19279,"comment_status":"open","ping_status":"closed","template":"","meta":[],"product_brand":[],"product_cat":[55],"product_tag":[609,610,1007,21,23,24],"class_list":{"0":"post-19235","1":"product","2":"type-product","3":"status-publish","4":"has-post-thumbnail","6":"product_cat-arsenal","7":"product_tag-arsenal-fussballtrikot","8":"product_tag-arsenal-trikot","9":"product_tag-arsenal-trikot-2024","10":"product_tag-fussballtrikot-fuer-herren","11":"product_tag-fussballtrikot-kurzarm","12":"product_tag-guenstiges-fussballtrikot","14":"first","15":"instock","16":"shipping-taxable","17":"purchasable","18":"product-type-variable"},"_links":{"self":[{"href":"https:\/\/www.billigtrikotde.com\/sv\/wp-json\/wp\/v2\/product\/19235","targetHints":{"allow":["GET"]}}],"collection":[{"href":"https:\/\/www.billigtrikotde.com\/sv\/wp-json\/wp\/v2\/product"}],"about":[{"href":"https:\/\/www.billigtrikotde.com\/sv\/wp-json\/wp\/v2\/types\/product"}],"replies":[{"embeddable":true,"href":"https:\/\/www.billigtrikotde.com\/sv\/wp-json\/wp\/v2\/comments?post=19235"}],"wp:featuredmedia":[{"embeddable":true,"href":"https:\/\/www.billigtrikotde.com\/sv\/wp-json\/wp\/v2\/media\/19279"}],"wp:attachment":[{"href":"https:\/\/www.billigtrikotde.com\/sv\/wp-json\/wp\/v2\/media?parent=19235"}],"wp:term":[{"taxonomy":"product_brand","embeddable":true,"href":"https:\/\/www.billigtrikotde.com\/sv\/wp-json\/wp\/v2\/product_brand?post=19235"},{"taxonomy":"product_cat","embeddable":true,"href":"https:\/\/www.billigtrikotde.com\/sv\/wp-json\/wp\/v2\/product_cat?post=19235"},{"taxonomy":"product_tag","embeddable":true,"href":"https:\/\/www.billigtrikotde.com\/sv\/wp-json\/wp\/v2\/product_tag?post=19235"}],"curies":[{"name":"wp","href":"https:\/\/api.w.org\/{rel}","templated":true}]}}