{"id":19213,"date":"2024-10-24T11:15:28","date_gmt":"2024-10-24T09:15:28","guid":{"rendered":"http:\/\/billigtrikots.com\/?post_type=product&#038;p=19213"},"modified":"2025-05-30T15:25:42","modified_gmt":"2025-05-30T13:25:42","slug":"guenstiges-fussballtrikot-chelsea-heimtrikot-2024-25-blau-kurzarm","status":"publish","type":"product","link":"https:\/\/www.billigtrikotde.com\/sv\/guenstiges-fussballtrikot-chelsea-heimtrikot-2024-25-blau-kurzarm\/","title":{"rendered":"Billig Fotbollstr\u00f6ja Chelsea Hemmatr\u00f6ja 2024-25 Bl\u00e5 Kort\u00e4rmad"},"content":{"rendered":"<p>Chelsea FC 24-25-tr\u00f6jan \u00e4r den f\u00f6rsta i klubbens historia. Den kombinerar de traditionella f\u00e4rgerna bl\u00e5vitt och orange. Logotyperna p\u00e5 hemmatr\u00f6jan Chelsea 24-25 \u00e4r ljusbl\u00e5 och konturerade med \"Team Orange\". B\u00e5da har en 3D-effekt. Det som sticker ut \u00e4r en v\u00e5gig design som p\u00e5minner lite om effekten av en skumv\u00e5g.<\/p>\n<p>Tips f\u00f6r utskrift: Om namn och nummer p\u00e5 bilden \u00e4r exakt vad du vill ha, beh\u00f6ver du inte ange dem igen. Om inte, ska du ange \u00f6nskat namn och nummer.<\/p>\n<p>Tips f\u00f6r tv\u00e4tt: Det \u00e4r rekommenderat att tv\u00e4tta fotbollstr\u00f6jor f\u00f6r hand. Om du vill anv\u00e4nda tv\u00e4ttmaskinen ska du komma ih\u00e5g att v\u00e4nda fotbollstr\u00f6jorna ut och in och sedan tv\u00e4tta dem. Fyll maskinen med kallt vatten och anv\u00e4nd ett skonsamt program f\u00f6r att b\u00e4ttre skydda f\u00e4rgerna.<\/p>","protected":false},"excerpt":{"rendered":"<p>Chelsea FC 24-25-tr\u00f6jan \u00e4r den f\u00f6rsta i klubbens historia. Den kombinerar de traditionella f\u00e4rgerna bl\u00e5vitt och orange. Logotyperna p\u00e5 hemmatr\u00f6jan Chelsea 24-25 \u00e4r ljusbl\u00e5 och har en kontur med \"Team Orange\". B\u00e5da har en 3D-effekt. Det som sticker ut \u00e4r en v\u00e5gig design som p\u00e5minner lite om effekten av en skumv\u00e5g.<\/p>","protected":false},"featured_media":19251,"comment_status":"open","ping_status":"closed","template":"","meta":[],"product_brand":[],"product_cat":[72],"product_tag":[20,1280,831,832,163,24,94],"class_list":{"0":"post-19213","1":"product","2":"type-product","3":"status-publish","4":"has-post-thumbnail","6":"product_cat-chelsea","7":"product_tag-coole-fussballtrikots","8":"product_tag-chelsea-fc-24-25-trikot","9":"product_tag-chelsea-fussballtrikots-kinder","10":"product_tag-chelsea-trikot-fuer-kinder","11":"product_tag-chelsea-trikotsatz-fuer-kinder","12":"product_tag-guenstiges-fussballtrikot","13":"product_tag-kinder-fussball-trikotsatz","15":"first","16":"instock","17":"shipping-taxable","18":"purchasable","19":"product-type-variable"},"_links":{"self":[{"href":"https:\/\/www.billigtrikotde.com\/sv\/wp-json\/wp\/v2\/product\/19213","targetHints":{"allow":["GET"]}}],"collection":[{"href":"https:\/\/www.billigtrikotde.com\/sv\/wp-json\/wp\/v2\/product"}],"about":[{"href":"https:\/\/www.billigtrikotde.com\/sv\/wp-json\/wp\/v2\/types\/product"}],"replies":[{"embeddable":true,"href":"https:\/\/www.billigtrikotde.com\/sv\/wp-json\/wp\/v2\/comments?post=19213"}],"wp:featuredmedia":[{"embeddable":true,"href":"https:\/\/www.billigtrikotde.com\/sv\/wp-json\/wp\/v2\/media\/19251"}],"wp:attachment":[{"href":"https:\/\/www.billigtrikotde.com\/sv\/wp-json\/wp\/v2\/media?parent=19213"}],"wp:term":[{"taxonomy":"product_brand","embeddable":true,"href":"https:\/\/www.billigtrikotde.com\/sv\/wp-json\/wp\/v2\/product_brand?post=19213"},{"taxonomy":"product_cat","embeddable":true,"href":"https:\/\/www.billigtrikotde.com\/sv\/wp-json\/wp\/v2\/product_cat?post=19213"},{"taxonomy":"product_tag","embeddable":true,"href":"https:\/\/www.billigtrikotde.com\/sv\/wp-json\/wp\/v2\/product_tag?post=19213"}],"curies":[{"name":"wp","href":"https:\/\/api.w.org\/{rel}","templated":true}]}}