{"id":19174,"date":"2024-10-24T11:13:08","date_gmt":"2024-10-24T09:13:08","guid":{"rendered":"http:\/\/billigtrikots.com\/?post_type=product&#038;p=19174"},"modified":"2024-10-24T11:16:30","modified_gmt":"2024-10-24T09:16:30","slug":"herren-fussballtrikots-athletic-bilbao-auswaertstrikot-2024-25-nico-williams-11","status":"publish","type":"product","link":"https:\/\/www.billigtrikotde.com\/sv\/herren-fussballtrikots-athletic-bilbao-auswaertstrikot-2024-25-nico-williams-11\/","title":{"rendered":"Fotbollstr\u00f6jor f\u00f6r herrar Athletic Bilbao Bortatr\u00f6ja 2024-25 Nico Williams 11"},"content":{"rendered":"<p>Bortast\u00e4llet Castore Athletic Bilbao 24-25 har en kungsbl\u00e5 (\"Bilbao-bl\u00e5\" - \"Gabarra-bl\u00e5\") huvudf\u00e4rg, kombinerad med en gr\u00e5 krage med r\u00f6d kant. Sidorna p\u00e5 tr\u00f6jan \u00e4r ocks\u00e5 gr\u00e5 och r\u00f6da, och senast Bilbao anv\u00e4nde kungsbl\u00e5tt f\u00f6r sitt bortast\u00e4ll var s\u00e4songen 2018-19, med ett subtilt tryck p\u00e5 framsidan och en baskisk flagga i form av ett lejonhuvud p\u00e5 baksidan, vilket anspelar p\u00e5 att klubben \u00e4r \"Made in Euskal Herria\".<\/p>\n<p>Tips f\u00f6r utskrift: Om namn och nummer p\u00e5 bilden \u00e4r exakt vad du vill ha, beh\u00f6ver du inte ange dem igen. Om inte, ska du ange \u00f6nskat namn och nummer.<\/p>\n<p>Tips f\u00f6r tv\u00e4tt: Det \u00e4r rekommenderat att tv\u00e4tta fotbollstr\u00f6jor f\u00f6r hand. Om du vill anv\u00e4nda tv\u00e4ttmaskinen ska du komma ih\u00e5g att v\u00e4nda fotbollstr\u00f6jorna ut och in och sedan tv\u00e4tta dem. Fyll maskinen med kallt vatten och anv\u00e4nd ett skonsamt program f\u00f6r att b\u00e4ttre skydda f\u00e4rgerna.<\/p>","protected":false},"excerpt":{"rendered":"<p>Das Castore Athletic Bilbao 24-25 Ausw\u00e4rtstrikot hat eine k\u00f6nigsblaue (\u201eBilbao-Blau\u201c \u2013 \u201eGabarra-Blau\u201c) Hauptfarbe, kombiniert mit einem grauen Kragen mit roter Einfassung. Die Seiten des Trikots sind ebenfalls grau und rot.Das letzte Mal, dass Bilbao k\u00f6nigsblau f\u00fcr sein Ausw\u00e4rtstrikot verwendet hat, war in der Saison 2018-19,Auf der Vorderseite gibt es einen dezenten Aufdruck und auf der [&hellip;]<\/p>","protected":false},"featured_media":19219,"comment_status":"open","ping_status":"closed","template":"","meta":[],"product_brand":[],"product_cat":[909],"product_tag":[1278,910,911,20,574,21,22,23,24,1229],"class_list":{"0":"post-19174","1":"product","2":"type-product","3":"status-publish","4":"has-post-thumbnail","6":"product_cat-athletic-bilbao","7":"product_tag-athletic-bilbao-24-25-trikot","8":"product_tag-athletic-bilbao-fussballtrikot","9":"product_tag-athletic-bilbao-trikot","10":"product_tag-coole-fussballtrikots","11":"product_tag-fussballtrikot-deutschland","12":"product_tag-fussballtrikot-fuer-herren","13":"product_tag-fussballtrikot-guenstig-kaufen","14":"product_tag-fussballtrikot-kurzarm","15":"product_tag-guenstiges-fussballtrikot","16":"product_tag-nico-williams-trikots","18":"first","19":"instock","20":"shipping-taxable","21":"purchasable","22":"product-type-variable"},"_links":{"self":[{"href":"https:\/\/www.billigtrikotde.com\/sv\/wp-json\/wp\/v2\/product\/19174","targetHints":{"allow":["GET"]}}],"collection":[{"href":"https:\/\/www.billigtrikotde.com\/sv\/wp-json\/wp\/v2\/product"}],"about":[{"href":"https:\/\/www.billigtrikotde.com\/sv\/wp-json\/wp\/v2\/types\/product"}],"replies":[{"embeddable":true,"href":"https:\/\/www.billigtrikotde.com\/sv\/wp-json\/wp\/v2\/comments?post=19174"}],"wp:featuredmedia":[{"embeddable":true,"href":"https:\/\/www.billigtrikotde.com\/sv\/wp-json\/wp\/v2\/media\/19219"}],"wp:attachment":[{"href":"https:\/\/www.billigtrikotde.com\/sv\/wp-json\/wp\/v2\/media?parent=19174"}],"wp:term":[{"taxonomy":"product_brand","embeddable":true,"href":"https:\/\/www.billigtrikotde.com\/sv\/wp-json\/wp\/v2\/product_brand?post=19174"},{"taxonomy":"product_cat","embeddable":true,"href":"https:\/\/www.billigtrikotde.com\/sv\/wp-json\/wp\/v2\/product_cat?post=19174"},{"taxonomy":"product_tag","embeddable":true,"href":"https:\/\/www.billigtrikotde.com\/sv\/wp-json\/wp\/v2\/product_tag?post=19174"}],"curies":[{"name":"wp","href":"https:\/\/api.w.org\/{rel}","templated":true}]}}