{"id":19172,"date":"2024-10-24T11:13:06","date_gmt":"2024-10-24T09:13:06","guid":{"rendered":"http:\/\/billigtrikots.com\/?post_type=product&#038;p=19172"},"modified":"2024-10-24T11:15:55","modified_gmt":"2024-10-24T09:15:55","slug":"fussballtrikot-kinder-sale-athletic-bilbao-auswaertstrikot-2024-25-blau-trikotsatz","status":"publish","type":"product","link":"https:\/\/www.billigtrikotde.com\/sv\/fussballtrikot-kinder-sale-athletic-bilbao-auswaertstrikot-2024-25-blau-trikotsatz\/","title":{"rendered":"Fotbollstr\u00f6ja Barn Sale Athletic Bilbao Bortatr\u00f6ja 2024-25 bl\u00e5 kit"},"content":{"rendered":"<p>Castore Athletic Bilbao 24-25 bortatr\u00f6ja har en kungsbl\u00e5 (\"Bilbao-bl\u00e5\" \u2013 \"Gabarra-bl\u00e5\") huvudf\u00e4rg, kombinerat med en gr\u00e5 krage med r\u00f6d kant. Sidorna av tr\u00f6jan \u00e4r ocks\u00e5 gr\u00e5 och r\u00f6da. Senaste g\u00e5ngen Bilbao anv\u00e4nde kungsbl\u00e5tt f\u00f6r sin bortatr\u00f6ja var s\u00e4songen 2018-19. P\u00e5 framsidan finns ett diskret tryck och p\u00e5 baksidan en baskisk flagga i form av ett lejonhuvud, som anspelar p\u00e5 klubben \"Made in Euskal Herria\".<\/p>\n<p>Tips f\u00f6r utskrift: Om namn och nummer p\u00e5 bilden \u00e4r exakt vad du vill ha, beh\u00f6ver du inte ange dem igen. Om inte, ska du ange \u00f6nskat namn och nummer.<\/p>\n<p>Tips f\u00f6r tv\u00e4tt: Det \u00e4r rekommenderat att tv\u00e4tta fotbollstr\u00f6jor f\u00f6r hand. Om du vill anv\u00e4nda tv\u00e4ttmaskinen ska du komma ih\u00e5g att v\u00e4nda fotbollstr\u00f6jorna ut och in och sedan tv\u00e4tta dem. Fyll maskinen med kallt vatten och anv\u00e4nd ett skonsamt program f\u00f6r att b\u00e4ttre skydda f\u00e4rgerna.<\/p>","protected":false},"excerpt":{"rendered":"<p>Das Castore Athletic Bilbao 24-25 Ausw\u00e4rtstrikot hat eine k\u00f6nigsblaue (&#8222;Bilbao-Blau&#8220; &#8211; &#8222;Gabarra-Blau&#8220;) Hauptfarbe, kombiniert mit einem grauen Kragen mit roter Einfassung. Die Seiten des Trikots sind ebenfalls grau und rot.Das letzte Mal, dass Bilbao k\u00f6nigsblau f\u00fcr sein Ausw\u00e4rtstrikot verwendet hat, war in der Saison 2018-19,Auf der Vorderseite gibt es einen dezenten Aufdruck und auf der [&hellip;]<\/p>","protected":false},"featured_media":19218,"comment_status":"open","ping_status":"closed","template":"","meta":[],"product_brand":[],"product_cat":[1025],"product_tag":[1279,1278,1026,1027,20,574,23,24,94],"class_list":{"0":"post-19172","1":"product","2":"type-product","3":"status-publish","4":"has-post-thumbnail","6":"product_cat-athletic-bilbao-kindertrikot","7":"product_tag-athletic-bilbao-24-25-auswaertstrikot","8":"product_tag-athletic-bilbao-24-25-trikot","9":"product_tag-athletic-bilbao-fussballtrikots-kinder","10":"product_tag-athletic-bilbao-trikot-fuer-kinder","11":"product_tag-coole-fussballtrikots","12":"product_tag-fussballtrikot-deutschland","13":"product_tag-fussballtrikot-kurzarm","14":"product_tag-guenstiges-fussballtrikot","15":"product_tag-kinder-fussball-trikotsatz","17":"first","18":"instock","19":"shipping-taxable","20":"purchasable","21":"product-type-variable"},"_links":{"self":[{"href":"https:\/\/www.billigtrikotde.com\/sv\/wp-json\/wp\/v2\/product\/19172","targetHints":{"allow":["GET"]}}],"collection":[{"href":"https:\/\/www.billigtrikotde.com\/sv\/wp-json\/wp\/v2\/product"}],"about":[{"href":"https:\/\/www.billigtrikotde.com\/sv\/wp-json\/wp\/v2\/types\/product"}],"replies":[{"embeddable":true,"href":"https:\/\/www.billigtrikotde.com\/sv\/wp-json\/wp\/v2\/comments?post=19172"}],"wp:featuredmedia":[{"embeddable":true,"href":"https:\/\/www.billigtrikotde.com\/sv\/wp-json\/wp\/v2\/media\/19218"}],"wp:attachment":[{"href":"https:\/\/www.billigtrikotde.com\/sv\/wp-json\/wp\/v2\/media?parent=19172"}],"wp:term":[{"taxonomy":"product_brand","embeddable":true,"href":"https:\/\/www.billigtrikotde.com\/sv\/wp-json\/wp\/v2\/product_brand?post=19172"},{"taxonomy":"product_cat","embeddable":true,"href":"https:\/\/www.billigtrikotde.com\/sv\/wp-json\/wp\/v2\/product_cat?post=19172"},{"taxonomy":"product_tag","embeddable":true,"href":"https:\/\/www.billigtrikotde.com\/sv\/wp-json\/wp\/v2\/product_tag?post=19172"}],"curies":[{"name":"wp","href":"https:\/\/api.w.org\/{rel}","templated":true}]}}