{"id":19170,"date":"2024-10-24T11:13:04","date_gmt":"2024-10-24T09:13:04","guid":{"rendered":"http:\/\/billigtrikots.com\/?post_type=product&#038;p=19170"},"modified":"2024-10-24T11:15:54","modified_gmt":"2024-10-24T09:15:54","slug":"fussballtrikots-kinder-guenstig-athletic-bilbao-heimtrikotsatz-2024-2025","status":"publish","type":"product","link":"https:\/\/www.billigtrikotde.com\/sv\/fussballtrikots-kinder-guenstig-athletic-bilbao-heimtrikotsatz-2024-2025\/","title":{"rendered":"Fotbollstr\u00f6jor Barn Billiga Athletic Bilbao Hemmast\u00e4ll 2024 2025"},"content":{"rendered":"<p>Athletic Bilbao-tr\u00f6jan 2024-25 har en traditionell klassisk r\u00f6dvitrandig design med ett subtilt m\u00f6nster i de r\u00f6da r\u00e4nderna.denna grafik \u00e4r inspirerad av Ibaigane-palatset, en symbol f\u00f6r klubbens identitet k\u00e4nd f\u00f6r sin blandning av historisk och modern arkitektur.den runda kragen \u00e4r vit p\u00e5 framsidan och svart p\u00e5 baksidan. Den \u00f6vre delen av ryggen har en grafik som kombinerar den baskiska flaggan med ett lejonemblem.<\/p>\n<p>Tips f\u00f6r utskrift: Om namn och nummer p\u00e5 bilden \u00e4r exakt vad du vill ha, beh\u00f6ver du inte ange dem igen. Om inte, ska du ange \u00f6nskat namn och nummer.<\/p>\n<p>Tips f\u00f6r tv\u00e4tt: Det \u00e4r rekommenderat att tv\u00e4tta fotbollstr\u00f6jor f\u00f6r hand. Om du vill anv\u00e4nda tv\u00e4ttmaskinen ska du komma ih\u00e5g att v\u00e4nda fotbollstr\u00f6jorna ut och in och sedan tv\u00e4tta dem. Fyll maskinen med kallt vatten och anv\u00e4nd ett skonsamt program f\u00f6r att b\u00e4ttre skydda f\u00e4rgerna.<\/p>","protected":false},"excerpt":{"rendered":"<p>Das Athletic Bilbao 2024-25 Trikot hat ein traditionelles klassisches rot-wei\u00dfes Streifendesign mit einem dezenten Muster innerhalb der roten Streifen.Diese Grafik ist vom Ibaigane-Palast inspiriert, einem Symbol f\u00fcr die Identit\u00e4t des Vereins, das f\u00fcr seine Mischung aus historischer und moderner Architektur bekannt ist.Der Rundkragen ist auf der Vorderseite wei\u00df und auf der R\u00fcckseite schwarz. Auf dem [&hellip;]<\/p>","protected":false},"featured_media":19216,"comment_status":"open","ping_status":"closed","template":"","meta":[],"product_brand":[],"product_cat":[1025],"product_tag":[1278,1026,1027,20,574,23,24,94],"class_list":{"0":"post-19170","1":"product","2":"type-product","3":"status-publish","4":"has-post-thumbnail","6":"product_cat-athletic-bilbao-kindertrikot","7":"product_tag-athletic-bilbao-24-25-trikot","8":"product_tag-athletic-bilbao-fussballtrikots-kinder","9":"product_tag-athletic-bilbao-trikot-fuer-kinder","10":"product_tag-coole-fussballtrikots","11":"product_tag-fussballtrikot-deutschland","12":"product_tag-fussballtrikot-kurzarm","13":"product_tag-guenstiges-fussballtrikot","14":"product_tag-kinder-fussball-trikotsatz","16":"first","17":"instock","18":"shipping-taxable","19":"purchasable","20":"product-type-variable"},"_links":{"self":[{"href":"https:\/\/www.billigtrikotde.com\/sv\/wp-json\/wp\/v2\/product\/19170","targetHints":{"allow":["GET"]}}],"collection":[{"href":"https:\/\/www.billigtrikotde.com\/sv\/wp-json\/wp\/v2\/product"}],"about":[{"href":"https:\/\/www.billigtrikotde.com\/sv\/wp-json\/wp\/v2\/types\/product"}],"replies":[{"embeddable":true,"href":"https:\/\/www.billigtrikotde.com\/sv\/wp-json\/wp\/v2\/comments?post=19170"}],"wp:featuredmedia":[{"embeddable":true,"href":"https:\/\/www.billigtrikotde.com\/sv\/wp-json\/wp\/v2\/media\/19216"}],"wp:attachment":[{"href":"https:\/\/www.billigtrikotde.com\/sv\/wp-json\/wp\/v2\/media?parent=19170"}],"wp:term":[{"taxonomy":"product_brand","embeddable":true,"href":"https:\/\/www.billigtrikotde.com\/sv\/wp-json\/wp\/v2\/product_brand?post=19170"},{"taxonomy":"product_cat","embeddable":true,"href":"https:\/\/www.billigtrikotde.com\/sv\/wp-json\/wp\/v2\/product_cat?post=19170"},{"taxonomy":"product_tag","embeddable":true,"href":"https:\/\/www.billigtrikotde.com\/sv\/wp-json\/wp\/v2\/product_tag?post=19170"}],"curies":[{"name":"wp","href":"https:\/\/api.w.org\/{rel}","templated":true}]}}