{"id":19098,"date":"2024-10-24T11:09:29","date_gmt":"2024-10-24T09:09:29","guid":{"rendered":"http:\/\/billigtrikots.com\/?post_type=product&#038;p=19098"},"modified":"2025-04-26T09:57:12","modified_gmt":"2025-04-26T07:57:12","slug":"neue-fussballtrikot-atletico-madrid-heimtrikot-2024-25-fuer-kinder","status":"publish","type":"product","link":"https:\/\/www.billigtrikotde.com\/sv\/neue-fussballtrikot-atletico-madrid-heimtrikot-2024-25-fuer-kinder\/","title":{"rendered":"Ny Atletico Madrid Hemmatr\u00f6ja 2024-25 f\u00f6r Barn"},"content":{"rendered":"<p>Nya 2024-25 Atl\u00e9tico de Madrid-fotbollstr\u00f6jan har en unik tolkning av klubbens klassiska r\u00f6da och vita r\u00e4nder. Atl\u00e9tico Madrid 24-25-tr\u00f6jan \u00e4r huvudsakligen r\u00f6d med unika vita r\u00e4nder och en bl\u00e5 kant p\u00e5 utsidan. Inom r\u00e4nderna finns det v\u00e4xlande bl\u00e5a och r\u00f6da linjer med en fade-effekt som skapar ett unikt utseende.<\/p>\n<p>Tips f\u00f6r utskrift: Om namn och nummer p\u00e5 bilden \u00e4r exakt vad du vill ha, beh\u00f6ver du inte ange dem igen. Om inte, ska du ange \u00f6nskat namn och nummer.<\/p>\n<p>Tips f\u00f6r tv\u00e4tt: Det \u00e4r rekommenderat att tv\u00e4tta fotbollstr\u00f6jor f\u00f6r hand. Om du vill anv\u00e4nda tv\u00e4ttmaskinen ska du komma ih\u00e5g att v\u00e4nda fotbollstr\u00f6jorna ut och in och sedan tv\u00e4tta dem. Fyll maskinen med kallt vatten och anv\u00e4nd ett skonsamt program f\u00f6r att b\u00e4ttre skydda f\u00e4rgerna.<\/p>","protected":false},"excerpt":{"rendered":"<p>Nya 2024-25 Atl\u00e9tico de Madrid-fotbollstr\u00f6jan har en unik tolkning av klubbens klassiska r\u00f6da och vita r\u00e4nder. Atl\u00e9tico Madrid 24-25-tr\u00f6jan \u00e4r huvudsakligen r\u00f6d med unika vita r\u00e4nder och en bl\u00e5 kant p\u00e5 utsidan. Inom r\u00e4nderna finns det v\u00e4xlande bl\u00e5a och r\u00f6da linjer med en fade-effekt som skapar ett unikt utseende.<\/p>","protected":false},"featured_media":19151,"comment_status":"open","ping_status":"closed","template":"","meta":[],"product_brand":[],"product_cat":[157],"product_tag":[868,869,158,20,215,94],"class_list":{"0":"post-19098","1":"product","2":"type-product","3":"status-publish","4":"has-post-thumbnail","6":"product_cat-atletico-madrid-kindertrikot","7":"product_tag-atletico-madrid-fussballtrikots-kinder","8":"product_tag-atletico-madrid-trikot-fuer-kinder","9":"product_tag-atletico-madrid-trikotsatz-fuer-kinder","10":"product_tag-coole-fussballtrikots","11":"product_tag-fussball-trikot-kurzarm","12":"product_tag-kinder-fussball-trikotsatz","14":"first","15":"instock","16":"shipping-taxable","17":"purchasable","18":"product-type-variable"},"_links":{"self":[{"href":"https:\/\/www.billigtrikotde.com\/sv\/wp-json\/wp\/v2\/product\/19098","targetHints":{"allow":["GET"]}}],"collection":[{"href":"https:\/\/www.billigtrikotde.com\/sv\/wp-json\/wp\/v2\/product"}],"about":[{"href":"https:\/\/www.billigtrikotde.com\/sv\/wp-json\/wp\/v2\/types\/product"}],"replies":[{"embeddable":true,"href":"https:\/\/www.billigtrikotde.com\/sv\/wp-json\/wp\/v2\/comments?post=19098"}],"wp:featuredmedia":[{"embeddable":true,"href":"https:\/\/www.billigtrikotde.com\/sv\/wp-json\/wp\/v2\/media\/19151"}],"wp:attachment":[{"href":"https:\/\/www.billigtrikotde.com\/sv\/wp-json\/wp\/v2\/media?parent=19098"}],"wp:term":[{"taxonomy":"product_brand","embeddable":true,"href":"https:\/\/www.billigtrikotde.com\/sv\/wp-json\/wp\/v2\/product_brand?post=19098"},{"taxonomy":"product_cat","embeddable":true,"href":"https:\/\/www.billigtrikotde.com\/sv\/wp-json\/wp\/v2\/product_cat?post=19098"},{"taxonomy":"product_tag","embeddable":true,"href":"https:\/\/www.billigtrikotde.com\/sv\/wp-json\/wp\/v2\/product_tag?post=19098"}],"curies":[{"name":"wp","href":"https:\/\/api.w.org\/{rel}","templated":true}]}}