{"id":19082,"date":"2024-10-24T11:08:49","date_gmt":"2024-10-24T09:08:49","guid":{"rendered":"http:\/\/billigtrikots.com\/?post_type=product&#038;p=19082"},"modified":"2024-10-24T11:11:11","modified_gmt":"2024-10-24T09:11:11","slug":"trikot-set-kinder-sale-england-heimtrikot-em-2024-bukayo-saka-7","status":"publish","type":"product","link":"https:\/\/www.billigtrikotde.com\/sv\/trikot-set-kinder-sale-england-heimtrikot-em-2024-bukayo-saka-7\/","title":{"rendered":"Tr\u00f6ja Set Kids Sale England Hemmatr\u00f6ja EM 2024 Bukayo Saka 7"},"content":{"rendered":"<p>England Euro 2024-tr\u00f6jan \u00e4r en stor f\u00f6r\u00e4ndring fr\u00e5n de tidigare England-hemmatr\u00f6jorna. England 2024 fotbollstr\u00f6ja kombinerar landets klassiska vita med en m\u00f6rk marinbl\u00e5 och r\u00f6dbrun \/ ljusr\u00f6d detaljering. Den anv\u00e4nder en specialkonstruerad krage som \u00e4r en kombination av en klassisk V-krage och en polokrage, och manschetterna p\u00e5 England 2024 hemmast\u00e4ll \u00e4r f\u00e4rdiga med eleganta marinbl\u00e5 \/ ljusr\u00f6da \/ r\u00f6dbruna r\u00e4nder.<\/p>\n<p>Tips f\u00f6r utskrift: Om namn och nummer p\u00e5 bilden \u00e4r exakt vad du vill ha, beh\u00f6ver du inte ange dem igen. Om inte, ska du ange \u00f6nskat namn och nummer.<\/p>\n<p>Tips f\u00f6r tv\u00e4tt: Det \u00e4r rekommenderat att tv\u00e4tta fotbollstr\u00f6jor f\u00f6r hand. Om du vill anv\u00e4nda tv\u00e4ttmaskinen ska du komma ih\u00e5g att v\u00e4nda fotbollstr\u00f6jorna ut och in och sedan tv\u00e4tta dem. Fyll maskinen med kallt vatten och anv\u00e4nd ett skonsamt program f\u00f6r att b\u00e4ttre skydda f\u00e4rgerna.<\/p>","protected":false},"excerpt":{"rendered":"<p>Das England Euro 2024 Trikot ist eine starke Ver\u00e4nderung gegen\u00fcber den bisherigen England Heimtrikots. Das England 2024 Fu\u00dfballtrikot kombiniert das klassische Wei\u00df des Landes mit einem dunklen Marineblau und kastanienbraunen\/hellroten Details. It verwendet einen speziell konstruierten Kragen, der eine Kombination aus einem klassischen V-Kragen und einem Polokragen ist.Die \u00c4rmelb\u00fcndchen des England 2024 Heimtrikots sind mit [&hellip;]<\/p>","protected":false},"featured_media":19129,"comment_status":"open","ping_status":"closed","template":"","meta":[],"product_brand":[],"product_cat":[1096],"product_tag":[20,1256,1257,1076,1235,22,23,1258,24],"class_list":{"0":"post-19082","1":"product","2":"type-product","3":"status-publish","4":"has-post-thumbnail","6":"product_cat-em-2024-england","7":"product_tag-coole-fussballtrikots","8":"product_tag-bukayo-saka-trikot-kinder-kaufen","9":"product_tag-bukayo-saka-trikots","10":"product_tag-em-2024-trikot","11":"product_tag-england-em-2024-trikot-kinder-kaufen","12":"product_tag-fussballtrikot-guenstig-kaufen","13":"product_tag-fussballtrikot-kurzarm","14":"product_tag-guenstige-bukayo-saka-trikot-kinder","15":"product_tag-guenstiges-fussballtrikot","17":"first","18":"instock","19":"shipping-taxable","20":"purchasable","21":"product-type-variable"},"_links":{"self":[{"href":"https:\/\/www.billigtrikotde.com\/sv\/wp-json\/wp\/v2\/product\/19082","targetHints":{"allow":["GET"]}}],"collection":[{"href":"https:\/\/www.billigtrikotde.com\/sv\/wp-json\/wp\/v2\/product"}],"about":[{"href":"https:\/\/www.billigtrikotde.com\/sv\/wp-json\/wp\/v2\/types\/product"}],"replies":[{"embeddable":true,"href":"https:\/\/www.billigtrikotde.com\/sv\/wp-json\/wp\/v2\/comments?post=19082"}],"wp:featuredmedia":[{"embeddable":true,"href":"https:\/\/www.billigtrikotde.com\/sv\/wp-json\/wp\/v2\/media\/19129"}],"wp:attachment":[{"href":"https:\/\/www.billigtrikotde.com\/sv\/wp-json\/wp\/v2\/media?parent=19082"}],"wp:term":[{"taxonomy":"product_brand","embeddable":true,"href":"https:\/\/www.billigtrikotde.com\/sv\/wp-json\/wp\/v2\/product_brand?post=19082"},{"taxonomy":"product_cat","embeddable":true,"href":"https:\/\/www.billigtrikotde.com\/sv\/wp-json\/wp\/v2\/product_cat?post=19082"},{"taxonomy":"product_tag","embeddable":true,"href":"https:\/\/www.billigtrikotde.com\/sv\/wp-json\/wp\/v2\/product_tag?post=19082"}],"curies":[{"name":"wp","href":"https:\/\/api.w.org\/{rel}","templated":true}]}}