{"id":18941,"date":"2024-10-24T11:03:07","date_gmt":"2024-10-24T09:03:07","guid":{"rendered":"http:\/\/billigtrikots.com\/?post_type=product&#038;p=18941"},"modified":"2024-10-24T11:04:22","modified_gmt":"2024-10-24T09:04:22","slug":"spanien-auswaertstrikot-em-2024-guenstige-fussball-trikotsatz-alvaro-morata-7","status":"publish","type":"product","link":"https:\/\/www.billigtrikotde.com\/sv\/spanien-auswaertstrikot-em-2024-guenstige-fussball-trikotsatz-alvaro-morata-7\/","title":{"rendered":"Spanien bortast\u00e4ll EM 2024 Billiga Fotbollstr\u00f6jor Alvaro Morata 7"},"content":{"rendered":"<p>Bortast\u00e4llet Spanien 2024 har en fr\u00e4sch och i\u00f6gonfallande f\u00e4rgkombination. Den \u00e4r huvudsakligen ljus neongul, m\u00f6jligen inspirerad av landets sanddyner, och en unik egenskap hos Spanien Euro 2024 bortast\u00e4ll \u00e4r panelerna - de ljusbl\u00e5 panelerna har en sanddyngrafik.<\/p>\n<p>Tips f\u00f6r utskrift: Om namn och nummer p\u00e5 bilden \u00e4r exakt vad du vill ha, beh\u00f6ver du inte ange dem igen. Om inte, ska du ange \u00f6nskat namn och nummer.<\/p>\n<p>Tips f\u00f6r tv\u00e4tt: Det \u00e4r rekommenderat att tv\u00e4tta fotbollstr\u00f6jor f\u00f6r hand. Om du vill anv\u00e4nda tv\u00e4ttmaskinen ska du komma ih\u00e5g att v\u00e4nda fotbollstr\u00f6jorna ut och in och sedan tv\u00e4tta dem. Fyll maskinen med kallt vatten och anv\u00e4nd ett skonsamt program f\u00f6r att b\u00e4ttre skydda f\u00e4rgerna.<\/p>","protected":false},"excerpt":{"rendered":"<p>Spanien 2024 borta-tr\u00f6jan har en fr\u00e4sch och i\u00f6gonfallande f\u00e4rgkombination. Den \u00e4r framf\u00f6r allt blekt neongul, m\u00f6jligen inspirerad av sanddynerna i landet. Ett unikt k\u00e4nnetecken f\u00f6r Spanien Euro 2024 borta-tr\u00f6jan \u00e4r panelerna \u2013 de ljusbl\u00e5 panelerna \u00e4r m\u00e4rka med en sanddynegrafik. Tips f\u00f6r tryckningen: Om namnet och numret ligger exakt p\u00e5 bilden [\u2026]<\/p>","protected":false},"featured_media":18966,"comment_status":"closed","ping_status":"closed","template":"","meta":[],"product_brand":[],"product_cat":[1079],"product_tag":[1228,20,1076,22,23,24],"class_list":{"0":"post-18941","1":"product","2":"type-product","3":"status-publish","4":"has-post-thumbnail","6":"product_cat-em-2024-spanien","7":"product_tag-alvaro-morata-trikots","8":"product_tag-coole-fussballtrikots","9":"product_tag-em-2024-trikot","10":"product_tag-fussballtrikot-guenstig-kaufen","11":"product_tag-fussballtrikot-kurzarm","12":"product_tag-guenstiges-fussballtrikot","14":"first","15":"instock","16":"purchasable","17":"product-type-variable"},"_links":{"self":[{"href":"https:\/\/www.billigtrikotde.com\/sv\/wp-json\/wp\/v2\/product\/18941","targetHints":{"allow":["GET"]}}],"collection":[{"href":"https:\/\/www.billigtrikotde.com\/sv\/wp-json\/wp\/v2\/product"}],"about":[{"href":"https:\/\/www.billigtrikotde.com\/sv\/wp-json\/wp\/v2\/types\/product"}],"replies":[{"embeddable":true,"href":"https:\/\/www.billigtrikotde.com\/sv\/wp-json\/wp\/v2\/comments?post=18941"}],"wp:featuredmedia":[{"embeddable":true,"href":"https:\/\/www.billigtrikotde.com\/sv\/wp-json\/wp\/v2\/media\/18966"}],"wp:attachment":[{"href":"https:\/\/www.billigtrikotde.com\/sv\/wp-json\/wp\/v2\/media?parent=18941"}],"wp:term":[{"taxonomy":"product_brand","embeddable":true,"href":"https:\/\/www.billigtrikotde.com\/sv\/wp-json\/wp\/v2\/product_brand?post=18941"},{"taxonomy":"product_cat","embeddable":true,"href":"https:\/\/www.billigtrikotde.com\/sv\/wp-json\/wp\/v2\/product_cat?post=18941"},{"taxonomy":"product_tag","embeddable":true,"href":"https:\/\/www.billigtrikotde.com\/sv\/wp-json\/wp\/v2\/product_tag?post=18941"}],"curies":[{"name":"wp","href":"https:\/\/api.w.org\/{rel}","templated":true}]}}