{"id":1894,"date":"2024-10-23T13:50:31","date_gmt":"2024-10-23T11:50:31","guid":{"rendered":"http:\/\/billigtrikots.com\/?post_type=product&#038;p=1894"},"modified":"2024-10-23T13:52:33","modified_gmt":"2024-10-23T11:52:33","slug":"bvb-borussia-dortmund-trikot-home-herren-2022-balerdi-18-gelb-schwarz-trikotsatz","status":"publish","type":"product","link":"https:\/\/www.billigtrikotde.com\/sv\/bvb-borussia-dortmund-trikot-home-herren-2022-balerdi-18-gelb-schwarz-trikotsatz\/","title":{"rendered":"BVB Borussia Dortmund Tr\u00f6ja Hemma Herr 2022 Balerdi 18# Gult Svart tr\u00f6jset"},"content":{"rendered":"<p>Ge allt med P-uma Borussia Dortmund 21\/22 Hemmatr\u00f6jan, som har en n\u00e5got l\u00f6sare passform som \u00e4r speciellt utvecklad f\u00f6r fans.<\/p>\n<p>Inspirerad av klubbens ber\u00f6mda Champions League-seger 1997 f\u00f6rkroppsligar P-uma Borussia Dortmund 21\/22 Hemmatr\u00f6jan andan av outsidern Karl-Heinz Riedle och Co. med svarta axelpartier och randiga \u00e4rmar, som efterliknar tr\u00f6jan och strumporna fr\u00e5n finalen 1997.<\/p>\n<p>Standardversionen av tr\u00f6jan \u00e4r utvecklad f\u00f6r komfort p\u00e5 och utanf\u00f6r planen och har den senaste svettavledande teknologin som h\u00e5ller dig fr\u00e4sch. Den avslappnade passformen g\u00f6r den ocks\u00e5 perfekt f\u00f6r fritiden.<\/p>\n<p>Tips f\u00f6r utskrift: Om namn och nummer p\u00e5 bilden \u00e4r exakt vad du vill ha, beh\u00f6ver du inte ange dem igen. Om inte, ska du ange \u00f6nskat namn och nummer.<\/p>\n<p>Tips f\u00f6r tv\u00e4tt: Det \u00e4r rekommenderat att tv\u00e4tta fotbollstr\u00f6jor f\u00f6r hand. Om du vill anv\u00e4nda tv\u00e4ttmaskinen ska du komma ih\u00e5g att v\u00e4nda fotbollstr\u00f6jorna ut och in och sedan tv\u00e4tta dem. Fyll maskinen med kallt vatten och anv\u00e4nd ett skonsamt program f\u00f6r att b\u00e4ttre skydda f\u00e4rgerna.<\/p>","protected":false},"excerpt":{"rendered":"<p>Gib alles mit dem P-uma Borussia Dortmund 21\/22 Heimtrikot, das eine etwas lockerere Passform hat die speziell f\u00fcr Fans entwickelt wurde. Inspiriert vom ber\u00fchmten Champions-League-Triumph des Vereins im Jahr 1997 verk\u00f6rpert das P-uma Borussia Dortmund 21\/22 Heimtrikot den Au\u00dfenseitergeist von Karl-Heinz Riedle und Co. mit schwarzen Schulterpartien und gestreiften \u00c4rmeln, die das Trikot und die [&hellip;]<\/p>","protected":false},"featured_media":1931,"comment_status":"open","ping_status":"closed","template":"","meta":[],"product_brand":[],"product_cat":[63],"product_tag":[20,65,66,67,21,22,23,24],"class_list":{"0":"post-1894","1":"product","2":"type-product","3":"status-publish","4":"has-post-thumbnail","6":"product_cat-borussia-dortmund","7":"product_tag-coole-fussballtrikots","8":"product_tag-borussia-dortmund-trikots","9":"product_tag-bvb-trikots","10":"product_tag-fussball-trikotsatz","11":"product_tag-fussballtrikot-fuer-herren","12":"product_tag-fussballtrikot-guenstig-kaufen","13":"product_tag-fussballtrikot-kurzarm","14":"product_tag-guenstiges-fussballtrikot","16":"first","17":"instock","18":"shipping-taxable","19":"purchasable","20":"product-type-variable"},"_links":{"self":[{"href":"https:\/\/www.billigtrikotde.com\/sv\/wp-json\/wp\/v2\/product\/1894","targetHints":{"allow":["GET"]}}],"collection":[{"href":"https:\/\/www.billigtrikotde.com\/sv\/wp-json\/wp\/v2\/product"}],"about":[{"href":"https:\/\/www.billigtrikotde.com\/sv\/wp-json\/wp\/v2\/types\/product"}],"replies":[{"embeddable":true,"href":"https:\/\/www.billigtrikotde.com\/sv\/wp-json\/wp\/v2\/comments?post=1894"}],"wp:featuredmedia":[{"embeddable":true,"href":"https:\/\/www.billigtrikotde.com\/sv\/wp-json\/wp\/v2\/media\/1931"}],"wp:attachment":[{"href":"https:\/\/www.billigtrikotde.com\/sv\/wp-json\/wp\/v2\/media?parent=1894"}],"wp:term":[{"taxonomy":"product_brand","embeddable":true,"href":"https:\/\/www.billigtrikotde.com\/sv\/wp-json\/wp\/v2\/product_brand?post=1894"},{"taxonomy":"product_cat","embeddable":true,"href":"https:\/\/www.billigtrikotde.com\/sv\/wp-json\/wp\/v2\/product_cat?post=1894"},{"taxonomy":"product_tag","embeddable":true,"href":"https:\/\/www.billigtrikotde.com\/sv\/wp-json\/wp\/v2\/product_tag?post=1894"}],"curies":[{"name":"wp","href":"https:\/\/api.w.org\/{rel}","templated":true}]}}