{"id":18904,"date":"2024-10-24T11:01:36","date_gmt":"2024-10-24T09:01:36","guid":{"rendered":"http:\/\/billigtrikots.com\/?post_type=product&#038;p=18904"},"modified":"2024-10-24T11:02:52","modified_gmt":"2024-10-24T09:02:52","slug":"fussballtrikot-outlet-kinder-england-euro-2024-auswaertstrikot-kieran-trippier-12","status":"publish","type":"product","link":"https:\/\/www.billigtrikotde.com\/sv\/fussballtrikot-outlet-kinder-england-euro-2024-auswaertstrikot-kieran-trippier-12\/","title":{"rendered":"Fotbollstr\u00f6ja Outlet Barn England Euro 2024 Bortatr\u00f6ja Kieran Trippier 12"},"content":{"rendered":"<p>England Euro 2024 bortatr\u00f6ja har en m\u00f6rk, ljus r\u00f6dbrun f\u00e4rg, kallad \"Dark Raisin\", kombinerad med \"Sesame\" f\u00f6r logotyperna, som \u00e4r en gyllene nyans.Det som g\u00f6r England 2024 bortatr\u00f6ja s\u00e5 speciell \u00e4r den flerf\u00e4rgade designen p\u00e5 b\u00e5da sidor. P\u00e5 insidan av kragen finns S:t George-korset, som \u00e4r designat i samma f\u00e4rger som sidor\u00e4nderna.<\/p>\n<p>Tips f\u00f6r utskrift: Om namn och nummer p\u00e5 bilden \u00e4r exakt vad du vill ha, beh\u00f6ver du inte ange dem igen. Om inte, ska du ange \u00f6nskat namn och nummer.<\/p>\n<p>Tips f\u00f6r tv\u00e4tt: Det \u00e4r rekommenderat att tv\u00e4tta fotbollstr\u00f6jor f\u00f6r hand. Om du vill anv\u00e4nda tv\u00e4ttmaskinen ska du komma ih\u00e5g att v\u00e4nda fotbollstr\u00f6jorna ut och in och sedan tv\u00e4tta dem. Fyll maskinen med kallt vatten och anv\u00e4nd ett skonsamt program f\u00f6r att b\u00e4ttre skydda f\u00e4rgerna.<\/p>","protected":false},"excerpt":{"rendered":"<p>Das England Euro 2024 Ausw\u00e4rtstrikot zeigt ein dunkles, helles Kastanienbraun, genannt \u201eDark Raisin\u201c, kombiniert mit \u201eSesame\u201c f\u00fcr die Logos, was ein goldfarbener Farbton ist.Was das England 2024 Ausw\u00e4rtstrikot so besonders macht, ist das mehrfarbige Design auf beiden Seiten. Auf der Innenseite des Kragens befindet sich das St.-Georgs-Kreuz, das in denselben Farben wie die Seitenstreifen gestaltet [&hellip;]<\/p>","protected":false},"featured_media":18929,"comment_status":"closed","ping_status":"closed","template":"","meta":[],"product_brand":[],"product_cat":[1096],"product_tag":[20,1076,22,23,24,1224],"class_list":{"0":"post-18904","1":"product","2":"type-product","3":"status-publish","4":"has-post-thumbnail","6":"product_cat-em-2024-england","7":"product_tag-coole-fussballtrikots","8":"product_tag-em-2024-trikot","9":"product_tag-fussballtrikot-guenstig-kaufen","10":"product_tag-fussballtrikot-kurzarm","11":"product_tag-guenstiges-fussballtrikot","12":"product_tag-kieran-trippier-trikots","14":"first","15":"instock","16":"purchasable","17":"product-type-variable"},"_links":{"self":[{"href":"https:\/\/www.billigtrikotde.com\/sv\/wp-json\/wp\/v2\/product\/18904","targetHints":{"allow":["GET"]}}],"collection":[{"href":"https:\/\/www.billigtrikotde.com\/sv\/wp-json\/wp\/v2\/product"}],"about":[{"href":"https:\/\/www.billigtrikotde.com\/sv\/wp-json\/wp\/v2\/types\/product"}],"replies":[{"embeddable":true,"href":"https:\/\/www.billigtrikotde.com\/sv\/wp-json\/wp\/v2\/comments?post=18904"}],"wp:featuredmedia":[{"embeddable":true,"href":"https:\/\/www.billigtrikotde.com\/sv\/wp-json\/wp\/v2\/media\/18929"}],"wp:attachment":[{"href":"https:\/\/www.billigtrikotde.com\/sv\/wp-json\/wp\/v2\/media?parent=18904"}],"wp:term":[{"taxonomy":"product_brand","embeddable":true,"href":"https:\/\/www.billigtrikotde.com\/sv\/wp-json\/wp\/v2\/product_brand?post=18904"},{"taxonomy":"product_cat","embeddable":true,"href":"https:\/\/www.billigtrikotde.com\/sv\/wp-json\/wp\/v2\/product_cat?post=18904"},{"taxonomy":"product_tag","embeddable":true,"href":"https:\/\/www.billigtrikotde.com\/sv\/wp-json\/wp\/v2\/product_tag?post=18904"}],"curies":[{"name":"wp","href":"https:\/\/api.w.org\/{rel}","templated":true}]}}