{"id":18826,"date":"2024-10-24T10:57:18","date_gmt":"2024-10-24T08:57:18","guid":{"rendered":"http:\/\/billigtrikots.com\/?post_type=product&#038;p=18826"},"modified":"2024-10-24T11:00:02","modified_gmt":"2024-10-24T09:00:02","slug":"damen-frankreichs-trikots-fuer-die-europameisterschaft-2024-auswaertstrikot-ibrahima-konate-24","status":"publish","type":"product","link":"https:\/\/www.billigtrikotde.com\/sv\/damen-frankreichs-trikots-fuer-die-europameisterschaft-2024-auswaertstrikot-ibrahima-konate-24\/","title":{"rendered":"Frankrikes damdr\u00e4kter f\u00f6r Europam\u00e4sterskapet 2024 bortadr\u00e4kt Ibrahima Konate 24"},"content":{"rendered":"<p>Den <strong>Frankrike Euro 2024 bortast\u00e4ll<\/strong> kombinerar en vit basf\u00e4rg med en kungsbl\u00e5. Den mest sl\u00e5ende egenskapen \u00e4r kritstrecksdesignen - den g\u00e5r fr\u00e5n bl\u00e5tt (h\u00f6ger sida) till r\u00f6tt (v\u00e4nster sida).Frankrike Euro 2024 bortatr\u00f6ja har en bl\u00e5 krage och bl\u00e5 manschetter.Det som sticker ut p\u00e5 framsidan \u00e4r det stora, fullf\u00e4rgade Frankrike-vapnet, som kommer att anv\u00e4ndas f\u00f6r f\u00f6rsta g\u00e5ngen vid Euro 2024 och kan anv\u00e4ndas efter turneringen.<\/p>\n<p>B\u00e5de hemma- och bortatr\u00f6jorna f\u00f6r EM i Frankrike 2024 kommer att ha ett nytt f\u00e4rgat vapen i ett stort format som \u00e4r st\u00f6rre \u00e4n p\u00e5 de tidigare Frankrike-tr\u00f6jorna. Omr\u00e5det f\u00f6r Frankrikes emblem kommer dock att forts\u00e4tta att f\u00f6lja FIFA:s regler f\u00f6r tr\u00f6jor.<\/p>\n<p>Tips f\u00f6r utskrift: Om namn och nummer p\u00e5 bilden \u00e4r exakt vad du vill ha, beh\u00f6ver du inte ange dem igen. Om inte, ska du ange \u00f6nskat namn och nummer.<\/p>\n<p>Tips f\u00f6r tv\u00e4tt: Det \u00e4r rekommenderat att tv\u00e4tta fotbollstr\u00f6jor f\u00f6r hand. Om du vill anv\u00e4nda tv\u00e4ttmaskinen ska du komma ih\u00e5g att v\u00e4nda fotbollstr\u00f6jorna ut och in och sedan tv\u00e4tta dem. Fyll maskinen med kallt vatten och anv\u00e4nd ett skonsamt program f\u00f6r att b\u00e4ttre skydda f\u00e4rgerna.<\/p>","protected":false},"excerpt":{"rendered":"<p>Das Frankreich Euro 2024 Ausw\u00e4rtstrikot kombiniert eine wei\u00dfe Grundfarbe mit einem K\u00f6nigsblau. Am auff\u00e4lligsten ist das Nadelstreifendesign \u2013 es geht von Blau (rechte Seite) zu Rot (linke Seite).Das Frankreich Euro 2024 Ausw\u00e4rtstrikot hat einen blauen Kragen und blaue \u00c4rmelb\u00fcndchen.Was auf der Vorderseite auff\u00e4llt, ist das riesige, vollfarbige Frankreich-Wappen, das erstmals bei der Euro 2024 zum [\u2026]<\/p>","protected":false},"featured_media":18867,"comment_status":"open","ping_status":"closed","template":"","meta":[],"product_brand":[],"product_cat":[1098],"product_tag":[20,1076,1214,1099,22,23,1215,24,1216],"class_list":{"0":"post-18826","1":"product","2":"type-product","3":"status-publish","4":"has-post-thumbnail","6":"product_cat-em-2024-frankreich","7":"product_tag-coole-fussballtrikots","8":"product_tag-em-2024-trikot","9":"product_tag-em-2024-trikot-damen","10":"product_tag-frankreich-trikot-em-2024","11":"product_tag-fussballtrikot-guenstig-kaufen","12":"product_tag-fussballtrikot-kurzarm","13":"product_tag-guenstige-fussballtrikots-damen","14":"product_tag-guenstiges-fussballtrikot","15":"product_tag-ibrahima-konate-trikot","17":"first","18":"instock","19":"shipping-taxable","20":"purchasable","21":"product-type-variable"},"_links":{"self":[{"href":"https:\/\/www.billigtrikotde.com\/sv\/wp-json\/wp\/v2\/product\/18826","targetHints":{"allow":["GET"]}}],"collection":[{"href":"https:\/\/www.billigtrikotde.com\/sv\/wp-json\/wp\/v2\/product"}],"about":[{"href":"https:\/\/www.billigtrikotde.com\/sv\/wp-json\/wp\/v2\/types\/product"}],"replies":[{"embeddable":true,"href":"https:\/\/www.billigtrikotde.com\/sv\/wp-json\/wp\/v2\/comments?post=18826"}],"wp:featuredmedia":[{"embeddable":true,"href":"https:\/\/www.billigtrikotde.com\/sv\/wp-json\/wp\/v2\/media\/18867"}],"wp:attachment":[{"href":"https:\/\/www.billigtrikotde.com\/sv\/wp-json\/wp\/v2\/media?parent=18826"}],"wp:term":[{"taxonomy":"product_brand","embeddable":true,"href":"https:\/\/www.billigtrikotde.com\/sv\/wp-json\/wp\/v2\/product_brand?post=18826"},{"taxonomy":"product_cat","embeddable":true,"href":"https:\/\/www.billigtrikotde.com\/sv\/wp-json\/wp\/v2\/product_cat?post=18826"},{"taxonomy":"product_tag","embeddable":true,"href":"https:\/\/www.billigtrikotde.com\/sv\/wp-json\/wp\/v2\/product_tag?post=18826"}],"curies":[{"name":"wp","href":"https:\/\/api.w.org\/{rel}","templated":true}]}}