{"id":18821,"date":"2024-10-24T10:56:49","date_gmt":"2024-10-24T08:56:49","guid":{"rendered":"http:\/\/billigtrikots.com\/?post_type=product&#038;p=18821"},"modified":"2024-10-24T11:00:01","modified_gmt":"2024-10-24T09:00:01","slug":"fussballtrikot-damen-paris-saint-germain-psg-heimtrikot-2024-25-kurzarm","status":"publish","type":"product","link":"https:\/\/www.billigtrikotde.com\/sv\/fussballtrikot-damen-paris-saint-germain-psg-heimtrikot-2024-25-kurzarm\/","title":{"rendered":"Damtr\u00f6ja Paris Saint-Germain PSG Hemmatr\u00f6ja 2024-25 Kort\u00e4rmad"},"content":{"rendered":"<p>Den <strong>PSG 2024-25 tr\u00f6ja<\/strong> \u00e5terv\u00e4nder till klubbens klassiska Hechter. Den senaste Paris Saint-Germain-tr\u00f6jan som hade en klassisk Hechter var 2020-21-tr\u00f6jan.<\/p>\n<p>Tips f\u00f6r utskrift: Om namn och nummer p\u00e5 bilden \u00e4r exakt vad du vill ha, beh\u00f6ver du inte ange dem igen. Om inte, ska du ange \u00f6nskat namn och nummer.<\/p>\n<p>Tips f\u00f6r tv\u00e4tt: Det \u00e4r rekommenderat att tv\u00e4tta fotbollstr\u00f6jor f\u00f6r hand. Om du vill anv\u00e4nda tv\u00e4ttmaskinen ska du komma ih\u00e5g att v\u00e4nda fotbollstr\u00f6jorna ut och in och sedan tv\u00e4tta dem. Fyll maskinen med kallt vatten och anv\u00e4nd ett skonsamt program f\u00f6r att b\u00e4ttre skydda f\u00e4rgerna.<\/p>","protected":false},"excerpt":{"rendered":"<p>PSG:s 2024-25-tr\u00f6ja \u00e5terg\u00e5r till klubbens klassiska hechter. Den senaste Paris Saint-Germain-tr\u00f6jan som hade en klassisk hechter var 2020-21-tr\u00f6jan. V\u00e5ra print-tips: Om namnet och numret p\u00e5 bilden exakt \u00f6verensst\u00e4mmer med dina \u00f6nskem\u00e5l beh\u00f6ver du inte skriva in dem igen. Om inte b\u00f6r du ange det \u00f6nskade namnet [\u2026]<\/p>","protected":false},"featured_media":18865,"comment_status":"open","ping_status":"closed","template":"","meta":[],"product_brand":[],"product_cat":[536],"product_tag":[20,574,21,24,484,485,41,1212,1213],"class_list":{"0":"post-18821","1":"product","2":"type-product","3":"status-publish","4":"has-post-thumbnail","6":"product_cat-paris-saint-germain-psg-damen-trikot","7":"product_tag-coole-fussballtrikots","8":"product_tag-fussballtrikot-deutschland","9":"product_tag-fussballtrikot-fuer-herren","10":"product_tag-guenstiges-fussballtrikot","11":"product_tag-paris-saint-germain-psg-fussballtrikot","12":"product_tag-paris-saint-germain-psg-trikot","13":"product_tag-paris-saint-germain-trikots","14":"product_tag-psg-2024-25-heimtrikots","15":"product_tag-psg-24-25-trikot","17":"first","18":"instock","19":"shipping-taxable","20":"purchasable","21":"product-type-variable"},"_links":{"self":[{"href":"https:\/\/www.billigtrikotde.com\/sv\/wp-json\/wp\/v2\/product\/18821","targetHints":{"allow":["GET"]}}],"collection":[{"href":"https:\/\/www.billigtrikotde.com\/sv\/wp-json\/wp\/v2\/product"}],"about":[{"href":"https:\/\/www.billigtrikotde.com\/sv\/wp-json\/wp\/v2\/types\/product"}],"replies":[{"embeddable":true,"href":"https:\/\/www.billigtrikotde.com\/sv\/wp-json\/wp\/v2\/comments?post=18821"}],"wp:featuredmedia":[{"embeddable":true,"href":"https:\/\/www.billigtrikotde.com\/sv\/wp-json\/wp\/v2\/media\/18865"}],"wp:attachment":[{"href":"https:\/\/www.billigtrikotde.com\/sv\/wp-json\/wp\/v2\/media?parent=18821"}],"wp:term":[{"taxonomy":"product_brand","embeddable":true,"href":"https:\/\/www.billigtrikotde.com\/sv\/wp-json\/wp\/v2\/product_brand?post=18821"},{"taxonomy":"product_cat","embeddable":true,"href":"https:\/\/www.billigtrikotde.com\/sv\/wp-json\/wp\/v2\/product_cat?post=18821"},{"taxonomy":"product_tag","embeddable":true,"href":"https:\/\/www.billigtrikotde.com\/sv\/wp-json\/wp\/v2\/product_tag?post=18821"}],"curies":[{"name":"wp","href":"https:\/\/api.w.org\/{rel}","templated":true}]}}