{"id":18781,"date":"2024-10-24T10:54:33","date_gmt":"2024-10-24T08:54:33","guid":{"rendered":"http:\/\/billigtrikots.com\/?post_type=product&#038;p=18781"},"modified":"2024-10-24T10:57:11","modified_gmt":"2024-10-24T08:57:11","slug":"kinder-fussballtrikots-portugal-trikot-em-2024-auswaerts-trikotsatz-joao-cancelo-20","status":"publish","type":"product","link":"https:\/\/www.billigtrikotde.com\/sv\/kinder-fussballtrikots-portugal-trikot-em-2024-auswaerts-trikotsatz-joao-cancelo-20\/","title":{"rendered":"Barn Fotboll Tr\u00f6jor Portugal Skjorta Euro 2024 Borta Kit Joao Cancelo 20"},"content":{"rendered":"<p>Bortatr\u00f6jan Portugal 2024 har en design som \u00e4r n\u00e4ra kopplad till Portugals historia. Tr\u00f6jan har en allover-grafik med ett m\u00f6nster i azulejo-stil som har en grungy effekt.Azulejo \u00e4r en form av portugisiska och spanska tennglaserade keramiska plattor. Det anv\u00e4nds vanligtvis f\u00f6r att dekorera v\u00e4ggar och golv och \u00e4r k\u00e4nt f\u00f6r sina ljusa f\u00e4rger och invecklade m\u00f6nster.<\/p>\n<p>F\u00e4rgerna f\u00f6ljer samma f\u00e4rgschema som bortatr\u00f6jan f\u00f6r fotbolls-VM 2022. Precis som tr\u00f6jan f\u00f6r Qatar \u00e4r den nya bortatr\u00f6jan f\u00f6r Portugal 2024 huvudsakligen i segelf\u00e4rger.Portugal Euro 2024 bortatr\u00f6ja med ljusbl\u00e5 och en mycket m\u00f6rk marinbl\u00e5, \"University Blue\" och \"Pitch Blue\".<\/p>\n<p>Tips f\u00f6r utskrift: Om namn och nummer p\u00e5 bilden \u00e4r exakt vad du vill ha, beh\u00f6ver du inte ange dem igen. Om inte, ska du ange \u00f6nskat namn och nummer.<\/p>\n<p>Tips f\u00f6r tv\u00e4tt: Det \u00e4r rekommenderat att tv\u00e4tta fotbollstr\u00f6jor f\u00f6r hand. Om du vill anv\u00e4nda tv\u00e4ttmaskinen ska du komma ih\u00e5g att v\u00e4nda fotbollstr\u00f6jorna ut och in och sedan tv\u00e4tta dem. Fyll maskinen med kallt vatten och anv\u00e4nd ett skonsamt program f\u00f6r att b\u00e4ttre skydda f\u00e4rgerna.<\/p>","protected":false},"excerpt":{"rendered":"<p>Bortatr\u00f6jan Portugal 2024 har en design som \u00e4r n\u00e4ra kopplad till Portugals historia. Tr\u00f6jan har en allover-grafik med ett m\u00f6nster i azulejo-stil som har en grungy effekt.Azulejo \u00e4r en form av portugisiska och spanska tennglaserade keramiska plattor. Det anv\u00e4nds vanligtvis f\u00f6r att dekorera v\u00e4ggar och golv och \u00e4r k\u00e4nt f\u00f6r sina ljusa f\u00e4rger och invecklade m\u00f6nster.<\/p>","protected":false},"featured_media":18822,"comment_status":"open","ping_status":"closed","template":"","meta":[],"product_brand":[],"product_cat":[1094],"product_tag":[20,1076,1077,21,22,23,24,1095],"class_list":{"0":"post-18781","1":"product","2":"type-product","3":"status-publish","4":"has-post-thumbnail","6":"product_cat-em-2024-portugal","7":"product_tag-coole-fussballtrikots","8":"product_tag-em-2024-trikot","9":"product_tag-em-2024-trikot-herren","10":"product_tag-fussballtrikot-fuer-herren","11":"product_tag-fussballtrikot-guenstig-kaufen","12":"product_tag-fussballtrikot-kurzarm","13":"product_tag-guenstiges-fussballtrikot","14":"product_tag-portugal-trikot-em-2024","16":"first","17":"instock","18":"shipping-taxable","19":"purchasable","20":"product-type-variable"},"_links":{"self":[{"href":"https:\/\/www.billigtrikotde.com\/sv\/wp-json\/wp\/v2\/product\/18781","targetHints":{"allow":["GET"]}}],"collection":[{"href":"https:\/\/www.billigtrikotde.com\/sv\/wp-json\/wp\/v2\/product"}],"about":[{"href":"https:\/\/www.billigtrikotde.com\/sv\/wp-json\/wp\/v2\/types\/product"}],"replies":[{"embeddable":true,"href":"https:\/\/www.billigtrikotde.com\/sv\/wp-json\/wp\/v2\/comments?post=18781"}],"wp:featuredmedia":[{"embeddable":true,"href":"https:\/\/www.billigtrikotde.com\/sv\/wp-json\/wp\/v2\/media\/18822"}],"wp:attachment":[{"href":"https:\/\/www.billigtrikotde.com\/sv\/wp-json\/wp\/v2\/media?parent=18781"}],"wp:term":[{"taxonomy":"product_brand","embeddable":true,"href":"https:\/\/www.billigtrikotde.com\/sv\/wp-json\/wp\/v2\/product_brand?post=18781"},{"taxonomy":"product_cat","embeddable":true,"href":"https:\/\/www.billigtrikotde.com\/sv\/wp-json\/wp\/v2\/product_cat?post=18781"},{"taxonomy":"product_tag","embeddable":true,"href":"https:\/\/www.billigtrikotde.com\/sv\/wp-json\/wp\/v2\/product_tag?post=18781"}],"curies":[{"name":"wp","href":"https:\/\/api.w.org\/{rel}","templated":true}]}}