{"id":18747,"date":"2024-10-24T10:52:17","date_gmt":"2024-10-24T08:52:17","guid":{"rendered":"http:\/\/billigtrikots.com\/?post_type=product&#038;p=18747"},"modified":"2024-10-24T10:55:00","modified_gmt":"2024-10-24T08:55:00","slug":"kinder-niederlande-uefa-euro-2024-auswaertstrikot-virgil-van-dijk-4","status":"publish","type":"product","link":"https:\/\/www.billigtrikotde.com\/sv\/kinder-niederlande-uefa-euro-2024-auswaertstrikot-virgil-van-dijk-4\/","title":{"rendered":"Barn Nederl\u00e4nderna UEFA Euro 2024 Bortatr\u00f6ja Virgil van Dijk 4"},"content":{"rendered":"<p>Nederl\u00e4ndernas bortast\u00e4ll 2024 \u00e4r huvudsakligen marinbl\u00e5tt (\"Blue Void\"), med orange, turkos och vit som sekund\u00e4ra f\u00e4rger. Detta liknar f\u00e4rgpaletten p\u00e5 Nederl\u00e4ndernas hemmatr\u00f6ja, men naturligtvis i en annan ordning, och Nederl\u00e4ndernas bortatr\u00f6ja f\u00f6r Euro 2024 sticker ut n\u00e4r det g\u00e4ller design. Den har ett orange och bl\u00e5tt m\u00f6nster p\u00e5 framsidan, baksidan och \u00e4rmarna.<\/p>\n<p>Tips f\u00f6r utskrift: Om namn och nummer p\u00e5 bilden \u00e4r exakt vad du vill ha, beh\u00f6ver du inte ange dem igen. Om inte, ska du ange \u00f6nskat namn och nummer.<\/p>\n<p>Tips f\u00f6r tv\u00e4tt: Det \u00e4r rekommenderat att tv\u00e4tta fotbollstr\u00f6jor f\u00f6r hand. Om du vill anv\u00e4nda tv\u00e4ttmaskinen ska du komma ih\u00e5g att v\u00e4nda fotbollstr\u00f6jorna ut och in och sedan tv\u00e4tta dem. Fyll maskinen med kallt vatten och anv\u00e4nd ett skonsamt program f\u00f6r att b\u00e4ttre skydda f\u00e4rgerna.<\/p>","protected":false},"excerpt":{"rendered":"<p>Nederl\u00e4ndernas bortast\u00e4ll 2024 \u00e4r huvudsakligen marinbl\u00e5tt (\"Blue Void\"), med orange, turkos och vit som sekund\u00e4ra f\u00e4rger. Detta liknar f\u00e4rgpaletten p\u00e5 Nederl\u00e4ndernas hemmatr\u00f6ja, men naturligtvis i en annan ordning, och Nederl\u00e4ndernas bortatr\u00f6ja f\u00f6r Euro 2024 sticker ut n\u00e4r det g\u00e4ller design. Den har ett orange och bl\u00e5tt m\u00f6nster p\u00e5 framsidan, baksidan och \u00e4rmarna.<\/p>","protected":false},"featured_media":18787,"comment_status":"open","ping_status":"closed","template":"","meta":[],"product_brand":[],"product_cat":[1102],"product_tag":[20,1076,1077,21,22,23,24,1103],"class_list":{"0":"post-18747","1":"product","2":"type-product","3":"status-publish","4":"has-post-thumbnail","6":"product_cat-em-2024-niederlande","7":"product_tag-coole-fussballtrikots","8":"product_tag-em-2024-trikot","9":"product_tag-em-2024-trikot-herren","10":"product_tag-fussballtrikot-fuer-herren","11":"product_tag-fussballtrikot-guenstig-kaufen","12":"product_tag-fussballtrikot-kurzarm","13":"product_tag-guenstiges-fussballtrikot","14":"product_tag-niederlande-trikot-em-2024","16":"first","17":"instock","18":"shipping-taxable","19":"purchasable","20":"product-type-variable"},"_links":{"self":[{"href":"https:\/\/www.billigtrikotde.com\/sv\/wp-json\/wp\/v2\/product\/18747","targetHints":{"allow":["GET"]}}],"collection":[{"href":"https:\/\/www.billigtrikotde.com\/sv\/wp-json\/wp\/v2\/product"}],"about":[{"href":"https:\/\/www.billigtrikotde.com\/sv\/wp-json\/wp\/v2\/types\/product"}],"replies":[{"embeddable":true,"href":"https:\/\/www.billigtrikotde.com\/sv\/wp-json\/wp\/v2\/comments?post=18747"}],"wp:featuredmedia":[{"embeddable":true,"href":"https:\/\/www.billigtrikotde.com\/sv\/wp-json\/wp\/v2\/media\/18787"}],"wp:attachment":[{"href":"https:\/\/www.billigtrikotde.com\/sv\/wp-json\/wp\/v2\/media?parent=18747"}],"wp:term":[{"taxonomy":"product_brand","embeddable":true,"href":"https:\/\/www.billigtrikotde.com\/sv\/wp-json\/wp\/v2\/product_brand?post=18747"},{"taxonomy":"product_cat","embeddable":true,"href":"https:\/\/www.billigtrikotde.com\/sv\/wp-json\/wp\/v2\/product_cat?post=18747"},{"taxonomy":"product_tag","embeddable":true,"href":"https:\/\/www.billigtrikotde.com\/sv\/wp-json\/wp\/v2\/product_tag?post=18747"}],"curies":[{"name":"wp","href":"https:\/\/api.w.org\/{rel}","templated":true}]}}