{"id":18700,"date":"2024-10-24T10:49:30","date_gmt":"2024-10-24T08:49:30","guid":{"rendered":"http:\/\/billigtrikots.com\/?post_type=product&#038;p=18700"},"modified":"2024-10-24T10:52:08","modified_gmt":"2024-10-24T08:52:08","slug":"guenstige-trikotsaetze-portugal-trikot-em-2024-heimtrikot-rot-diogo-dalot-2","status":"publish","type":"product","link":"https:\/\/www.billigtrikotde.com\/sv\/guenstige-trikotsaetze-portugal-trikot-em-2024-heimtrikot-rot-diogo-dalot-2\/","title":{"rendered":"Billiga Jerseys Portugal Jersey Euro 2024 Hemmatr\u00f6ja R\u00f6d Diogo Dalot 2"},"content":{"rendered":"<p>Portugals hemmast\u00e4ll f\u00f6r Euro 2024 har den klassiska r\u00f6da nationalf\u00e4rgen, men kombinerad med andra f\u00e4rger \u00e4n de senaste \u00e5ren. Den \u00e4r huvudsakligen r\u00f6d, kombinerad med gr\u00f6na och svarta applikationer, plus en ljus beige f\u00f6r sovoosh och namn och nummer. De officiella f\u00e4rgerna \u00e4r \"University Red\/Pine Green\/Sail\".<\/p>\n<p>Portugals hemmast\u00e4ll f\u00f6r Euro 2024 har en svart, kontrasterande krage med gr\u00f6na detaljer - det \u00e4r samma kontrasterande krage som ocks\u00e5 kan ses p\u00e5 Frankrikes hemmast\u00e4ll och Nederl\u00e4ndernas bortast\u00e4ll f\u00f6r Euro 2024. Svart\/gr\u00f6nt anv\u00e4nds ocks\u00e5 f\u00f6r \u00e4rmslut och sidopaneler.<\/p>\n<p>Tips f\u00f6r utskrift: Om namn och nummer p\u00e5 bilden \u00e4r exakt vad du vill ha, beh\u00f6ver du inte ange dem igen. Om inte, ska du ange \u00f6nskat namn och nummer.<\/p>\n<p>Tips f\u00f6r tv\u00e4tt: Det \u00e4r rekommenderat att tv\u00e4tta fotbollstr\u00f6jor f\u00f6r hand. Om du vill anv\u00e4nda tv\u00e4ttmaskinen ska du komma ih\u00e5g att v\u00e4nda fotbollstr\u00f6jorna ut och in och sedan tv\u00e4tta dem. Fyll maskinen med kallt vatten och anv\u00e4nd ett skonsamt program f\u00f6r att b\u00e4ttre skydda f\u00e4rgerna.<\/p>","protected":false},"excerpt":{"rendered":"<p>Portugalens hemmatr\u00f6ja f\u00f6r EM 2024 visar den klassiska r\u00f6da landf\u00e4rgen, dock kombinerad med andra f\u00e4rger \u00e4n under de senaste \u00e5ren. Den \u00e4r fr\u00e4mst r\u00f6d, kombinerad med gr\u00f6na och svarta applikationer, plus ett ljusbeige f\u00f6r Sowoosh samt namnen och numren. Officiellt \u00e4r f\u00e4rgerna \u201dUniversity Red\/Pine Green\/Sail\u201d. Portugals hemmatr\u00f6ja f\u00f6r EM \u2026<\/p>","protected":false},"featured_media":18741,"comment_status":"open","ping_status":"closed","template":"","meta":[],"product_brand":[],"product_cat":[1094],"product_tag":[20,21,22,24,1200,1095],"class_list":{"0":"post-18700","1":"product","2":"type-product","3":"status-publish","4":"has-post-thumbnail","6":"product_cat-em-2024-portugal","7":"product_tag-coole-fussballtrikots","8":"product_tag-fussballtrikot-fuer-herren","9":"product_tag-fussballtrikot-guenstig-kaufen","10":"product_tag-guenstiges-fussballtrikot","11":"product_tag-portugal-trikot-2024","12":"product_tag-portugal-trikot-em-2024","14":"first","15":"instock","16":"shipping-taxable","17":"purchasable","18":"product-type-variable"},"_links":{"self":[{"href":"https:\/\/www.billigtrikotde.com\/sv\/wp-json\/wp\/v2\/product\/18700","targetHints":{"allow":["GET"]}}],"collection":[{"href":"https:\/\/www.billigtrikotde.com\/sv\/wp-json\/wp\/v2\/product"}],"about":[{"href":"https:\/\/www.billigtrikotde.com\/sv\/wp-json\/wp\/v2\/types\/product"}],"replies":[{"embeddable":true,"href":"https:\/\/www.billigtrikotde.com\/sv\/wp-json\/wp\/v2\/comments?post=18700"}],"wp:featuredmedia":[{"embeddable":true,"href":"https:\/\/www.billigtrikotde.com\/sv\/wp-json\/wp\/v2\/media\/18741"}],"wp:attachment":[{"href":"https:\/\/www.billigtrikotde.com\/sv\/wp-json\/wp\/v2\/media?parent=18700"}],"wp:term":[{"taxonomy":"product_brand","embeddable":true,"href":"https:\/\/www.billigtrikotde.com\/sv\/wp-json\/wp\/v2\/product_brand?post=18700"},{"taxonomy":"product_cat","embeddable":true,"href":"https:\/\/www.billigtrikotde.com\/sv\/wp-json\/wp\/v2\/product_cat?post=18700"},{"taxonomy":"product_tag","embeddable":true,"href":"https:\/\/www.billigtrikotde.com\/sv\/wp-json\/wp\/v2\/product_tag?post=18700"}],"curies":[{"name":"wp","href":"https:\/\/api.w.org\/{rel}","templated":true}]}}