{"id":18573,"date":"2024-10-24T10:41:24","date_gmt":"2024-10-24T08:41:24","guid":{"rendered":"http:\/\/billigtrikots.com\/?post_type=product&#038;p=18573"},"modified":"2025-10-16T16:02:07","modified_gmt":"2025-10-16T14:02:07","slug":"real-madrid-2024-25-heimtrikot-kurzarm-weiss-online-kaufen-jude-bellingham-5","status":"publish","type":"product","link":"https:\/\/www.billigtrikotde.com\/sv\/real-madrid-2024-25-heimtrikot-kurzarm-weiss-online-kaufen-jude-bellingham-5\/","title":{"rendered":"Real Madrid 2024-25 Hemmatr\u00f6ja Kort\u00e4rmad Vit K\u00f6p Online Jude Bellingham 5"},"content":{"rendered":"<p>Real Madrid Club de F\u00fatbol 2024-25 tr\u00f6jan har lagets traditionella vita f\u00e4rg, kombinerad med svart f\u00f6r de tre r\u00e4nderna, och Real Madrid 2024-2025 tr\u00f6jan v\u00e4cker minnen av tr\u00f6jorna fr\u00e5n b\u00f6rjan av 2000-talet tack vare den klassiska f\u00e4rgkombinationen och den enkla designen.<\/p>\n<p>Tips f\u00f6r utskrift: Om namn och nummer p\u00e5 bilden \u00e4r exakt vad du vill ha, beh\u00f6ver du inte ange dem igen. Om inte, ska du ange \u00f6nskat namn och nummer.<\/p>\n<p>Tips f\u00f6r tv\u00e4tt: Det \u00e4r rekommenderat att tv\u00e4tta fotbollstr\u00f6jor f\u00f6r hand. Om du vill anv\u00e4nda tv\u00e4ttmaskinen ska du komma ih\u00e5g att v\u00e4nda fotbollstr\u00f6jorna ut och in och sedan tv\u00e4tta dem. Fyll maskinen med kallt vatten och anv\u00e4nd ett skonsamt program f\u00f6r att b\u00e4ttre skydda f\u00e4rgerna.<\/p>","protected":false},"excerpt":{"rendered":"<p>Real Madrid Club de F\u00fatbol 2024-25-tr\u00f6jan har den traditionella vita f\u00e4rgen f\u00f6r laget, kombinerad med svart f\u00f6r trestrepen. Real Madrid 2024-2025-tr\u00f6jan v\u00e4cker tack vare den klassiska f\u00e4rgkombinationen och den enkla designen minnen av tr\u00f6jorna fr\u00e5n tidiga 2000-talet. Tips f\u00f6r tryckning: N\u00e4r namn och nummer placeras p\u00e5 den \u2026<\/p>","protected":false},"featured_media":18619,"comment_status":"open","ping_status":"closed","template":"","meta":[],"product_brand":[],"product_cat":[45],"product_tag":[574,21,228,24,576,1191,489,490,979,47],"class_list":{"0":"post-18573","1":"product","2":"type-product","3":"status-publish","4":"has-post-thumbnail","6":"product_cat-real-madrid","7":"product_tag-fussballtrikot-deutschland","8":"product_tag-fussballtrikot-fuer-herren","9":"product_tag-guenstige-fussballtrikot","10":"product_tag-guenstiges-fussballtrikot","11":"product_tag-kylian-mbappe-trikot","12":"product_tag-real-madrid-club-de-futbol-2024-25-trikot","13":"product_tag-real-madrid-fussballtrikot","14":"product_tag-real-madrid-trikot","15":"product_tag-real-madrid-trikot-2024","16":"product_tag-real-madrid-trikots","18":"first","19":"instock","20":"shipping-taxable","21":"purchasable","22":"product-type-variable"},"_links":{"self":[{"href":"https:\/\/www.billigtrikotde.com\/sv\/wp-json\/wp\/v2\/product\/18573","targetHints":{"allow":["GET"]}}],"collection":[{"href":"https:\/\/www.billigtrikotde.com\/sv\/wp-json\/wp\/v2\/product"}],"about":[{"href":"https:\/\/www.billigtrikotde.com\/sv\/wp-json\/wp\/v2\/types\/product"}],"replies":[{"embeddable":true,"href":"https:\/\/www.billigtrikotde.com\/sv\/wp-json\/wp\/v2\/comments?post=18573"}],"wp:featuredmedia":[{"embeddable":true,"href":"https:\/\/www.billigtrikotde.com\/sv\/wp-json\/wp\/v2\/media\/18619"}],"wp:attachment":[{"href":"https:\/\/www.billigtrikotde.com\/sv\/wp-json\/wp\/v2\/media?parent=18573"}],"wp:term":[{"taxonomy":"product_brand","embeddable":true,"href":"https:\/\/www.billigtrikotde.com\/sv\/wp-json\/wp\/v2\/product_brand?post=18573"},{"taxonomy":"product_cat","embeddable":true,"href":"https:\/\/www.billigtrikotde.com\/sv\/wp-json\/wp\/v2\/product_cat?post=18573"},{"taxonomy":"product_tag","embeddable":true,"href":"https:\/\/www.billigtrikotde.com\/sv\/wp-json\/wp\/v2\/product_tag?post=18573"}],"curies":[{"name":"wp","href":"https:\/\/api.w.org\/{rel}","templated":true}]}}