{"id":18557,"date":"2024-10-24T10:40:41","date_gmt":"2024-10-24T08:40:41","guid":{"rendered":"http:\/\/billigtrikots.com\/?post_type=product&#038;p=18557"},"modified":"2025-03-13T01:06:23","modified_gmt":"2025-03-13T00:06:23","slug":"fussball-trikot-outlet-manchester-city-heimtrikot-2024-25-kurzarm-kurze-hosen","status":"publish","type":"product","link":"https:\/\/www.billigtrikotde.com\/sv\/fussball-trikot-outlet-manchester-city-heimtrikot-2024-25-kurzarm-kurze-hosen\/","title":{"rendered":"Fotbollstr\u00f6ja outlet Manchester City hemmatr\u00f6ja 2024-25 kort\u00e4rmad + shorts"},"content":{"rendered":"<p>Den nya Man City 2024-25-tr\u00f6jan har den klassiska himmelsbl\u00e5 f\u00e4rgen kombinerad med marinbl\u00e5 applikationer och vita logotyper, och det som g\u00f6r att Manchester City 24-25-tr\u00f6jan sticker ut \u00e4r kragen och manschetterna. B\u00e5da har en unik, graffitiinspirerad 0161-grafik.<\/p>\n<p>Tips f\u00f6r utskrift: Om namn och nummer p\u00e5 bilden \u00e4r exakt vad du vill ha, beh\u00f6ver du inte ange dem igen. Om inte, ska du ange \u00f6nskat namn och nummer.<\/p>\n<p>Tips f\u00f6r tv\u00e4tt: Det \u00e4r rekommenderat att tv\u00e4tta fotbollstr\u00f6jor f\u00f6r hand. Om du vill anv\u00e4nda tv\u00e4ttmaskinen ska du komma ih\u00e5g att v\u00e4nda fotbollstr\u00f6jorna ut och in och sedan tv\u00e4tta dem. Fyll maskinen med kallt vatten och anv\u00e4nd ett skonsamt program f\u00f6r att b\u00e4ttre skydda f\u00e4rgerna.<\/p>","protected":false},"excerpt":{"rendered":"<p>Das neue Man City 2024-25 Trikot hat die klassische himmelblaue Farbe kombiniert mit navyfarbenen Applikationen und wei\u00dfen Logos.Was das Manchester City 24-25 Trikot besonders auszeichnet, sind der Kragen und die \u00c4rmelb\u00fcndchen. Beide sind mit einer einzigartigen, von Graffiti inspirierten 0161-Grafik versehen. Tipps zum Drucken: Wenn der Name und die Nummer auf dem Bild genau Ihren [&hellip;]<\/p>","protected":false},"featured_media":18607,"comment_status":"open","ping_status":"closed","template":"","meta":[],"product_brand":[],"product_cat":[82],"product_tag":[20,574,21,22,24,1187,1188,84],"class_list":{"0":"post-18557","1":"product","2":"type-product","3":"status-publish","4":"has-post-thumbnail","6":"product_cat-manchester-city","7":"product_tag-coole-fussballtrikots","8":"product_tag-fussballtrikot-deutschland","9":"product_tag-fussballtrikot-fuer-herren","10":"product_tag-fussballtrikot-guenstig-kaufen","11":"product_tag-guenstiges-fussballtrikot","12":"product_tag-manchester-city-auswaertstrikot-2024-25","13":"product_tag-manchester-city-trikot-24-25","14":"product_tag-manchester-city-trikots","16":"first","17":"instock","18":"shipping-taxable","19":"purchasable","20":"product-type-variable"},"_links":{"self":[{"href":"https:\/\/www.billigtrikotde.com\/sv\/wp-json\/wp\/v2\/product\/18557","targetHints":{"allow":["GET"]}}],"collection":[{"href":"https:\/\/www.billigtrikotde.com\/sv\/wp-json\/wp\/v2\/product"}],"about":[{"href":"https:\/\/www.billigtrikotde.com\/sv\/wp-json\/wp\/v2\/types\/product"}],"replies":[{"embeddable":true,"href":"https:\/\/www.billigtrikotde.com\/sv\/wp-json\/wp\/v2\/comments?post=18557"}],"wp:featuredmedia":[{"embeddable":true,"href":"https:\/\/www.billigtrikotde.com\/sv\/wp-json\/wp\/v2\/media\/18607"}],"wp:attachment":[{"href":"https:\/\/www.billigtrikotde.com\/sv\/wp-json\/wp\/v2\/media?parent=18557"}],"wp:term":[{"taxonomy":"product_brand","embeddable":true,"href":"https:\/\/www.billigtrikotde.com\/sv\/wp-json\/wp\/v2\/product_brand?post=18557"},{"taxonomy":"product_cat","embeddable":true,"href":"https:\/\/www.billigtrikotde.com\/sv\/wp-json\/wp\/v2\/product_cat?post=18557"},{"taxonomy":"product_tag","embeddable":true,"href":"https:\/\/www.billigtrikotde.com\/sv\/wp-json\/wp\/v2\/product_tag?post=18557"}],"curies":[{"name":"wp","href":"https:\/\/api.w.org\/{rel}","templated":true}]}}