{"id":1845,"date":"2024-10-23T13:48:22","date_gmt":"2024-10-23T11:48:22","guid":{"rendered":"http:\/\/billigtrikots.com\/?post_type=product&#038;p=1845"},"modified":"2024-10-23T13:50:21","modified_gmt":"2024-10-23T11:50:21","slug":"bvb-borussia-dortmund-2022-heimtrikot-gelb-mit-aufdruck-witsel-28","status":"publish","type":"product","link":"https:\/\/www.billigtrikotde.com\/sv\/bvb-borussia-dortmund-2022-heimtrikot-gelb-mit-aufdruck-witsel-28\/","title":{"rendered":"BVB Borussia Dortmund 2022 hemmatr\u00f6ja gul med tryck Witsel 28"},"content":{"rendered":"<p>Ingen fan av den fantastiska klubben Borussia Dortmund b\u00f6r beh\u00f6va leva utan denna autentiska fotbollstr\u00f6ja. Den har en V-ringning, raglans\u00e4rmar med axelinsats i mesh och en jacquardstruktur p\u00e5 baksidan f\u00f6r optimal andningsf\u00f6rm\u00e5ga. Dessutom erbjuder den den innovativa dryCELL-teknologin fr\u00e5n PUMA, som transporterar bort fukt fr\u00e5n kroppen. Och sj\u00e4lvklart f\u00e5r inte den stolt prydda 09-loggan p\u00e5 br\u00f6stet saknas.<\/p>\n<p>Tips f\u00f6r utskrift: Om namn och nummer p\u00e5 bilden \u00e4r exakt vad du vill ha, beh\u00f6ver du inte ange dem igen. Om inte, ska du ange \u00f6nskat namn och nummer.<\/p>\n<p>Tips f\u00f6r tv\u00e4tt: Det \u00e4r rekommenderat att tv\u00e4tta fotbollstr\u00f6jor f\u00f6r hand. Om du vill anv\u00e4nda tv\u00e4ttmaskinen ska du komma ih\u00e5g att v\u00e4nda fotbollstr\u00f6jorna ut och in och sedan tv\u00e4tta dem. Fyll maskinen med kallt vatten och anv\u00e4nd ett skonsamt program f\u00f6r att b\u00e4ttre skydda f\u00e4rgerna.<\/p>","protected":false},"excerpt":{"rendered":"<p>Kein Fan des gro\u00dfartigen Vereins Borussia Dortmund sollte ohne dieses authentische Fu\u00dfballtrikot leben m\u00fcssen. Es verf\u00fcgt \u00fcber einen V-Ausschnitt, Raglan\u00e4rmel mit Schultereinsatz aus Mesh und eine Jacquardstruktur auf der R\u00fcckseite f\u00fcr optimale Atmungsaktivit\u00e4t. Au\u00dferdem bietet es die innovative dryCELL-Technologie von PUMA, die Feuchtigkeit vom K\u00f6rper wegtransportiert. Und nat\u00fcrlich darf auch das stolz auf der Brust [&hellip;]<\/p>","protected":false},"featured_media":1882,"comment_status":"open","ping_status":"closed","template":"","meta":[],"product_brand":[],"product_cat":[63],"product_tag":[20,65,66,21,22,23,24],"class_list":{"0":"post-1845","1":"product","2":"type-product","3":"status-publish","4":"has-post-thumbnail","6":"product_cat-borussia-dortmund","7":"product_tag-coole-fussballtrikots","8":"product_tag-borussia-dortmund-trikots","9":"product_tag-bvb-trikots","10":"product_tag-fussballtrikot-fuer-herren","11":"product_tag-fussballtrikot-guenstig-kaufen","12":"product_tag-fussballtrikot-kurzarm","13":"product_tag-guenstiges-fussballtrikot","15":"first","16":"instock","17":"shipping-taxable","18":"purchasable","19":"product-type-variable"},"_links":{"self":[{"href":"https:\/\/www.billigtrikotde.com\/sv\/wp-json\/wp\/v2\/product\/1845","targetHints":{"allow":["GET"]}}],"collection":[{"href":"https:\/\/www.billigtrikotde.com\/sv\/wp-json\/wp\/v2\/product"}],"about":[{"href":"https:\/\/www.billigtrikotde.com\/sv\/wp-json\/wp\/v2\/types\/product"}],"replies":[{"embeddable":true,"href":"https:\/\/www.billigtrikotde.com\/sv\/wp-json\/wp\/v2\/comments?post=1845"}],"wp:featuredmedia":[{"embeddable":true,"href":"https:\/\/www.billigtrikotde.com\/sv\/wp-json\/wp\/v2\/media\/1882"}],"wp:attachment":[{"href":"https:\/\/www.billigtrikotde.com\/sv\/wp-json\/wp\/v2\/media?parent=1845"}],"wp:term":[{"taxonomy":"product_brand","embeddable":true,"href":"https:\/\/www.billigtrikotde.com\/sv\/wp-json\/wp\/v2\/product_brand?post=1845"},{"taxonomy":"product_cat","embeddable":true,"href":"https:\/\/www.billigtrikotde.com\/sv\/wp-json\/wp\/v2\/product_cat?post=1845"},{"taxonomy":"product_tag","embeddable":true,"href":"https:\/\/www.billigtrikotde.com\/sv\/wp-json\/wp\/v2\/product_tag?post=1845"}],"curies":[{"name":"wp","href":"https:\/\/api.w.org\/{rel}","templated":true}]}}