{"id":18358,"date":"2024-10-24T10:29:26","date_gmt":"2024-10-24T08:29:26","guid":{"rendered":"http:\/\/billigtrikots.com\/?post_type=product&#038;p=18358"},"modified":"2024-10-24T10:32:32","modified_gmt":"2024-10-24T08:32:32","slug":"guenstige-fussballtrikots-herren-argentinien-auswaertstrikot-2024-25-mit-aufdruck-lionel-messi","status":"publish","type":"product","link":"https:\/\/www.billigtrikotde.com\/sv\/guenstige-fussballtrikots-herren-argentinien-auswaertstrikot-2024-25-mit-aufdruck-lionel-messi\/","title":{"rendered":"Billiga Fotbollstr\u00f6jor Herr Argentina Bortatr\u00f6ja 2024-25 med Lionel Messi Tryck"},"content":{"rendered":"<p>Billiga fotbollstr\u00f6jor M\u00e4n Argentina Away Shirt 2024-25 med Lionel Messi PrintArgentinas 2024 bortakit kombinerar en kungbl\u00e5 basf\u00e4rg med f\u00e4rgerna p\u00e5 den argentinska flaggan, vit och himmelsbl\u00e5. De tre r\u00e4nderna kommer sannolikt att vara ljusbl\u00e5, AFA-kronan \u00e4r himmelsbl\u00e5 och vit. Den bl\u00e5 f\u00e4rgen p\u00e5 Argentina 2024 bortakit liknar f\u00e4rgen p\u00e5 Argentinas bortakit fram till slutet av 1990-talet, innan marinbl\u00e5 blev det vanliga valet. F\u00f6rbundsm\u00e4rket kommer att vara tv\u00e5f\u00e4rgat i himmelsbl\u00e5tt och vitt. Det som g\u00f6r bortast\u00e4llet f\u00f6r Argentina 2024 unikt \u00e4r en detalj som v\u00e4cker minnen fr\u00e5n VM 2006 - sidan har en laganda-liknande panel med de himmelsbl\u00e5 och vita f\u00e4rgerna i den argentinska flaggan. Argentinas bortatr\u00f6ja 2006 bars av Messi n\u00e4r han gjorde sin VM-debut, och bortatr\u00f6jan 2024 \u00e4r en tydlig hyllning till den designen.<\/p>\n<p>Tips f\u00f6r utskrift: Om namn och nummer p\u00e5 bilden \u00e4r exakt vad du vill ha, beh\u00f6ver du inte ange dem igen. Om inte, ska du ange \u00f6nskat namn och nummer.<\/p>\n<p>Tips f\u00f6r tv\u00e4tt: Det \u00e4r rekommenderat att tv\u00e4tta fotbollstr\u00f6jor f\u00f6r hand. Om du vill anv\u00e4nda tv\u00e4ttmaskinen ska du komma ih\u00e5g att v\u00e4nda fotbollstr\u00f6jorna ut och in och sedan tv\u00e4tta dem. Fyll maskinen med kallt vatten och anv\u00e4nd ett skonsamt program f\u00f6r att b\u00e4ttre skydda f\u00e4rgerna.<\/p>","protected":false},"excerpt":{"rendered":"<p>G\u00fcnstige Fu\u00dfballtrikots Herren Argentinien Ausw\u00e4rtstrikot 2024-25 mit Aufdruck Lionel Messi.Das Argentinien 2024 Ausw\u00e4rtstrikot kombiniert eine k\u00f6nigsblaue Grundfarbe mit den Farben der argentinischen Flagge, Wei\u00df und Himmelblau. Die Three Stripes sind wahrscheinlich hellblau, das AFA-Wappen ist himmelblau und wei\u00df.Die blaue Farbe des Argentinien 2024-Ausw\u00e4rtstrikots \u00e4hnelt der Farbe der argentinischen Ausw\u00e4rtstrikots bis Ende der 90er Jahre, bevor [&hellip;]<\/p>","protected":false},"featured_media":18403,"comment_status":"open","ping_status":"closed","template":"","meta":[],"product_brand":[],"product_cat":[325],"product_tag":[1186,1119,20,21,22,24],"class_list":{"0":"post-18358","1":"product","2":"type-product","3":"status-publish","4":"has-post-thumbnail","6":"product_cat-argentinien-trikots","7":"product_tag-argentinien-2024-25-trikots","8":"product_tag-argentinien-fussballtrikots","9":"product_tag-coole-fussballtrikots","10":"product_tag-fussballtrikot-fuer-herren","11":"product_tag-fussballtrikot-guenstig-kaufen","12":"product_tag-guenstiges-fussballtrikot","14":"first","15":"instock","16":"shipping-taxable","17":"purchasable","18":"product-type-variable"},"_links":{"self":[{"href":"https:\/\/www.billigtrikotde.com\/sv\/wp-json\/wp\/v2\/product\/18358","targetHints":{"allow":["GET"]}}],"collection":[{"href":"https:\/\/www.billigtrikotde.com\/sv\/wp-json\/wp\/v2\/product"}],"about":[{"href":"https:\/\/www.billigtrikotde.com\/sv\/wp-json\/wp\/v2\/types\/product"}],"replies":[{"embeddable":true,"href":"https:\/\/www.billigtrikotde.com\/sv\/wp-json\/wp\/v2\/comments?post=18358"}],"wp:featuredmedia":[{"embeddable":true,"href":"https:\/\/www.billigtrikotde.com\/sv\/wp-json\/wp\/v2\/media\/18403"}],"wp:attachment":[{"href":"https:\/\/www.billigtrikotde.com\/sv\/wp-json\/wp\/v2\/media?parent=18358"}],"wp:term":[{"taxonomy":"product_brand","embeddable":true,"href":"https:\/\/www.billigtrikotde.com\/sv\/wp-json\/wp\/v2\/product_brand?post=18358"},{"taxonomy":"product_cat","embeddable":true,"href":"https:\/\/www.billigtrikotde.com\/sv\/wp-json\/wp\/v2\/product_cat?post=18358"},{"taxonomy":"product_tag","embeddable":true,"href":"https:\/\/www.billigtrikotde.com\/sv\/wp-json\/wp\/v2\/product_tag?post=18358"}],"curies":[{"name":"wp","href":"https:\/\/api.w.org\/{rel}","templated":true}]}}