{"id":18354,"date":"2024-10-24T10:29:22","date_gmt":"2024-10-24T08:29:22","guid":{"rendered":"http:\/\/billigtrikots.com\/?post_type=product&#038;p=18354"},"modified":"2024-10-24T10:31:59","modified_gmt":"2024-10-24T08:31:59","slug":"guenstige-fussballtrikots-herren-argentinien-heimtrikot-2024-25-personalisierbar","status":"publish","type":"product","link":"https:\/\/www.billigtrikotde.com\/sv\/guenstige-fussballtrikots-herren-argentinien-heimtrikot-2024-25-personalisierbar\/","title":{"rendered":"Billiga Fotbollstr\u00f6jor Herr Argentina Hemmatr\u00f6ja 2024-25 Anpassningsbar"},"content":{"rendered":"<p>Billiga Fotbollstr\u00f6jor Herr Argentina Hemmatr\u00f6ja 2024-25 Anpassningsbar<\/p>","protected":false},"excerpt":{"rendered":"<p>Billiga Fotbollstr\u00f6jor Herr Argentina Hemmatr\u00f6ja 2024-25 Anpassningsbar<\/p>","protected":false},"featured_media":18401,"comment_status":"open","ping_status":"closed","template":"","meta":[],"product_brand":[],"product_cat":[325],"product_tag":[1186,1119,20,21,22,24],"class_list":{"0":"post-18354","1":"product","2":"type-product","3":"status-publish","4":"has-post-thumbnail","6":"product_cat-argentinien-trikots","7":"product_tag-argentinien-2024-25-trikots","8":"product_tag-argentinien-fussballtrikots","9":"product_tag-coole-fussballtrikots","10":"product_tag-fussballtrikot-fuer-herren","11":"product_tag-fussballtrikot-guenstig-kaufen","12":"product_tag-guenstiges-fussballtrikot","14":"first","15":"instock","16":"shipping-taxable","17":"purchasable","18":"product-type-variable"},"_links":{"self":[{"href":"https:\/\/www.billigtrikotde.com\/sv\/wp-json\/wp\/v2\/product\/18354","targetHints":{"allow":["GET"]}}],"collection":[{"href":"https:\/\/www.billigtrikotde.com\/sv\/wp-json\/wp\/v2\/product"}],"about":[{"href":"https:\/\/www.billigtrikotde.com\/sv\/wp-json\/wp\/v2\/types\/product"}],"replies":[{"embeddable":true,"href":"https:\/\/www.billigtrikotde.com\/sv\/wp-json\/wp\/v2\/comments?post=18354"}],"wp:featuredmedia":[{"embeddable":true,"href":"https:\/\/www.billigtrikotde.com\/sv\/wp-json\/wp\/v2\/media\/18401"}],"wp:attachment":[{"href":"https:\/\/www.billigtrikotde.com\/sv\/wp-json\/wp\/v2\/media?parent=18354"}],"wp:term":[{"taxonomy":"product_brand","embeddable":true,"href":"https:\/\/www.billigtrikotde.com\/sv\/wp-json\/wp\/v2\/product_brand?post=18354"},{"taxonomy":"product_cat","embeddable":true,"href":"https:\/\/www.billigtrikotde.com\/sv\/wp-json\/wp\/v2\/product_cat?post=18354"},{"taxonomy":"product_tag","embeddable":true,"href":"https:\/\/www.billigtrikotde.com\/sv\/wp-json\/wp\/v2\/product_tag?post=18354"}],"curies":[{"name":"wp","href":"https:\/\/api.w.org\/{rel}","templated":true}]}}