{"id":18344,"date":"2024-10-24T10:28:50","date_gmt":"2024-10-24T08:28:50","guid":{"rendered":"http:\/\/billigtrikots.com\/?post_type=product&#038;p=18344"},"modified":"2024-10-24T10:31:27","modified_gmt":"2024-10-24T08:31:27","slug":"frankreich-euro-2024-auswaertstrikot-em-24-25-weiss-kurzarm-blau-kurze-hosen","status":"publish","type":"product","link":"https:\/\/www.billigtrikotde.com\/sv\/frankreich-euro-2024-auswaertstrikot-em-24-25-weiss-kurzarm-blau-kurze-hosen\/","title":{"rendered":"Frankrike EURO 2024 bortast\u00e4ll EM 24-25 vit kort\u00e4rmad + bl\u00e5 shorts"},"content":{"rendered":"<p>Frankrikes EM 2024 bortatr\u00f6ja kombinerar en vit basf\u00e4rg med en kungsbl\u00e5. Den mest sl\u00e5ende egenskapen \u00e4r kritstrecksdesignen - den g\u00e5r fr\u00e5n bl\u00e5tt (h\u00f6ger sida) till r\u00f6tt (v\u00e4nster sida) och Frankrike Euro 2024 bortatr\u00f6ja har en bl\u00e5 krage och bl\u00e5 manschetter.<\/p>\n<p>B\u00e5de hemma- och bortatr\u00f6jorna f\u00f6r EM i Frankrike 2024 kommer att ha ett nytt f\u00e4rgat vapen i ett stort format som \u00e4r st\u00f6rre \u00e4n p\u00e5 de tidigare Frankrike-tr\u00f6jorna. Omr\u00e5det f\u00f6r Frankrikes emblem kommer dock att forts\u00e4tta att f\u00f6lja FIFA:s regler f\u00f6r tr\u00f6jor.<\/p>","protected":false},"excerpt":{"rendered":"<p>Das Frankreich Euro 2024 Ausw\u00e4rtstrikot kombiniert eine wei\u00dfe Grundfarbe mit einem K\u00f6nigsblau. Am auff\u00e4lligsten ist das Nadelstreifendesign \u2013 es geht von Blau (rechte Seite) zu Rot (linke Seite).Das Frankreich Euro 2024 Ausw\u00e4rtstrikot hat einen blauen Kragen und blaue \u00c4rmelb\u00fcndchen. Sowohl das Heim- als auch das Ausw\u00e4rtstrikot der Frankreich-EM 2024 werden ein neues farbiges Wappen in [&hellip;]<\/p>","protected":false},"featured_media":18393,"comment_status":"open","ping_status":"closed","template":"","meta":[],"product_brand":[],"product_cat":[1098,1072],"product_tag":[20,1076,1077,1099,21,22,23,24],"class_list":{"0":"post-18344","1":"product","2":"type-product","3":"status-publish","4":"has-post-thumbnail","6":"product_cat-em-2024-frankreich","7":"product_cat-em-2024-trikots","8":"product_tag-coole-fussballtrikots","9":"product_tag-em-2024-trikot","10":"product_tag-em-2024-trikot-herren","11":"product_tag-frankreich-trikot-em-2024","12":"product_tag-fussballtrikot-fuer-herren","13":"product_tag-fussballtrikot-guenstig-kaufen","14":"product_tag-fussballtrikot-kurzarm","15":"product_tag-guenstiges-fussballtrikot","17":"first","18":"instock","19":"shipping-taxable","20":"purchasable","21":"product-type-variable"},"_links":{"self":[{"href":"https:\/\/www.billigtrikotde.com\/sv\/wp-json\/wp\/v2\/product\/18344","targetHints":{"allow":["GET"]}}],"collection":[{"href":"https:\/\/www.billigtrikotde.com\/sv\/wp-json\/wp\/v2\/product"}],"about":[{"href":"https:\/\/www.billigtrikotde.com\/sv\/wp-json\/wp\/v2\/types\/product"}],"replies":[{"embeddable":true,"href":"https:\/\/www.billigtrikotde.com\/sv\/wp-json\/wp\/v2\/comments?post=18344"}],"wp:featuredmedia":[{"embeddable":true,"href":"https:\/\/www.billigtrikotde.com\/sv\/wp-json\/wp\/v2\/media\/18393"}],"wp:attachment":[{"href":"https:\/\/www.billigtrikotde.com\/sv\/wp-json\/wp\/v2\/media?parent=18344"}],"wp:term":[{"taxonomy":"product_brand","embeddable":true,"href":"https:\/\/www.billigtrikotde.com\/sv\/wp-json\/wp\/v2\/product_brand?post=18344"},{"taxonomy":"product_cat","embeddable":true,"href":"https:\/\/www.billigtrikotde.com\/sv\/wp-json\/wp\/v2\/product_cat?post=18344"},{"taxonomy":"product_tag","embeddable":true,"href":"https:\/\/www.billigtrikotde.com\/sv\/wp-json\/wp\/v2\/product_tag?post=18344"}],"curies":[{"name":"wp","href":"https:\/\/api.w.org\/{rel}","templated":true}]}}