{"id":18309,"date":"2024-10-24T10:27:08","date_gmt":"2024-10-24T08:27:08","guid":{"rendered":"http:\/\/billigtrikots.com\/?post_type=product&#038;p=18309"},"modified":"2024-10-24T10:29:49","modified_gmt":"2024-10-24T08:29:49","slug":"billige-usa-auswaertstrikot-copa-america-2024-kurzarm-fuer-herren","status":"publish","type":"product","link":"https:\/\/www.billigtrikotde.com\/sv\/billige-usa-auswaertstrikot-copa-america-2024-kurzarm-fuer-herren\/","title":{"rendered":"Billiga USA Bortatr\u00f6ja Copa Am\u00e9rica 2024 Kort\u00e4rmad f\u00f6r M\u00e4n"},"content":{"rendered":"<p>Bortatr\u00f6jan US Soccer 2024 har en v\u00e4lbekant f\u00e4rgkombination, men en ny dj\u00e4rv design. Bl\u00e5tt och r\u00f6tt kombineras med vitt f\u00f6r logotyper och applikationer. Officiellt \u00e4r f\u00e4rgerna \"Old Royal\/Sport Red\/White\/White\" och det som g\u00f6r att USA 2024 Copa America bortatr\u00f6ja sticker ut \u00e4r en grafisk design p\u00e5 den nedre delen. Den \u00e4r tref\u00e4rgad nedtill, fr\u00e5n bl\u00e5tt till r\u00f6tt, med ett i\u00f6gonfallande vitt sicksackm\u00f6nster.<\/p>","protected":false},"excerpt":{"rendered":"<p>Das US Soccer 2024 Ausw\u00e4rtstrikot hat eine bekannte Farbkombination, aber ein gewagtes neues Design. Blau und Rot werden mit Wei\u00df f\u00fcr Logos und Applikationen kombiniert. Offiziell lauten die Farben &#8222;Old Royal\/Sport Red\/White\/White&#8220;.Was das Ausw\u00e4rtstrikot der USA 2024 Copa America auszeichnet, ist ein grafisches Design auf dem unteren Teil. Es ist unten dreifarbig, von Blau zu [&hellip;]<\/p>","protected":false},"featured_media":18359,"comment_status":"open","ping_status":"closed","template":"","meta":[],"product_brand":[],"product_cat":[245],"product_tag":[20,21,22,24,1174,1175,1176,1177],"class_list":{"0":"post-18309","1":"product","2":"type-product","3":"status-publish","4":"has-post-thumbnail","6":"product_cat-usa-trikots","7":"product_tag-coole-fussballtrikots","8":"product_tag-fussballtrikot-fuer-herren","9":"product_tag-fussballtrikot-guenstig-kaufen","10":"product_tag-guenstiges-fussballtrikot","11":"product_tag-usa-auswaerts-2024","12":"product_tag-usa-copa-america-2024","13":"product_tag-usa-fussballtrikots","14":"product_tag-usa-heim-2024","16":"first","17":"instock","18":"shipping-taxable","19":"purchasable","20":"product-type-variable"},"_links":{"self":[{"href":"https:\/\/www.billigtrikotde.com\/sv\/wp-json\/wp\/v2\/product\/18309","targetHints":{"allow":["GET"]}}],"collection":[{"href":"https:\/\/www.billigtrikotde.com\/sv\/wp-json\/wp\/v2\/product"}],"about":[{"href":"https:\/\/www.billigtrikotde.com\/sv\/wp-json\/wp\/v2\/types\/product"}],"replies":[{"embeddable":true,"href":"https:\/\/www.billigtrikotde.com\/sv\/wp-json\/wp\/v2\/comments?post=18309"}],"wp:featuredmedia":[{"embeddable":true,"href":"https:\/\/www.billigtrikotde.com\/sv\/wp-json\/wp\/v2\/media\/18359"}],"wp:attachment":[{"href":"https:\/\/www.billigtrikotde.com\/sv\/wp-json\/wp\/v2\/media?parent=18309"}],"wp:term":[{"taxonomy":"product_brand","embeddable":true,"href":"https:\/\/www.billigtrikotde.com\/sv\/wp-json\/wp\/v2\/product_brand?post=18309"},{"taxonomy":"product_cat","embeddable":true,"href":"https:\/\/www.billigtrikotde.com\/sv\/wp-json\/wp\/v2\/product_cat?post=18309"},{"taxonomy":"product_tag","embeddable":true,"href":"https:\/\/www.billigtrikotde.com\/sv\/wp-json\/wp\/v2\/product_tag?post=18309"}],"curies":[{"name":"wp","href":"https:\/\/api.w.org\/{rel}","templated":true}]}}