{"id":18300,"date":"2024-10-24T10:26:35","date_gmt":"2024-10-24T08:26:35","guid":{"rendered":"http:\/\/billigtrikots.com\/?post_type=product&#038;p=18300"},"modified":"2024-10-24T10:29:17","modified_gmt":"2024-10-24T08:29:17","slug":"mexiko-heimtrikot-copa-america-2024-kurzarm-fuer-herren","status":"publish","type":"product","link":"https:\/\/www.billigtrikotde.com\/sv\/mexiko-heimtrikot-copa-america-2024-kurzarm-fuer-herren\/","title":{"rendered":"Mexikos hemmatr\u00f6ja Copa Am\u00e9rica 2024 kort\u00e4rmad f\u00f6r herrar"},"content":{"rendered":"<p>Ist\u00e4llet f\u00f6r de senaste \u00e5rens vanliga gr\u00f6na f\u00e4rg kombinerar Mexiko 2024-tr\u00f6jan en r\u00f6dbrun basf\u00e4rg med gr\u00e5 logotyper. Detta \u00e4r dock inte en ny f\u00e4rg f\u00f6r det mexikanska landslaget och ett helt\u00e4ckande m\u00f6nster av p\u00e5f\u00e5gelfj\u00e4drar ger Mexiko 2024-tr\u00f6jan ett unikt utseende, inspirerat av den mexikansk-majanska myten om p\u00e5f\u00e5geln f\u00f6r att hylla denna vackra f\u00e5gel.<\/p>","protected":false},"excerpt":{"rendered":"<p>Ist\u00e4llet f\u00f6r de senaste \u00e5rens vanliga gr\u00f6na f\u00e4rg kombinerar Mexiko 2024-tr\u00f6jan en r\u00f6dbrun basf\u00e4rg med gr\u00e5 logotyper. Detta \u00e4r dock inte en ny f\u00e4rg f\u00f6r det mexikanska landslaget och ett helt\u00e4ckande m\u00f6nster av p\u00e5f\u00e5gelfj\u00e4drar ger Mexiko 2024-tr\u00f6jan ett unikt utseende, inspirerat av den mexikansk-majanska myten om p\u00e5f\u00e5geln f\u00f6r att hylla denna vackra f\u00e5gel.<\/p>","protected":false},"featured_media":18347,"comment_status":"open","ping_status":"closed","template":"","meta":[],"product_brand":[],"product_cat":[251],"product_tag":[20,21,22,24,1165,1166,1167,1168],"class_list":{"0":"post-18300","1":"product","2":"type-product","3":"status-publish","4":"has-post-thumbnail","6":"product_cat-mexiko-trikots","7":"product_tag-coole-fussballtrikots","8":"product_tag-fussballtrikot-fuer-herren","9":"product_tag-fussballtrikot-guenstig-kaufen","10":"product_tag-guenstiges-fussballtrikot","11":"product_tag-mexiko-auswaerts-2024","12":"product_tag-mexiko-copa-america-2024","13":"product_tag-mexiko-fussballtrikots","14":"product_tag-mexiko-heim-2024","16":"first","17":"instock","18":"shipping-taxable","19":"purchasable","20":"product-type-variable"},"_links":{"self":[{"href":"https:\/\/www.billigtrikotde.com\/sv\/wp-json\/wp\/v2\/product\/18300","targetHints":{"allow":["GET"]}}],"collection":[{"href":"https:\/\/www.billigtrikotde.com\/sv\/wp-json\/wp\/v2\/product"}],"about":[{"href":"https:\/\/www.billigtrikotde.com\/sv\/wp-json\/wp\/v2\/types\/product"}],"replies":[{"embeddable":true,"href":"https:\/\/www.billigtrikotde.com\/sv\/wp-json\/wp\/v2\/comments?post=18300"}],"wp:featuredmedia":[{"embeddable":true,"href":"https:\/\/www.billigtrikotde.com\/sv\/wp-json\/wp\/v2\/media\/18347"}],"wp:attachment":[{"href":"https:\/\/www.billigtrikotde.com\/sv\/wp-json\/wp\/v2\/media?parent=18300"}],"wp:term":[{"taxonomy":"product_brand","embeddable":true,"href":"https:\/\/www.billigtrikotde.com\/sv\/wp-json\/wp\/v2\/product_brand?post=18300"},{"taxonomy":"product_cat","embeddable":true,"href":"https:\/\/www.billigtrikotde.com\/sv\/wp-json\/wp\/v2\/product_cat?post=18300"},{"taxonomy":"product_tag","embeddable":true,"href":"https:\/\/www.billigtrikotde.com\/sv\/wp-json\/wp\/v2\/product_tag?post=18300"}],"curies":[{"name":"wp","href":"https:\/\/api.w.org\/{rel}","templated":true}]}}