{"id":18268,"date":"2024-10-24T10:24:53","date_gmt":"2024-10-24T08:24:53","guid":{"rendered":"http:\/\/billigtrikots.com\/?post_type=product&#038;p=18268"},"modified":"2024-10-24T10:27:35","modified_gmt":"2024-10-24T08:27:35","slug":"personalisierbar-herren-argentinien-heimtrikot-copa-america-2024","status":"publish","type":"product","link":"https:\/\/www.billigtrikotde.com\/sv\/personalisierbar-herren-argentinien-heimtrikot-copa-america-2024\/","title":{"rendered":"Anpassningsbar Argentina hemmatr\u00f6ja f\u00f6r herrar Copa Am\u00e9rica 2024"},"content":{"rendered":"<p>Argentina 2024-tr\u00f6jan har landets traditionella vita och himmelsbl\u00e5 r\u00e4nder, kombinerat med guldlogotyper, applikationer och guldbokst\u00e4ver.Argentina vann b\u00e5de 2021 Copa Am\u00e9rica och 2022 World Cup, s\u00e5 guldelementen \u00e4r en passande hyllning.R\u00e4nderna p\u00e5 Argentina 2024-tr\u00f6jan \u00e4r klassiska, med en bl\u00e5 rand i mitten och de vita r\u00e4nderna med AFA-logotypen.Argentina anv\u00e4nder en n\u00e5got uppdaterad 3-stj\u00e4rnig logotyp, d\u00e4r den tredje stj\u00e4rnan sitter n\u00e5got h\u00f6gre \u00e4n de tv\u00e5 f\u00f6rsta v\u00e4rldsm\u00e4sterskapen.<\/p>","protected":false},"excerpt":{"rendered":"<p>Das Argentinien 2024 Trikot zeigt die traditionellen wei\u00dfen und himmelblauen Streifen des Landes, kombiniert mit goldenen Logos, Applikationen und einer goldenen Schrift.Argentinien hat sowohl die Copa Am\u00e9rica 2021 als auch die Weltmeisterschaft 2022 gewonnen, daher sind die goldenen Elemente eine passende Hommage.Die Streifen des Argentinien-Trikots 2024 sind klassisch, mit einem blauen Streifen in der Mitte [&hellip;]<\/p>","protected":false},"featured_media":18288,"comment_status":"open","ping_status":"closed","template":"","meta":[],"product_brand":[],"product_cat":[325],"product_tag":[1118,1119,20,21,22,24],"class_list":{"0":"post-18268","1":"product","2":"type-product","3":"status-publish","4":"has-post-thumbnail","6":"product_cat-argentinien-trikots","7":"product_tag-argentinien-copa-america-2024","8":"product_tag-argentinien-fussballtrikots","9":"product_tag-coole-fussballtrikots","10":"product_tag-fussballtrikot-fuer-herren","11":"product_tag-fussballtrikot-guenstig-kaufen","12":"product_tag-guenstiges-fussballtrikot","14":"first","15":"instock","16":"shipping-taxable","17":"purchasable","18":"product-type-variable"},"_links":{"self":[{"href":"https:\/\/www.billigtrikotde.com\/sv\/wp-json\/wp\/v2\/product\/18268","targetHints":{"allow":["GET"]}}],"collection":[{"href":"https:\/\/www.billigtrikotde.com\/sv\/wp-json\/wp\/v2\/product"}],"about":[{"href":"https:\/\/www.billigtrikotde.com\/sv\/wp-json\/wp\/v2\/types\/product"}],"replies":[{"embeddable":true,"href":"https:\/\/www.billigtrikotde.com\/sv\/wp-json\/wp\/v2\/comments?post=18268"}],"wp:featuredmedia":[{"embeddable":true,"href":"https:\/\/www.billigtrikotde.com\/sv\/wp-json\/wp\/v2\/media\/18288"}],"wp:attachment":[{"href":"https:\/\/www.billigtrikotde.com\/sv\/wp-json\/wp\/v2\/media?parent=18268"}],"wp:term":[{"taxonomy":"product_brand","embeddable":true,"href":"https:\/\/www.billigtrikotde.com\/sv\/wp-json\/wp\/v2\/product_brand?post=18268"},{"taxonomy":"product_cat","embeddable":true,"href":"https:\/\/www.billigtrikotde.com\/sv\/wp-json\/wp\/v2\/product_cat?post=18268"},{"taxonomy":"product_tag","embeddable":true,"href":"https:\/\/www.billigtrikotde.com\/sv\/wp-json\/wp\/v2\/product_tag?post=18268"}],"curies":[{"name":"wp","href":"https:\/\/api.w.org\/{rel}","templated":true}]}}