{"id":18160,"date":"2024-10-24T10:19:38","date_gmt":"2024-10-24T08:19:38","guid":{"rendered":"http:\/\/billigtrikots.com\/?post_type=product&#038;p=18160"},"modified":"2024-10-24T10:22:25","modified_gmt":"2024-10-24T08:22:25","slug":"niederlande-euro-2024-heimtrikot-em-24-25-orange-fuer-kinder","status":"publish","type":"product","link":"https:\/\/www.billigtrikotde.com\/sv\/niederlande-euro-2024-heimtrikot-em-24-25-orange-fuer-kinder\/","title":{"rendered":"Holland Euro 2024 Hemmatr\u00f6ja EM 24-25 orange f\u00f6r barn"},"content":{"rendered":"<p>Nederl\u00e4ndernas 2024-tr\u00f6ja \u00e4r huvudsakligen \"Safety Orange\", kombinerat med Navy (\"Blue Void\") och Teal (\"Copa\") Designen p\u00e5 Nederl\u00e4ndernas Euro 2024-tr\u00f6ja \u00e4r enkel och modern (i motsats till bortatr\u00f6jan). Den har inget m\u00f6nster utan \u00e4r helt orange. Endast applikationerna i marinbl\u00e5tt och bl\u00e5gr\u00f6nt karakt\u00e4riserar designen.<\/p>","protected":false},"excerpt":{"rendered":"<p>Nederl\u00e4ndernas 2024-tr\u00f6ja \u00e4r huvudsakligen \"Safety Orange\", kombinerat med Navy (\"Blue Void\") och Teal (\"Copa\") Designen p\u00e5 Nederl\u00e4ndernas Euro 2024-tr\u00f6ja \u00e4r enkel och modern (i motsats till bortatr\u00f6jan). Den har inget m\u00f6nster utan \u00e4r helt orange. Endast applikationerna i marinbl\u00e5tt och bl\u00e5gr\u00f6nt karakt\u00e4riserar designen.<\/p>","protected":false},"featured_media":18213,"comment_status":"open","ping_status":"closed","template":"","meta":[],"product_brand":[],"product_cat":[1102],"product_tag":[20,1076,1077,21,22,23,24,1103],"class_list":{"0":"post-18160","1":"product","2":"type-product","3":"status-publish","4":"has-post-thumbnail","6":"product_cat-em-2024-niederlande","7":"product_tag-coole-fussballtrikots","8":"product_tag-em-2024-trikot","9":"product_tag-em-2024-trikot-herren","10":"product_tag-fussballtrikot-fuer-herren","11":"product_tag-fussballtrikot-guenstig-kaufen","12":"product_tag-fussballtrikot-kurzarm","13":"product_tag-guenstiges-fussballtrikot","14":"product_tag-niederlande-trikot-em-2024","16":"first","17":"instock","18":"shipping-taxable","19":"purchasable","20":"product-type-variable"},"_links":{"self":[{"href":"https:\/\/www.billigtrikotde.com\/sv\/wp-json\/wp\/v2\/product\/18160","targetHints":{"allow":["GET"]}}],"collection":[{"href":"https:\/\/www.billigtrikotde.com\/sv\/wp-json\/wp\/v2\/product"}],"about":[{"href":"https:\/\/www.billigtrikotde.com\/sv\/wp-json\/wp\/v2\/types\/product"}],"replies":[{"embeddable":true,"href":"https:\/\/www.billigtrikotde.com\/sv\/wp-json\/wp\/v2\/comments?post=18160"}],"wp:featuredmedia":[{"embeddable":true,"href":"https:\/\/www.billigtrikotde.com\/sv\/wp-json\/wp\/v2\/media\/18213"}],"wp:attachment":[{"href":"https:\/\/www.billigtrikotde.com\/sv\/wp-json\/wp\/v2\/media?parent=18160"}],"wp:term":[{"taxonomy":"product_brand","embeddable":true,"href":"https:\/\/www.billigtrikotde.com\/sv\/wp-json\/wp\/v2\/product_brand?post=18160"},{"taxonomy":"product_cat","embeddable":true,"href":"https:\/\/www.billigtrikotde.com\/sv\/wp-json\/wp\/v2\/product_cat?post=18160"},{"taxonomy":"product_tag","embeddable":true,"href":"https:\/\/www.billigtrikotde.com\/sv\/wp-json\/wp\/v2\/product_tag?post=18160"}],"curies":[{"name":"wp","href":"https:\/\/api.w.org\/{rel}","templated":true}]}}