{"id":18137,"date":"2024-10-24T10:18:29","date_gmt":"2024-10-24T08:18:29","guid":{"rendered":"http:\/\/billigtrikots.com\/?post_type=product&#038;p=18137"},"modified":"2024-10-24T10:21:16","modified_gmt":"2024-10-24T08:21:16","slug":"herren-frankreich-euro-2024-heimtrikot-em-24-25-blau-kurzarm","status":"publish","type":"product","link":"https:\/\/www.billigtrikotde.com\/sv\/herren-frankreich-euro-2024-heimtrikot-em-24-25-blau-kurzarm\/","title":{"rendered":"Herr Frankrike EURO 2024 Hemmatr\u00f6ja EM 24-25 bl\u00e5 kort\u00e4rmad"},"content":{"rendered":"<p>Frankrike 2024-tr\u00f6jan har en klassisk men snygg design. Den \u00e4r huvudsakligen i \"Bright Blue\" och avviker d\u00e4rmed fr\u00e5n den marinbl\u00e5 2022. Kombinerat med denna nyans av bl\u00e5tt \u00e4r \"University Red\" och vitt.det mest anm\u00e4rkningsv\u00e4rda med France 2024-tr\u00f6jan \u00e4r f\u00f6rmodligen vapnet. Efter det monokroma tillv\u00e4gag\u00e5ngss\u00e4ttet f\u00f6r alla tidigare France-tr\u00f6jor introducerar swoosh ett nytt klassiskt f\u00e4rgschema f\u00f6r den ber\u00f6mda FFF-logotypen.<\/p>","protected":false},"excerpt":{"rendered":"<p>Das Frankreich 2024 Trikot hat ein klassisches, aber stilvolles Design. Es ist haupts\u00e4chlich in \u201eBright Blue\u201c gehalten und weicht damit vom Marineblau des Jahres 2022 ab. Kombiniert mit diesem Blauton sind \u201eUniversity Red\u201c und Wei\u00df.Das Bemerkenswerteste am Trikot Frankreich 2024 ist wahrscheinlich das Wappen. Nach dem monochromen Ansatz aller bisherigen Frankreich-Trikots f\u00fchrt der Swoosh ein [&hellip;]<\/p>","protected":false},"featured_media":18189,"comment_status":"open","ping_status":"closed","template":"","meta":[],"product_brand":[],"product_cat":[1098,1072],"product_tag":[20,1076,1077,1099,21,22,23,24],"class_list":{"0":"post-18137","1":"product","2":"type-product","3":"status-publish","4":"has-post-thumbnail","6":"product_cat-em-2024-frankreich","7":"product_cat-em-2024-trikots","8":"product_tag-coole-fussballtrikots","9":"product_tag-em-2024-trikot","10":"product_tag-em-2024-trikot-herren","11":"product_tag-frankreich-trikot-em-2024","12":"product_tag-fussballtrikot-fuer-herren","13":"product_tag-fussballtrikot-guenstig-kaufen","14":"product_tag-fussballtrikot-kurzarm","15":"product_tag-guenstiges-fussballtrikot","17":"first","18":"instock","19":"shipping-taxable","20":"purchasable","21":"product-type-variable"},"_links":{"self":[{"href":"https:\/\/www.billigtrikotde.com\/sv\/wp-json\/wp\/v2\/product\/18137","targetHints":{"allow":["GET"]}}],"collection":[{"href":"https:\/\/www.billigtrikotde.com\/sv\/wp-json\/wp\/v2\/product"}],"about":[{"href":"https:\/\/www.billigtrikotde.com\/sv\/wp-json\/wp\/v2\/types\/product"}],"replies":[{"embeddable":true,"href":"https:\/\/www.billigtrikotde.com\/sv\/wp-json\/wp\/v2\/comments?post=18137"}],"wp:featuredmedia":[{"embeddable":true,"href":"https:\/\/www.billigtrikotde.com\/sv\/wp-json\/wp\/v2\/media\/18189"}],"wp:attachment":[{"href":"https:\/\/www.billigtrikotde.com\/sv\/wp-json\/wp\/v2\/media?parent=18137"}],"wp:term":[{"taxonomy":"product_brand","embeddable":true,"href":"https:\/\/www.billigtrikotde.com\/sv\/wp-json\/wp\/v2\/product_brand?post=18137"},{"taxonomy":"product_cat","embeddable":true,"href":"https:\/\/www.billigtrikotde.com\/sv\/wp-json\/wp\/v2\/product_cat?post=18137"},{"taxonomy":"product_tag","embeddable":true,"href":"https:\/\/www.billigtrikotde.com\/sv\/wp-json\/wp\/v2\/product_tag?post=18137"}],"curies":[{"name":"wp","href":"https:\/\/api.w.org\/{rel}","templated":true}]}}