{"id":18087,"date":"2024-10-24T10:15:39","date_gmt":"2024-10-24T08:15:39","guid":{"rendered":"http:\/\/billigtrikots.com\/?post_type=product&#038;p=18087"},"modified":"2024-10-24T10:18:23","modified_gmt":"2024-10-24T08:18:23","slug":"herren-portugal-euro-2024-heimtrikot-em-24-25-rot-kurzarm-kaufen","status":"publish","type":"product","link":"https:\/\/www.billigtrikotde.com\/sv\/herren-portugal-euro-2024-heimtrikot-em-24-25-rot-kurzarm-kaufen\/","title":{"rendered":"Herr Portugal EURO 2024 Hemmatr\u00f6ja EM 24-25 R\u00f6d Kort\u00e4rmad K\u00f6p"},"content":{"rendered":"<p>Portugals Euro 2024-tr\u00f6ja har landets klassiska r\u00f6da f\u00e4rg, men kombinerad med andra f\u00e4rger \u00e4n tidigare \u00e5r. Den \u00e4r huvudsakligen r\u00f6d, kombinerad med gr\u00f6na och svarta applikationer, plus en ljus beige f\u00f6r sovoosh, samt namn och nummer. De officiella f\u00e4rgerna \u00e4r \"University Red\/Pine Green\/Sail\" och Portugal 2024-tr\u00f6jan har ingen grafisk design utan l\u00e5ter f\u00e4rgerna st\u00e5 i centrum. Det finns en speciell Portugal-bokstav p\u00e5 insidan av kragen.<\/p>","protected":false},"excerpt":{"rendered":"<p>Das Portugal Euro 2024 Trikot zeigt die klassische rote Farbe des Landes, aber kombiniert mit anderen Farben als in den letzten Jahren. Es ist haupts\u00e4chlich rot, kombiniert mit gr\u00fcnen und schwarzen Applikationen, dazu kommt ein helles Beige f\u00fcr den Sowoosh, sowie die Namen und Nummern. Offiziell lauten die Farben \u201eUniversity Red\/Pine Green\/Sail\u201c.Verwendet f\u00fcr das Trikot [&hellip;]<\/p>","protected":false},"featured_media":18132,"comment_status":"open","ping_status":"closed","template":"","meta":[],"product_brand":[],"product_cat":[1094,1072],"product_tag":[20,1076,1077,21,22,23,24,1095],"class_list":{"0":"post-18087","1":"product","2":"type-product","3":"status-publish","4":"has-post-thumbnail","6":"product_cat-em-2024-portugal","7":"product_cat-em-2024-trikots","8":"product_tag-coole-fussballtrikots","9":"product_tag-em-2024-trikot","10":"product_tag-em-2024-trikot-herren","11":"product_tag-fussballtrikot-fuer-herren","12":"product_tag-fussballtrikot-guenstig-kaufen","13":"product_tag-fussballtrikot-kurzarm","14":"product_tag-guenstiges-fussballtrikot","15":"product_tag-portugal-trikot-em-2024","17":"first","18":"instock","19":"shipping-taxable","20":"purchasable","21":"product-type-variable"},"_links":{"self":[{"href":"https:\/\/www.billigtrikotde.com\/sv\/wp-json\/wp\/v2\/product\/18087","targetHints":{"allow":["GET"]}}],"collection":[{"href":"https:\/\/www.billigtrikotde.com\/sv\/wp-json\/wp\/v2\/product"}],"about":[{"href":"https:\/\/www.billigtrikotde.com\/sv\/wp-json\/wp\/v2\/types\/product"}],"replies":[{"embeddable":true,"href":"https:\/\/www.billigtrikotde.com\/sv\/wp-json\/wp\/v2\/comments?post=18087"}],"wp:featuredmedia":[{"embeddable":true,"href":"https:\/\/www.billigtrikotde.com\/sv\/wp-json\/wp\/v2\/media\/18132"}],"wp:attachment":[{"href":"https:\/\/www.billigtrikotde.com\/sv\/wp-json\/wp\/v2\/media?parent=18087"}],"wp:term":[{"taxonomy":"product_brand","embeddable":true,"href":"https:\/\/www.billigtrikotde.com\/sv\/wp-json\/wp\/v2\/product_brand?post=18087"},{"taxonomy":"product_cat","embeddable":true,"href":"https:\/\/www.billigtrikotde.com\/sv\/wp-json\/wp\/v2\/product_cat?post=18087"},{"taxonomy":"product_tag","embeddable":true,"href":"https:\/\/www.billigtrikotde.com\/sv\/wp-json\/wp\/v2\/product_tag?post=18087"}],"curies":[{"name":"wp","href":"https:\/\/api.w.org\/{rel}","templated":true}]}}