{"id":18083,"date":"2024-10-24T10:15:35","date_gmt":"2024-10-24T08:15:35","guid":{"rendered":"http:\/\/billigtrikots.com\/?post_type=product&#038;p=18083"},"modified":"2024-10-24T10:18:21","modified_gmt":"2024-10-24T08:18:21","slug":"kinder-portugal-euro-2024-auswaertstrikot-em-24-25-kurzarm","status":"publish","type":"product","link":"https:\/\/www.billigtrikotde.com\/sv\/kinder-portugal-euro-2024-auswaertstrikot-em-24-25-kurzarm\/","title":{"rendered":"Barn Portugal EURO 2024 Bortatr\u00f6ja EM 24-25 Kort\u00e4rmad"},"content":{"rendered":"<p>Bortatr\u00f6jan Portugal 2024 har en design som \u00e4r n\u00e4ra kopplad till Portugals historia. Tr\u00f6jan har en allover-grafik med ett m\u00f6nster i azulejo-stil som har en grungy effekt.Azulejo \u00e4r en form av portugisiska och spanska tennglaserade keramiska plattor. Det anv\u00e4nds vanligtvis f\u00f6r att dekorera v\u00e4ggar och golv och \u00e4r k\u00e4nt f\u00f6r sina ljusa f\u00e4rger och invecklade m\u00f6nster.<\/p>\n<p>F\u00e4rgerna f\u00f6ljer samma f\u00e4rgschema som bortatr\u00f6jan f\u00f6r fotbolls-VM 2022. Precis som tr\u00f6jan f\u00f6r Qatar \u00e4r den nya bortatr\u00f6jan f\u00f6r Portugal 2024 huvudsakligen i segelf\u00e4rger.Portugal Euro 2024 bortatr\u00f6ja med ljusbl\u00e5 och en mycket m\u00f6rk marinbl\u00e5, \"University Blue\" och \"Pitch Blue\".<\/p>","protected":false},"excerpt":{"rendered":"<p>Bortatr\u00f6jan Portugal 2024 har en design som \u00e4r n\u00e4ra kopplad till Portugals historia. Tr\u00f6jan har en allover-grafik med ett m\u00f6nster i azulejo-stil som har en grungy effekt.Azulejo \u00e4r en form av portugisiska och spanska tennglaserade keramiska plattor. Det anv\u00e4nds vanligtvis f\u00f6r att dekorera v\u00e4ggar och golv och \u00e4r k\u00e4nt f\u00f6r sina ljusa f\u00e4rger och invecklade m\u00f6nster.<\/p>","protected":false},"featured_media":18123,"comment_status":"open","ping_status":"closed","template":"","meta":[],"product_brand":[],"product_cat":[1094,1072],"product_tag":[20,1076,1077,21,22,23,24,1095],"class_list":{"0":"post-18083","1":"product","2":"type-product","3":"status-publish","4":"has-post-thumbnail","6":"product_cat-em-2024-portugal","7":"product_cat-em-2024-trikots","8":"product_tag-coole-fussballtrikots","9":"product_tag-em-2024-trikot","10":"product_tag-em-2024-trikot-herren","11":"product_tag-fussballtrikot-fuer-herren","12":"product_tag-fussballtrikot-guenstig-kaufen","13":"product_tag-fussballtrikot-kurzarm","14":"product_tag-guenstiges-fussballtrikot","15":"product_tag-portugal-trikot-em-2024","17":"first","18":"instock","19":"shipping-taxable","20":"purchasable","21":"product-type-variable"},"_links":{"self":[{"href":"https:\/\/www.billigtrikotde.com\/sv\/wp-json\/wp\/v2\/product\/18083","targetHints":{"allow":["GET"]}}],"collection":[{"href":"https:\/\/www.billigtrikotde.com\/sv\/wp-json\/wp\/v2\/product"}],"about":[{"href":"https:\/\/www.billigtrikotde.com\/sv\/wp-json\/wp\/v2\/types\/product"}],"replies":[{"embeddable":true,"href":"https:\/\/www.billigtrikotde.com\/sv\/wp-json\/wp\/v2\/comments?post=18083"}],"wp:featuredmedia":[{"embeddable":true,"href":"https:\/\/www.billigtrikotde.com\/sv\/wp-json\/wp\/v2\/media\/18123"}],"wp:attachment":[{"href":"https:\/\/www.billigtrikotde.com\/sv\/wp-json\/wp\/v2\/media?parent=18083"}],"wp:term":[{"taxonomy":"product_brand","embeddable":true,"href":"https:\/\/www.billigtrikotde.com\/sv\/wp-json\/wp\/v2\/product_brand?post=18083"},{"taxonomy":"product_cat","embeddable":true,"href":"https:\/\/www.billigtrikotde.com\/sv\/wp-json\/wp\/v2\/product_cat?post=18083"},{"taxonomy":"product_tag","embeddable":true,"href":"https:\/\/www.billigtrikotde.com\/sv\/wp-json\/wp\/v2\/product_tag?post=18083"}],"curies":[{"name":"wp","href":"https:\/\/api.w.org\/{rel}","templated":true}]}}