{"id":1806,"date":"2024-10-23T13:46:45","date_gmt":"2024-10-23T11:46:45","guid":{"rendered":"http:\/\/billigtrikots.com\/?post_type=product&#038;p=1806"},"modified":"2024-10-23T13:48:16","modified_gmt":"2024-10-23T11:48:16","slug":"bvb-borussia-dortmund-auswaertstrikot-2022-asphalt-schwarz","status":"publish","type":"product","link":"https:\/\/www.billigtrikotde.com\/sv\/bvb-borussia-dortmund-auswaertstrikot-2022-asphalt-schwarz\/","title":{"rendered":"BVB Borussia Dortmund Bortatr\u00f6ja 2022 Asfalt\/Svart"},"content":{"rendered":"<p>Visa v\u00e4rlden vilken klubb du hejar p\u00e5 med denna officiella BVB Borussia Dortmund herrar Borta-tr\u00f6ja 21\/22. Med den kultiga BVB 09-logotypen p\u00e5 br\u00f6stet och den lika kultiga PUMA Cat-logotypen k\u00e4nns denna tr\u00f6ja lika bra som den ser ut. Den best\u00e5r av 100 % \u00e5tervunnen polyester och har en V-hals med ribbad konstruktion i ryggen och skal-material p\u00e5 framsidan, raglan\u00e4rmar med meshinsatser p\u00e5 axlarna och i\u00f6gonfallande muddar i kontrastf\u00e4rger med limmade s\u00f6mmar p\u00e5 b\u00e5da \u00e4rmarna.<\/p>\n<p>Tips f\u00f6r utskrift: Om namn och nummer p\u00e5 bilden \u00e4r exakt vad du vill ha, beh\u00f6ver du inte ange dem igen. Om inte, ska du ange \u00f6nskat namn och nummer.<\/p>\n<p>Tips f\u00f6r tv\u00e4tt: Det \u00e4r rekommenderat att tv\u00e4tta fotbollstr\u00f6jor f\u00f6r hand. Om du vill anv\u00e4nda tv\u00e4ttmaskinen ska du komma ih\u00e5g att v\u00e4nda fotbollstr\u00f6jorna ut och in och sedan tv\u00e4tta dem. Fyll maskinen med kallt vatten och anv\u00e4nd ett skonsamt program f\u00f6r att b\u00e4ttre skydda f\u00e4rgerna.<\/p>","protected":false},"excerpt":{"rendered":"<p>Zeige der Welt, f\u00fcr welche Mannschaft du jubelst mit diesem offiziellen BVB Borussia Dortmund Herren Ausw\u00e4rtstrikot 21\/22. Mit dem kultigen BVB 09 Logo auf der Brust und dem ebenso kultigen PUMA Cat Logo f\u00fchlt sich dieses Trikot genauso gut an, wie es aussieht. Es besteht aus 100 % recyceltem Polyester und hat einen V-Ausschnitt mit [&hellip;]<\/p>","protected":false},"featured_media":1838,"comment_status":"open","ping_status":"closed","template":"","meta":[],"product_brand":[],"product_cat":[63],"product_tag":[20,68,65,66,67,21,22,23,24],"class_list":{"0":"post-1806","1":"product","2":"type-product","3":"status-publish","4":"has-post-thumbnail","6":"product_cat-borussia-dortmund","7":"product_tag-coole-fussballtrikots","8":"product_tag-borussia-dortmund-auswaertstrikot","9":"product_tag-borussia-dortmund-trikots","10":"product_tag-bvb-trikots","11":"product_tag-fussball-trikotsatz","12":"product_tag-fussballtrikot-fuer-herren","13":"product_tag-fussballtrikot-guenstig-kaufen","14":"product_tag-fussballtrikot-kurzarm","15":"product_tag-guenstiges-fussballtrikot","17":"first","18":"instock","19":"shipping-taxable","20":"purchasable","21":"product-type-variable"},"_links":{"self":[{"href":"https:\/\/www.billigtrikotde.com\/sv\/wp-json\/wp\/v2\/product\/1806","targetHints":{"allow":["GET"]}}],"collection":[{"href":"https:\/\/www.billigtrikotde.com\/sv\/wp-json\/wp\/v2\/product"}],"about":[{"href":"https:\/\/www.billigtrikotde.com\/sv\/wp-json\/wp\/v2\/types\/product"}],"replies":[{"embeddable":true,"href":"https:\/\/www.billigtrikotde.com\/sv\/wp-json\/wp\/v2\/comments?post=1806"}],"wp:featuredmedia":[{"embeddable":true,"href":"https:\/\/www.billigtrikotde.com\/sv\/wp-json\/wp\/v2\/media\/1838"}],"wp:attachment":[{"href":"https:\/\/www.billigtrikotde.com\/sv\/wp-json\/wp\/v2\/media?parent=1806"}],"wp:term":[{"taxonomy":"product_brand","embeddable":true,"href":"https:\/\/www.billigtrikotde.com\/sv\/wp-json\/wp\/v2\/product_brand?post=1806"},{"taxonomy":"product_cat","embeddable":true,"href":"https:\/\/www.billigtrikotde.com\/sv\/wp-json\/wp\/v2\/product_cat?post=1806"},{"taxonomy":"product_tag","embeddable":true,"href":"https:\/\/www.billigtrikotde.com\/sv\/wp-json\/wp\/v2\/product_tag?post=1806"}],"curies":[{"name":"wp","href":"https:\/\/api.w.org\/{rel}","templated":true}]}}