{"id":17983,"date":"2024-10-24T10:10:25","date_gmt":"2024-10-24T08:10:25","guid":{"rendered":"http:\/\/billigtrikots.com\/?post_type=product&#038;p=17983"},"modified":"2024-10-24T10:12:38","modified_gmt":"2024-10-24T08:12:38","slug":"italien-euro-2024-auswaertstrikot-em-24-weiss-kurzarm-federico-chiesa-14","status":"publish","type":"product","link":"https:\/\/www.billigtrikotde.com\/sv\/italien-euro-2024-auswaertstrikot-em-24-weiss-kurzarm-federico-chiesa-14\/","title":{"rendered":"Italien Euro 2024 bortast\u00e4ll EM 24 vit kort\u00e4rmad Federico Chiesa 14"},"content":{"rendered":"<p>Italien Euro 2024 bortast\u00e4ll EM 24 vit kort\u00e4rmad Federico Chiesa 14<\/p>","protected":false},"excerpt":{"rendered":"<p>Italien Euro 2024 bortast\u00e4ll EM 24 vit kort\u00e4rmad Federico Chiesa 14<\/p>","protected":false},"featured_media":18025,"comment_status":"open","ping_status":"closed","template":"","meta":[],"product_brand":[],"product_cat":[1081,1072],"product_tag":[20,1076,1077,22,426,24,1082],"class_list":{"0":"post-17983","1":"product","2":"type-product","3":"status-publish","4":"has-post-thumbnail","6":"product_cat-em-2024-italien","7":"product_cat-em-2024-trikots","8":"product_tag-coole-fussballtrikots","9":"product_tag-em-2024-trikot","10":"product_tag-em-2024-trikot-herren","11":"product_tag-fussballtrikot-guenstig-kaufen","12":"product_tag-fussballtrikots-kurzarm","13":"product_tag-guenstiges-fussballtrikot","14":"product_tag-italien-trikot-em-2024","16":"first","17":"instock","18":"shipping-taxable","19":"purchasable","20":"product-type-variable"},"_links":{"self":[{"href":"https:\/\/www.billigtrikotde.com\/sv\/wp-json\/wp\/v2\/product\/17983","targetHints":{"allow":["GET"]}}],"collection":[{"href":"https:\/\/www.billigtrikotde.com\/sv\/wp-json\/wp\/v2\/product"}],"about":[{"href":"https:\/\/www.billigtrikotde.com\/sv\/wp-json\/wp\/v2\/types\/product"}],"replies":[{"embeddable":true,"href":"https:\/\/www.billigtrikotde.com\/sv\/wp-json\/wp\/v2\/comments?post=17983"}],"wp:featuredmedia":[{"embeddable":true,"href":"https:\/\/www.billigtrikotde.com\/sv\/wp-json\/wp\/v2\/media\/18025"}],"wp:attachment":[{"href":"https:\/\/www.billigtrikotde.com\/sv\/wp-json\/wp\/v2\/media?parent=17983"}],"wp:term":[{"taxonomy":"product_brand","embeddable":true,"href":"https:\/\/www.billigtrikotde.com\/sv\/wp-json\/wp\/v2\/product_brand?post=17983"},{"taxonomy":"product_cat","embeddable":true,"href":"https:\/\/www.billigtrikotde.com\/sv\/wp-json\/wp\/v2\/product_cat?post=17983"},{"taxonomy":"product_tag","embeddable":true,"href":"https:\/\/www.billigtrikotde.com\/sv\/wp-json\/wp\/v2\/product_tag?post=17983"}],"curies":[{"name":"wp","href":"https:\/\/api.w.org\/{rel}","templated":true}]}}