{"id":17940,"date":"2024-10-24T10:08:06","date_gmt":"2024-10-24T08:08:06","guid":{"rendered":"http:\/\/billigtrikots.com\/?post_type=product&#038;p=17940"},"modified":"2024-10-24T10:10:54","modified_gmt":"2024-10-24T08:10:54","slug":"spanien-trikot-euro-2024-auswaertstrikot-em-24-hellgelben-fuer-herren-rodri-hernandez-16","status":"publish","type":"product","link":"https:\/\/www.billigtrikotde.com\/sv\/spanien-trikot-euro-2024-auswaertstrikot-em-24-hellgelben-fuer-herren-rodri-hernandez-16\/","title":{"rendered":"Spanien Euro 2024 bortaset EM 24 ljusgul f\u00f6r herrar Rodri Hernandez 16"},"content":{"rendered":"<p>Spanien 2024 utomhustr\u00f6jan har en frisk och i\u00f6gonfallande f\u00e4rgkombination. Den \u00e4r framf\u00f6r allt blek neongul, m\u00f6jligen inspirerad av landets sanddyner. Officiellt lyder f\u00e4rgnamnet p\u00e5 Spanien 2024 utomhustr\u00f6jan \u201ePulse Yellow\u201c. Ett unikt k\u00e4nnetecken f\u00f6r Spanien Euro 2024 utomhustr\u00f6jan \u00e4r panelerna \u2013 de ljusbl\u00e5 panelerna \u00e4r dekorerade med en sanddynergrafik.<\/p>\n<p>Tips f\u00f6r utskrift: Om namn och nummer p\u00e5 bilden \u00e4r exakt vad du vill ha, beh\u00f6ver du inte ange dem igen. Om inte, ska du ange \u00f6nskat namn och nummer.<\/p>\n<p>Tips f\u00f6r tv\u00e4tt: Det \u00e4r rekommenderat att tv\u00e4tta fotbollstr\u00f6jor f\u00f6r hand. Om du vill anv\u00e4nda tv\u00e4ttmaskinen ska du komma ih\u00e5g att v\u00e4nda fotbollstr\u00f6jorna ut och in och sedan tv\u00e4tta dem. Fyll maskinen med kallt vatten och anv\u00e4nd ett skonsamt program f\u00f6r att b\u00e4ttre skydda f\u00e4rgerna.<\/p>","protected":false},"excerpt":{"rendered":"<p>Spanien 2024 utomhustr\u00f6jan har en frisk och i\u00f6gonfallande f\u00e4rgkombination. Den \u00e4r framf\u00f6r allt blek neongul, m\u00f6jligen inspirerad av landets sanddyner. Officiellt lyder f\u00e4rgnamnet p\u00e5 Spanien 2024 utomhustr\u00f6jan \u201ePulse Yellow\u201c. Ett unikt k\u00e4nnetecken f\u00f6r Spanien Euro 2024 utomhustr\u00f6jan \u00e4r panelerna \u2013 de ljusbl\u00e5 panelerna \u00e4r dekorerade med en sanddynergrafik.<\/p>","protected":false},"featured_media":17979,"comment_status":"open","ping_status":"closed","template":"","meta":[],"product_brand":[],"product_cat":[1079,1072],"product_tag":[20,1076,1077,22,426,24,1080],"class_list":{"0":"post-17940","1":"product","2":"type-product","3":"status-publish","4":"has-post-thumbnail","6":"product_cat-em-2024-spanien","7":"product_cat-em-2024-trikots","8":"product_tag-coole-fussballtrikots","9":"product_tag-em-2024-trikot","10":"product_tag-em-2024-trikot-herren","11":"product_tag-fussballtrikot-guenstig-kaufen","12":"product_tag-fussballtrikots-kurzarm","13":"product_tag-guenstiges-fussballtrikot","14":"product_tag-spanien-trikot-em-2024","16":"first","17":"instock","18":"shipping-taxable","19":"purchasable","20":"product-type-variable"},"_links":{"self":[{"href":"https:\/\/www.billigtrikotde.com\/sv\/wp-json\/wp\/v2\/product\/17940","targetHints":{"allow":["GET"]}}],"collection":[{"href":"https:\/\/www.billigtrikotde.com\/sv\/wp-json\/wp\/v2\/product"}],"about":[{"href":"https:\/\/www.billigtrikotde.com\/sv\/wp-json\/wp\/v2\/types\/product"}],"replies":[{"embeddable":true,"href":"https:\/\/www.billigtrikotde.com\/sv\/wp-json\/wp\/v2\/comments?post=17940"}],"wp:featuredmedia":[{"embeddable":true,"href":"https:\/\/www.billigtrikotde.com\/sv\/wp-json\/wp\/v2\/media\/17979"}],"wp:attachment":[{"href":"https:\/\/www.billigtrikotde.com\/sv\/wp-json\/wp\/v2\/media?parent=17940"}],"wp:term":[{"taxonomy":"product_brand","embeddable":true,"href":"https:\/\/www.billigtrikotde.com\/sv\/wp-json\/wp\/v2\/product_brand?post=17940"},{"taxonomy":"product_cat","embeddable":true,"href":"https:\/\/www.billigtrikotde.com\/sv\/wp-json\/wp\/v2\/product_cat?post=17940"},{"taxonomy":"product_tag","embeddable":true,"href":"https:\/\/www.billigtrikotde.com\/sv\/wp-json\/wp\/v2\/product_tag?post=17940"}],"curies":[{"name":"wp","href":"https:\/\/api.w.org\/{rel}","templated":true}]}}