{"id":17914,"date":"2024-10-24T10:06:50","date_gmt":"2024-10-24T08:06:50","guid":{"rendered":"http:\/\/billigtrikots.com\/?post_type=product&#038;p=17914"},"modified":"2024-10-24T10:09:04","modified_gmt":"2024-10-24T08:09:04","slug":"deutschland-trikot-kinder-dfb-em-2024-heimtrikot-euro-24-weiss-shirt-set-antonio-rudiger-2","status":"publish","type":"product","link":"https:\/\/www.billigtrikotde.com\/sv\/deutschland-trikot-kinder-dfb-em-2024-heimtrikot-euro-24-weiss-shirt-set-antonio-rudiger-2\/","title":{"rendered":"Tyskland Tr\u00f6ja Kids DFB EM 2024 Hemmatr\u00f6ja Euro 24 vit Tr\u00f6ja Set Antonio Rudiger 2"},"content":{"rendered":"<p>De f\u00f6rsta tr\u00f6jl\u00e4ckorna visar Tyskland Euro 2024-tr\u00f6jan \u00e5terigen i de traditionella f\u00e4rgerna vitt och svart, med vita shorts och strumpor. Unika m\u00f6nster skapas alltid f\u00f6r Tysklands tr\u00f6jor, den h\u00e4r g\u00e5ngen inspirerade av DFB-tr\u00f6jorna fr\u00e5n VM 1994 med diamanterna i svart, r\u00f6tt och guld, och Tysklands Euro 2024-hemmatr\u00f6jor har en fin liten dold detalj. P\u00e5 insidan av kragen finns flaggmotivet, som ocks\u00e5 kan ses p\u00e5 \u00e4rmarna.Tyskland 2024-tr\u00f6jan har en modern och enast\u00e5ende design. Den \u00e4r naturligtvis huvudsakligen vit, vilket \u00e4r \u00e4nnu mer intressant, och \u00e4rmarna har den tyska flaggans tref\u00e4rgsgradient, med vita tre r\u00e4nder ovanf\u00f6r den och en effekt inspirerad av VM 1994. Framsidan av hemmatr\u00f6jan f\u00f6r Tyskland Euro 2024 har ett m\u00f6nster som best\u00e5r av DFB-logotypen. \u00c4ven detta m\u00f6nster \u00e4r inspirerat av VM-tr\u00f6jan fr\u00e5n 1994.<\/p>\n<p>Tips f\u00f6r utskrift: Om namn och nummer p\u00e5 bilden \u00e4r exakt vad du vill ha, beh\u00f6ver du inte ange dem igen. Om inte, ska du ange \u00f6nskat namn och nummer.<\/p>\n<p>Tips f\u00f6r tv\u00e4tt: Det \u00e4r rekommenderat att tv\u00e4tta fotbollstr\u00f6jor f\u00f6r hand. Om du vill anv\u00e4nda tv\u00e4ttmaskinen ska du komma ih\u00e5g att v\u00e4nda fotbollstr\u00f6jorna ut och in och sedan tv\u00e4tta dem. Fyll maskinen med kallt vatten och anv\u00e4nd ett skonsamt program f\u00f6r att b\u00e4ttre skydda f\u00e4rgerna.<\/p>","protected":false},"excerpt":{"rendered":"<p>Die ersten Trikot Leaks zeigen das Deutschland EM Trikot 2024 wieder in traditionellen Farben Wei\u00df und Schwarz, mit wei\u00dfer Hose und Stutzen. F\u00fcr die Deutschland Trikots werden immer einzigartige Designs entworfen, dieses Mal orientiert sich man an den DFB Trikots der WM 1994 mit den Rauten in schwarz-rot-gold.Die Deutschland Euro 2024 Heimtrikots kommt mit einem [&hellip;]<\/p>","protected":false},"featured_media":17954,"comment_status":"open","ping_status":"closed","template":"","meta":[],"product_brand":[],"product_cat":[1073,1072],"product_tag":[20,1074,1075,1076,1078,22,396,24],"class_list":{"0":"post-17914","1":"product","2":"type-product","3":"status-publish","4":"has-post-thumbnail","6":"product_cat-em-2024-deutschland","7":"product_cat-em-2024-trikots","8":"product_tag-coole-fussballtrikots","9":"product_tag-deutschland-trikot-em-2024","10":"product_tag-dfb-em-trikots-2024","11":"product_tag-em-2024-trikot","12":"product_tag-em-2024-trikot-kinder","13":"product_tag-fussballtrikot-guenstig-kaufen","14":"product_tag-fussballtrikots-langarm","15":"product_tag-guenstiges-fussballtrikot","17":"first","18":"instock","19":"shipping-taxable","20":"purchasable","21":"product-type-variable"},"_links":{"self":[{"href":"https:\/\/www.billigtrikotde.com\/sv\/wp-json\/wp\/v2\/product\/17914","targetHints":{"allow":["GET"]}}],"collection":[{"href":"https:\/\/www.billigtrikotde.com\/sv\/wp-json\/wp\/v2\/product"}],"about":[{"href":"https:\/\/www.billigtrikotde.com\/sv\/wp-json\/wp\/v2\/types\/product"}],"replies":[{"embeddable":true,"href":"https:\/\/www.billigtrikotde.com\/sv\/wp-json\/wp\/v2\/comments?post=17914"}],"wp:featuredmedia":[{"embeddable":true,"href":"https:\/\/www.billigtrikotde.com\/sv\/wp-json\/wp\/v2\/media\/17954"}],"wp:attachment":[{"href":"https:\/\/www.billigtrikotde.com\/sv\/wp-json\/wp\/v2\/media?parent=17914"}],"wp:term":[{"taxonomy":"product_brand","embeddable":true,"href":"https:\/\/www.billigtrikotde.com\/sv\/wp-json\/wp\/v2\/product_brand?post=17914"},{"taxonomy":"product_cat","embeddable":true,"href":"https:\/\/www.billigtrikotde.com\/sv\/wp-json\/wp\/v2\/product_cat?post=17914"},{"taxonomy":"product_tag","embeddable":true,"href":"https:\/\/www.billigtrikotde.com\/sv\/wp-json\/wp\/v2\/product_tag?post=17914"}],"curies":[{"name":"wp","href":"https:\/\/api.w.org\/{rel}","templated":true}]}}