{"id":17848,"date":"2024-10-24T10:03:03","date_gmt":"2024-10-24T08:03:03","guid":{"rendered":"http:\/\/billigtrikots.com\/?post_type=product&#038;p=17848"},"modified":"2024-10-24T10:05:38","modified_gmt":"2024-10-24T08:05:38","slug":"herren-dfb-deutschland-em-2024-heimtrikot-euro-24-weiss-jamal-musiala-14","status":"publish","type":"product","link":"https:\/\/www.billigtrikotde.com\/sv\/herren-dfb-deutschland-em-2024-heimtrikot-euro-24-weiss-jamal-musiala-14\/","title":{"rendered":"DFB Tyskland EM 2024 Hemmatr\u00f6ja Euro 24 vit Jamal Musiala 14 f\u00f6r herrar"},"content":{"rendered":"<p>Tyskland Euro 2024 hemmatr\u00f6ja kommer med en fin liten dold detalj. P\u00e5 insidan av kragen finns flaggmotivet, som ocks\u00e5 kan ses p\u00e5 \u00e4rmarna.Tyskland 2024-tr\u00f6jan har en modern och enast\u00e5ende design. Den \u00e4r naturligtvis huvudsakligen vit, vilket \u00e4r \u00e4nnu mer intressant, och \u00e4rmarna har den tyska flaggans tref\u00e4rgsgradient, med vita tre r\u00e4nder p\u00e5 toppen och en effekt inspirerad av VM 1994. Framsidan av hemmatr\u00f6jan f\u00f6r Tyskland Euro 2024 har ett m\u00f6nster som best\u00e5r av DFB-logotypen. \u00c4ven detta m\u00f6nster \u00e4r inspirerat av VM-tr\u00f6jan fr\u00e5n 1994.<\/p>\n<p>Tips f\u00f6r utskrift: Om namn och nummer p\u00e5 bilden \u00e4r exakt vad du vill ha, beh\u00f6ver du inte ange dem igen. Om inte, ska du ange \u00f6nskat namn och nummer.<\/p>\n<p>Tips f\u00f6r tv\u00e4tt: Det \u00e4r rekommenderat att tv\u00e4tta fotbollstr\u00f6jor f\u00f6r hand. Om du vill anv\u00e4nda tv\u00e4ttmaskinen ska du komma ih\u00e5g att v\u00e4nda fotbollstr\u00f6jorna ut och in och sedan tv\u00e4tta dem. Fyll maskinen med kallt vatten och anv\u00e4nd ett skonsamt program f\u00f6r att b\u00e4ttre skydda f\u00e4rgerna.<\/p>","protected":false},"excerpt":{"rendered":"<p>Die Deutschland Euro 2024 Heimtrikots kommt mit einem netten, kleinen, versteckten Detail. Auf der Innenseite des Kragens befindet sich das Flaggenmotiv, das auch auf den \u00c4rmeln zu sehen ist.Das Deutschland 2024 Trikot hat ein modernes und herausragendes Design. Es ist nat\u00fcrlich haupts\u00e4chlich wei\u00df,was noch interessanter ist.Die \u00c4rmel haben den dreifarbigen Farbverlauf der deutschen Flagge, mit [&hellip;]<\/p>","protected":false},"featured_media":17892,"comment_status":"open","ping_status":"closed","template":"","meta":[],"product_brand":[],"product_cat":[1073,1072],"product_tag":[20,1074,1075,1076,1077,21,22,23,24],"class_list":{"0":"post-17848","1":"product","2":"type-product","3":"status-publish","4":"has-post-thumbnail","6":"product_cat-em-2024-deutschland","7":"product_cat-em-2024-trikots","8":"product_tag-coole-fussballtrikots","9":"product_tag-deutschland-trikot-em-2024","10":"product_tag-dfb-em-trikots-2024","11":"product_tag-em-2024-trikot","12":"product_tag-em-2024-trikot-herren","13":"product_tag-fussballtrikot-fuer-herren","14":"product_tag-fussballtrikot-guenstig-kaufen","15":"product_tag-fussballtrikot-kurzarm","16":"product_tag-guenstiges-fussballtrikot","18":"first","19":"instock","20":"shipping-taxable","21":"purchasable","22":"product-type-variable"},"_links":{"self":[{"href":"https:\/\/www.billigtrikotde.com\/sv\/wp-json\/wp\/v2\/product\/17848","targetHints":{"allow":["GET"]}}],"collection":[{"href":"https:\/\/www.billigtrikotde.com\/sv\/wp-json\/wp\/v2\/product"}],"about":[{"href":"https:\/\/www.billigtrikotde.com\/sv\/wp-json\/wp\/v2\/types\/product"}],"replies":[{"embeddable":true,"href":"https:\/\/www.billigtrikotde.com\/sv\/wp-json\/wp\/v2\/comments?post=17848"}],"wp:featuredmedia":[{"embeddable":true,"href":"https:\/\/www.billigtrikotde.com\/sv\/wp-json\/wp\/v2\/media\/17892"}],"wp:attachment":[{"href":"https:\/\/www.billigtrikotde.com\/sv\/wp-json\/wp\/v2\/media?parent=17848"}],"wp:term":[{"taxonomy":"product_brand","embeddable":true,"href":"https:\/\/www.billigtrikotde.com\/sv\/wp-json\/wp\/v2\/product_brand?post=17848"},{"taxonomy":"product_cat","embeddable":true,"href":"https:\/\/www.billigtrikotde.com\/sv\/wp-json\/wp\/v2\/product_cat?post=17848"},{"taxonomy":"product_tag","embeddable":true,"href":"https:\/\/www.billigtrikotde.com\/sv\/wp-json\/wp\/v2\/product_tag?post=17848"}],"curies":[{"name":"wp","href":"https:\/\/api.w.org\/{rel}","templated":true}]}}