{"id":1755,"date":"2024-10-23T13:44:27","date_gmt":"2024-10-23T11:44:27","guid":{"rendered":"http:\/\/billigtrikots.com\/?post_type=product&#038;p=1755"},"modified":"2024-10-23T13:46:06","modified_gmt":"2024-10-23T11:46:06","slug":"borussia-dortmund-2022-heimtrikot-gelb-schwarz-langarm-kurze-hosen-morey-bauza-2","status":"publish","type":"product","link":"https:\/\/www.billigtrikotde.com\/sv\/borussia-dortmund-2022-heimtrikot-gelb-schwarz-langarm-kurze-hosen-morey-bauza-2\/","title":{"rendered":"Borussia Dortmund 2022 hemmatr\u00f6ja gul-svart l\u00e5ng\u00e4rmad + shorts Morey Bauza 2"},"content":{"rendered":"<p>Den officiella Borussia Dortmund 09-logotypen pryder v\u00e4nstra br\u00f6stet p\u00e5 denna hemmatr\u00f6ja med V-ringning. Denna tr\u00f6ja \u00e4r helt inriktad p\u00e5 b\u00e4rkomfort och \u00f6vertygar med PUMAs dryCELL-teknologi som transporterar bort fukt fr\u00e5n kroppen. F\u00f6r lite svett (eller mycket) b\u00f6r inte st\u00e5 i v\u00e4gen f\u00f6r ditt spel.<\/p>\n<p>Denna produkt inneh\u00e5ller \u00e5tervinningsmaterial: Tillverkad av \u00e5teranv\u00e4nda fibrer. En initiativ fr\u00e5n PUMA f\u00f6r att minska negativa milj\u00f6p\u00e5verkan.<\/p>\n<p>Tips f\u00f6r utskrift: Om namn och nummer p\u00e5 bilden \u00e4r exakt vad du vill ha, beh\u00f6ver du inte ange dem igen. Om inte, ska du ange \u00f6nskat namn och nummer.<\/p>\n<p>Tips f\u00f6r tv\u00e4tt: Det \u00e4r rekommenderat att tv\u00e4tta fotbollstr\u00f6jor f\u00f6r hand. Om du vill anv\u00e4nda tv\u00e4ttmaskinen ska du komma ih\u00e5g att v\u00e4nda fotbollstr\u00f6jorna ut och in och sedan tv\u00e4tta dem. Fyll maskinen med kallt vatten och anv\u00e4nd ett skonsamt program f\u00f6r att b\u00e4ttre skydda f\u00e4rgerna.<\/p>","protected":false},"excerpt":{"rendered":"<p>Das offizielle Borussia Dortmund 09-Logo ziert die linke Brustseite dieses Heimtrikots mit V-Ausschnitt. Dieses Trikot ist ganz auf Tragekomfort ausgelegt und \u00fcberzeugt mit PUMAs dryCELL-Technologie, die Feuchtigkeit von deinem K\u00f6rper wegtransportiert. Denn ein wenig Schwei\u00df (oder auch eine Menge) sollte deinem Spiel nicht im Wege stehen. Dieses Produkt enth\u00e4lt Recyclingmaterial: Hergestellt aus wiederverwendeten Fasern. Eine [&hellip;]<\/p>","protected":false},"featured_media":1788,"comment_status":"open","ping_status":"closed","template":"","meta":[],"product_brand":[],"product_cat":[63],"product_tag":[20,65,66,38,21,22,24],"class_list":{"0":"post-1755","1":"product","2":"type-product","3":"status-publish","4":"has-post-thumbnail","6":"product_cat-borussia-dortmund","7":"product_tag-coole-fussballtrikots","8":"product_tag-borussia-dortmund-trikots","9":"product_tag-bvb-trikots","10":"product_tag-fussball-trikot-langarm","11":"product_tag-fussballtrikot-fuer-herren","12":"product_tag-fussballtrikot-guenstig-kaufen","13":"product_tag-guenstiges-fussballtrikot","15":"first","16":"instock","17":"shipping-taxable","18":"purchasable","19":"product-type-variable"},"_links":{"self":[{"href":"https:\/\/www.billigtrikotde.com\/sv\/wp-json\/wp\/v2\/product\/1755","targetHints":{"allow":["GET"]}}],"collection":[{"href":"https:\/\/www.billigtrikotde.com\/sv\/wp-json\/wp\/v2\/product"}],"about":[{"href":"https:\/\/www.billigtrikotde.com\/sv\/wp-json\/wp\/v2\/types\/product"}],"replies":[{"embeddable":true,"href":"https:\/\/www.billigtrikotde.com\/sv\/wp-json\/wp\/v2\/comments?post=1755"}],"wp:featuredmedia":[{"embeddable":true,"href":"https:\/\/www.billigtrikotde.com\/sv\/wp-json\/wp\/v2\/media\/1788"}],"wp:attachment":[{"href":"https:\/\/www.billigtrikotde.com\/sv\/wp-json\/wp\/v2\/media?parent=1755"}],"wp:term":[{"taxonomy":"product_brand","embeddable":true,"href":"https:\/\/www.billigtrikotde.com\/sv\/wp-json\/wp\/v2\/product_brand?post=1755"},{"taxonomy":"product_cat","embeddable":true,"href":"https:\/\/www.billigtrikotde.com\/sv\/wp-json\/wp\/v2\/product_cat?post=1755"},{"taxonomy":"product_tag","embeddable":true,"href":"https:\/\/www.billigtrikotde.com\/sv\/wp-json\/wp\/v2\/product_tag?post=1755"}],"curies":[{"name":"wp","href":"https:\/\/api.w.org\/{rel}","templated":true}]}}