{"id":1721,"date":"2024-10-23T13:42:48","date_gmt":"2024-10-23T11:42:48","guid":{"rendered":"http:\/\/billigtrikots.com\/?post_type=product&#038;p=1721"},"modified":"2024-10-23T13:44:22","modified_gmt":"2024-10-23T11:44:22","slug":"bvb-borussia-dortmund-2022-cup-trikot-gelb-schwarz-mit-aufdruck-akanji-16","status":"publish","type":"product","link":"https:\/\/www.billigtrikotde.com\/sv\/bvb-borussia-dortmund-2022-cup-trikot-gelb-schwarz-mit-aufdruck-akanji-16\/","title":{"rendered":"BVB Borussia Dortmund 2022 CUP Tr\u00f6ja gul\/svart med tryck AKANJI 16"},"content":{"rendered":"<p>I Borussia Dortmund 2021\/22 Pokaltrikot f\u00f6r herrar fr\u00e5n PUMA kan du f\u00e5 killarna att ge allt igen i \u00e5r. I en gul f\u00e4rgton med svarta detaljer \u00e4r denna standard-fit-topp kl\u00e4dd i det karakteristiska dryCELL-polyet f\u00f6r ultra-kontrollerad komfort n\u00e4r spelet blir sp\u00e4nt. Den har en rund halsringning, korta \u00e4rmar och res\u00e5merade avslut f\u00f6r en klassisk look. avslutad med kontrasterande BVB- och PUMA Cat-branding p\u00e5 br\u00f6stet. Tv\u00e4ttmaskins\u00e4ker.<\/p>\n<p>Tips f\u00f6r utskrift: Om namn och nummer p\u00e5 bilden \u00e4r exakt vad du vill ha, beh\u00f6ver du inte ange dem igen. Om inte, ska du ange \u00f6nskat namn och nummer.<\/p>\n<p>Tips f\u00f6r tv\u00e4tt: Det \u00e4r rekommenderat att tv\u00e4tta fotbollstr\u00f6jor f\u00f6r hand. Om du vill anv\u00e4nda tv\u00e4ttmaskinen ska du komma ih\u00e5g att v\u00e4nda fotbollstr\u00f6jorna ut och in och sedan tv\u00e4tta dem. Fyll maskinen med kallt vatten och anv\u00e4nd ett skonsamt program f\u00f6r att b\u00e4ttre skydda f\u00e4rgerna.<\/p>","protected":false},"excerpt":{"rendered":"<p>In diesem Borussia Dortmund 2021\/22 Pokaltrikot f\u00fcr Herren von PUMA kannst du die Jungs in diesem Jahr wieder auf den Weg bringen. In einer gelben Farbgebung mit schwarzen Details ist dieses Standard-Fit-Oberteil aus dem charakteristischen dryCELL-Polygewebe f\u00fcr ultra-coolen Komfort geschnitten, wenn das Spiel angespannt wird. Es hat einen Rundhalsausschnitt, kurze \u00c4rmel und gerippte Abschl\u00fcsse f\u00fcr [&hellip;]<\/p>","protected":false},"featured_media":1752,"comment_status":"open","ping_status":"closed","template":"","meta":[],"product_brand":[],"product_cat":[63],"product_tag":[20,64,65,66,67,21,22,23,24],"class_list":{"0":"post-1721","1":"product","2":"type-product","3":"status-publish","4":"has-post-thumbnail","6":"product_cat-borussia-dortmund","7":"product_tag-coole-fussballtrikots","8":"product_tag-borussia-dortmund-cup-shirt","9":"product_tag-borussia-dortmund-trikots","10":"product_tag-bvb-trikots","11":"product_tag-fussball-trikotsatz","12":"product_tag-fussballtrikot-fuer-herren","13":"product_tag-fussballtrikot-guenstig-kaufen","14":"product_tag-fussballtrikot-kurzarm","15":"product_tag-guenstiges-fussballtrikot","17":"first","18":"instock","19":"shipping-taxable","20":"purchasable","21":"product-type-variable"},"_links":{"self":[{"href":"https:\/\/www.billigtrikotde.com\/sv\/wp-json\/wp\/v2\/product\/1721","targetHints":{"allow":["GET"]}}],"collection":[{"href":"https:\/\/www.billigtrikotde.com\/sv\/wp-json\/wp\/v2\/product"}],"about":[{"href":"https:\/\/www.billigtrikotde.com\/sv\/wp-json\/wp\/v2\/types\/product"}],"replies":[{"embeddable":true,"href":"https:\/\/www.billigtrikotde.com\/sv\/wp-json\/wp\/v2\/comments?post=1721"}],"wp:featuredmedia":[{"embeddable":true,"href":"https:\/\/www.billigtrikotde.com\/sv\/wp-json\/wp\/v2\/media\/1752"}],"wp:attachment":[{"href":"https:\/\/www.billigtrikotde.com\/sv\/wp-json\/wp\/v2\/media?parent=1721"}],"wp:term":[{"taxonomy":"product_brand","embeddable":true,"href":"https:\/\/www.billigtrikotde.com\/sv\/wp-json\/wp\/v2\/product_brand?post=1721"},{"taxonomy":"product_cat","embeddable":true,"href":"https:\/\/www.billigtrikotde.com\/sv\/wp-json\/wp\/v2\/product_cat?post=1721"},{"taxonomy":"product_tag","embeddable":true,"href":"https:\/\/www.billigtrikotde.com\/sv\/wp-json\/wp\/v2\/product_tag?post=1721"}],"curies":[{"name":"wp","href":"https:\/\/api.w.org\/{rel}","templated":true}]}}