{"id":17148,"date":"2024-10-24T09:24:53","date_gmt":"2024-10-24T07:24:53","guid":{"rendered":"http:\/\/billigtrikots.com\/?post_type=product&#038;p=17148"},"modified":"2025-10-16T16:02:14","modified_gmt":"2025-10-16T14:02:14","slug":"real-madrid-2023-24-drittes-trikot-schwarze-goldgelb-fussballtrikots-set-david-alaba-4","status":"publish","type":"product","link":"https:\/\/www.billigtrikotde.com\/sv\/real-madrid-2023-24-drittes-trikot-schwarze-goldgelb-fussballtrikots-set-david-alaba-4\/","title":{"rendered":"Real Madrid 2023-24 Tredjetr\u00f6ja Svart Guld Gul Fotbollstr\u00f6ja Set David Alaba 4"},"content":{"rendered":"<p>Den tredje Real 2023-2024-tr\u00f6jan kombinerar en svart basf\u00e4rg med en gyllengul som den andra f\u00e4rgen. Det \u00e4r samma Prevolved-gul som anv\u00e4nds f\u00f6r Real Madrid 2023-2024 hemma- och bortatr\u00f6jorna och den tredje f\u00e4rgen p\u00e5 Madrid 2023-2024-tr\u00f6jan \u00e4r \"Carbon\" - som f\u00f6rv\u00e4ntat anv\u00e4nds den f\u00f6r de tre r\u00e4nderna.<\/p>\n<p>En annan ny funktion i den tredje Real Madrid 2023-2024 fotbollstr\u00f6jan \u00e4r att det kommer att finnas en speciell \"Lifestyler\" -utg\u00e5va. Lifestyler-versionen av Real Madrid 2023-24 tredje tr\u00f6ja kommer utan sponsorlogotypen, med en annan logotyp och ett annat tyg och snitt.<\/p>\n<p>Tips f\u00f6r utskrift: Om namn och nummer p\u00e5 bilden \u00e4r exakt vad du vill ha, beh\u00f6ver du inte ange dem igen. Om inte, ska du ange \u00f6nskat namn och nummer.<\/p>\n<p>Tips f\u00f6r tv\u00e4tt: Det \u00e4r rekommenderat att tv\u00e4tta fotbollstr\u00f6jor f\u00f6r hand. Om du vill anv\u00e4nda tv\u00e4ttmaskinen ska du komma ih\u00e5g att v\u00e4nda fotbollstr\u00f6jorna ut och in och sedan tv\u00e4tta dem. Fyll maskinen med kallt vatten och anv\u00e4nd ett skonsamt program f\u00f6r att b\u00e4ttre skydda f\u00e4rgerna.<\/p>","protected":false},"excerpt":{"rendered":"<p>Den tredje Real 2023-2024-tr\u00f6jan kombinerar en svart basf\u00e4rg med en gyllengul som den andra f\u00e4rgen. Det \u00e4r samma Prevolved-gul som anv\u00e4nds f\u00f6r Real Madrid 2023-2024 hemma- och bortatr\u00f6jorna och den tredje f\u00e4rgen p\u00e5 Madrid 2023-2024-tr\u00f6jan \u00e4r \"Carbon\" - som f\u00f6rv\u00e4ntat anv\u00e4nds den f\u00f6r de tre r\u00e4nderna.<\/p>","protected":false},"featured_media":17190,"comment_status":"open","ping_status":"closed","template":"","meta":[],"product_brand":[],"product_cat":[45],"product_tag":[574,21,23,228,24,489,490,979,47],"class_list":{"0":"post-17148","1":"product","2":"type-product","3":"status-publish","4":"has-post-thumbnail","6":"product_cat-real-madrid","7":"product_tag-fussballtrikot-deutschland","8":"product_tag-fussballtrikot-fuer-herren","9":"product_tag-fussballtrikot-kurzarm","10":"product_tag-guenstige-fussballtrikot","11":"product_tag-guenstiges-fussballtrikot","12":"product_tag-real-madrid-fussballtrikot","13":"product_tag-real-madrid-trikot","14":"product_tag-real-madrid-trikot-2024","15":"product_tag-real-madrid-trikots","17":"first","18":"instock","19":"shipping-taxable","20":"purchasable","21":"product-type-variable"},"_links":{"self":[{"href":"https:\/\/www.billigtrikotde.com\/sv\/wp-json\/wp\/v2\/product\/17148","targetHints":{"allow":["GET"]}}],"collection":[{"href":"https:\/\/www.billigtrikotde.com\/sv\/wp-json\/wp\/v2\/product"}],"about":[{"href":"https:\/\/www.billigtrikotde.com\/sv\/wp-json\/wp\/v2\/types\/product"}],"replies":[{"embeddable":true,"href":"https:\/\/www.billigtrikotde.com\/sv\/wp-json\/wp\/v2\/comments?post=17148"}],"wp:featuredmedia":[{"embeddable":true,"href":"https:\/\/www.billigtrikotde.com\/sv\/wp-json\/wp\/v2\/media\/17190"}],"wp:attachment":[{"href":"https:\/\/www.billigtrikotde.com\/sv\/wp-json\/wp\/v2\/media?parent=17148"}],"wp:term":[{"taxonomy":"product_brand","embeddable":true,"href":"https:\/\/www.billigtrikotde.com\/sv\/wp-json\/wp\/v2\/product_brand?post=17148"},{"taxonomy":"product_cat","embeddable":true,"href":"https:\/\/www.billigtrikotde.com\/sv\/wp-json\/wp\/v2\/product_cat?post=17148"},{"taxonomy":"product_tag","embeddable":true,"href":"https:\/\/www.billigtrikotde.com\/sv\/wp-json\/wp\/v2\/product_tag?post=17148"}],"curies":[{"name":"wp","href":"https:\/\/api.w.org\/{rel}","templated":true}]}}