{"id":1673,"date":"2024-10-23T13:40:41","date_gmt":"2024-10-23T11:40:41","guid":{"rendered":"http:\/\/billigtrikots.com\/?post_type=product&#038;p=1673"},"modified":"2025-06-16T16:04:10","modified_gmt":"2025-06-16T14:04:10","slug":"juventus-torwart-trikot-pinsoglio-31-guenstige-schwarz-langarm-kurze-hosen","status":"publish","type":"product","link":"https:\/\/www.billigtrikotde.com\/sv\/juventus-torwart-trikot-pinsoglio-31-guenstige-schwarz-langarm-kurze-hosen\/","title":{"rendered":"Juventus M\u00e5lvaktstr\u00f6ja Pinsoglio 31# Billigt Svart L\u00e5ng\u00e4rmad + Shorts"},"content":{"rendered":"<p>Styr ditt f\u00f6rsvar som Juves proffs och b\u00e4r adidas Juventus 21\/22 Goalkeeper Home Jersey, baserad p\u00e5 den tr\u00f6ja som b\u00e4rs av klubbens professionella m\u00e5lvakter.<\/p>\n<p>adidas Juventus 21\/22 Goalkeeper Home Jersey \u00e4r tillverkad av l\u00e4ttviktigt tyg med stretchiga sidopaneler och r\u00f6r sig med din kropp f\u00f6r att hj\u00e4lpa dig att g\u00f6ra matchvinnande r\u00e4ddningar.<\/p>\n<p>Tips f\u00f6r utskrift: Om namn och nummer p\u00e5 bilden \u00e4r exakt vad du vill ha, beh\u00f6ver du inte ange dem igen. Om inte, ska du ange \u00f6nskat namn och nummer.<\/p>\n<p>Tips f\u00f6r tv\u00e4tt: Det \u00e4r rekommenderat att tv\u00e4tta fotbollstr\u00f6jor f\u00f6r hand. Om du vill anv\u00e4nda tv\u00e4ttmaskinen ska du komma ih\u00e5g att v\u00e4nda fotbollstr\u00f6jorna ut och in och sedan tv\u00e4tta dem. Fyll maskinen med kallt vatten och anv\u00e4nd ett skonsamt program f\u00f6r att b\u00e4ttre skydda f\u00e4rgerna.<\/p>","protected":false},"excerpt":{"rendered":"<p>Kommandiere deine Verteidigung wie Juves Profis und trage das adidas Juventus 21\/22 Torwart Heimtrikot, das auf dem Trikot basiert, das von den Pro-Keepern des Clubs getragen wird. Das adidas Juventus 21\/22 Torwart Heimtrikot besteht aus leichtem Stoff mit dehnbaren Seitenteilen und bewegt sich mit deinem K\u00f6rper, um spielgewinnende Paraden zu erm\u00f6glichen. Tipps zum Drucken: Wenn [\u2026]<\/p>","protected":false},"featured_media":1705,"comment_status":"open","ping_status":"closed","template":"","meta":[],"product_brand":[],"product_cat":[59],"product_tag":[20,38,21,24,62,61],"class_list":{"0":"post-1673","1":"product","2":"type-product","3":"status-publish","4":"has-post-thumbnail","6":"product_cat-juventus","7":"product_tag-coole-fussballtrikots","8":"product_tag-fussball-trikot-langarm","9":"product_tag-fussballtrikot-fuer-herren","10":"product_tag-guenstiges-fussballtrikot","11":"product_tag-juventus-torwarttrikot","12":"product_tag-juventus-trikots","14":"first","15":"instock","16":"shipping-taxable","17":"purchasable","18":"product-type-variable"},"_links":{"self":[{"href":"https:\/\/www.billigtrikotde.com\/sv\/wp-json\/wp\/v2\/product\/1673","targetHints":{"allow":["GET"]}}],"collection":[{"href":"https:\/\/www.billigtrikotde.com\/sv\/wp-json\/wp\/v2\/product"}],"about":[{"href":"https:\/\/www.billigtrikotde.com\/sv\/wp-json\/wp\/v2\/types\/product"}],"replies":[{"embeddable":true,"href":"https:\/\/www.billigtrikotde.com\/sv\/wp-json\/wp\/v2\/comments?post=1673"}],"wp:featuredmedia":[{"embeddable":true,"href":"https:\/\/www.billigtrikotde.com\/sv\/wp-json\/wp\/v2\/media\/1705"}],"wp:attachment":[{"href":"https:\/\/www.billigtrikotde.com\/sv\/wp-json\/wp\/v2\/media?parent=1673"}],"wp:term":[{"taxonomy":"product_brand","embeddable":true,"href":"https:\/\/www.billigtrikotde.com\/sv\/wp-json\/wp\/v2\/product_brand?post=1673"},{"taxonomy":"product_cat","embeddable":true,"href":"https:\/\/www.billigtrikotde.com\/sv\/wp-json\/wp\/v2\/product_cat?post=1673"},{"taxonomy":"product_tag","embeddable":true,"href":"https:\/\/www.billigtrikotde.com\/sv\/wp-json\/wp\/v2\/product_tag?post=1673"}],"curies":[{"name":"wp","href":"https:\/\/api.w.org\/{rel}","templated":true}]}}