{"id":16543,"date":"2024-10-24T08:49:34","date_gmt":"2024-10-24T06:49:34","guid":{"rendered":"http:\/\/billigtrikots.com\/?post_type=product&#038;p=16543"},"modified":"2025-05-30T15:26:18","modified_gmt":"2025-05-30T13:26:18","slug":"herren-fussballtrikots-set-chelsea-2023-24-weiss-blau-heimtrikot-nicolas-jackson-15","status":"publish","type":"product","link":"https:\/\/www.billigtrikotde.com\/sv\/herren-fussballtrikots-set-chelsea-2023-24-weiss-blau-heimtrikot-nicolas-jackson-15\/","title":{"rendered":"Herrtr\u00f6ja Set Chelsea 2023-24 vit bl\u00e5 hemmatr\u00f6ja Nicolas Jackson 15"},"content":{"rendered":"<p>Chelsea 23-24-tr\u00f6jan kombinerar en bl\u00e5 basf\u00e4rg med vita applikationer och skimrande, iriserande logotyper.Chelsea FC 23-24-tr\u00f6jan integrerar ocks\u00e5 vitt i det klassiska bl\u00e5, f\u00f6r att fira lagets triumf i UEFA Cupvinnarcupen och Ligacupen under s\u00e4songen 97-98.Insidan av kragen har en guldf\u00e4rgad \"Pride of London\"-etikett.N\u00e4r det g\u00e4ller mallen bygger Chelsea Football Club 2023-2024-tr\u00f6jan p\u00e5 23-24-mallen. De vita applikationerna p\u00e5 sidan g\u00f6r att den sticker ut fr\u00e5n de andra 2023-2024-tr\u00f6jorna, medan vita\/bl\u00e5\/guld manschetter avrundar utseendet p\u00e5 Nike Chelsea 23-24 hemmatr\u00f6ja.<\/p>\n<p>Tips f\u00f6r utskrift: Om namn och nummer p\u00e5 bilden \u00e4r exakt vad du vill ha, beh\u00f6ver du inte ange dem igen. Om inte, ska du ange \u00f6nskat namn och nummer.<\/p>\n<p>Tips f\u00f6r tv\u00e4tt: Det \u00e4r rekommenderat att tv\u00e4tta fotbollstr\u00f6jor f\u00f6r hand. Om du vill anv\u00e4nda tv\u00e4ttmaskinen ska du komma ih\u00e5g att v\u00e4nda fotbollstr\u00f6jorna ut och in och sedan tv\u00e4tta dem. Fyll maskinen med kallt vatten och anv\u00e4nd ett skonsamt program f\u00f6r att b\u00e4ttre skydda f\u00e4rgerna.<\/p>","protected":false},"excerpt":{"rendered":"<p>Das Chelsea 23-24 Trikot kombiniert eine blaue Grundfarbe mit wei\u00dfen Applikationen und schimmernden, schillernden Logos.Das Chelsea FC 23-24 Trikot integriert auch Wei\u00df in das klassische Blau und feiert damit den Triumph der Mannschaft im UEFA-Pokal der Pokalsieger und im Ligapokal in der Saison 97-98. Auf der Innenseite des Kragens befindet sich ein goldenes \u201ePride of [&hellip;]<\/p>","protected":false},"featured_media":16584,"comment_status":"open","ping_status":"closed","template":"","meta":[],"product_brand":[],"product_cat":[72],"product_tag":[20,448,73,982,574,21,22,23,24,441],"class_list":{"0":"post-16543","1":"product","2":"type-product","3":"status-publish","4":"has-post-thumbnail","6":"product_cat-chelsea","7":"product_tag-coole-fussballtrikots","8":"product_tag-chelsea-trikot-bestellen","9":"product_tag-chelsea-trikots","10":"product_tag-chelsea-trikots-2024","11":"product_tag-fussballtrikot-deutschland","12":"product_tag-fussballtrikot-fuer-herren","13":"product_tag-fussballtrikot-guenstig-kaufen","14":"product_tag-fussballtrikot-kurzarm","15":"product_tag-guenstiges-fussballtrikot","16":"product_tag-neue-chelsea-trikots","18":"first","19":"instock","20":"shipping-taxable","21":"purchasable","22":"product-type-variable"},"_links":{"self":[{"href":"https:\/\/www.billigtrikotde.com\/sv\/wp-json\/wp\/v2\/product\/16543","targetHints":{"allow":["GET"]}}],"collection":[{"href":"https:\/\/www.billigtrikotde.com\/sv\/wp-json\/wp\/v2\/product"}],"about":[{"href":"https:\/\/www.billigtrikotde.com\/sv\/wp-json\/wp\/v2\/types\/product"}],"replies":[{"embeddable":true,"href":"https:\/\/www.billigtrikotde.com\/sv\/wp-json\/wp\/v2\/comments?post=16543"}],"wp:featuredmedia":[{"embeddable":true,"href":"https:\/\/www.billigtrikotde.com\/sv\/wp-json\/wp\/v2\/media\/16584"}],"wp:attachment":[{"href":"https:\/\/www.billigtrikotde.com\/sv\/wp-json\/wp\/v2\/media?parent=16543"}],"wp:term":[{"taxonomy":"product_brand","embeddable":true,"href":"https:\/\/www.billigtrikotde.com\/sv\/wp-json\/wp\/v2\/product_brand?post=16543"},{"taxonomy":"product_cat","embeddable":true,"href":"https:\/\/www.billigtrikotde.com\/sv\/wp-json\/wp\/v2\/product_cat?post=16543"},{"taxonomy":"product_tag","embeddable":true,"href":"https:\/\/www.billigtrikotde.com\/sv\/wp-json\/wp\/v2\/product_tag?post=16543"}],"curies":[{"name":"wp","href":"https:\/\/api.w.org\/{rel}","templated":true}]}}