{"id":1649,"date":"2024-10-23T13:39:39","date_gmt":"2024-10-23T11:39:39","guid":{"rendered":"http:\/\/billigtrikots.com\/?post_type=product&#038;p=1649"},"modified":"2025-06-16T16:04:12","modified_gmt":"2025-06-16T14:04:12","slug":"leonardo-bonucci-19-juventus-turin-herren-2022-fussball-heim-kit-langarm","status":"publish","type":"product","link":"https:\/\/www.billigtrikotde.com\/sv\/leonardo-bonucci-19-juventus-turin-herren-2022-fussball-heim-kit-langarm\/","title":{"rendered":"Leonardo Bonucci 19# Juventus Turin Herr 2022 Fotboll Hemmast\u00e4ll L\u00e5ng\u00e4rmad"},"content":{"rendered":"<p>En hyllning till dess fantastiska stadion. adidas Juventus-tr\u00f6jan firar 10-\u00e5rsjubileet av den ikoniska Allianz Stadium. Stj\u00e4rnorna som dominerar byggnadens design \u00e5terspeglas i de ikoniska svarta r\u00e4nderna och \u00e5teruppfinner en klassisk look. Tr\u00f6jan har utformats f\u00f6r att erbjuda maximal komfort f\u00f6r fansen. Den \u00e4r tillverkad av mjukt tyg och har svettavvisande AEROREADY-teknik.<\/p>\n<p>Tips f\u00f6r utskrift: Om namn och nummer p\u00e5 bilden \u00e4r exakt vad du vill ha, beh\u00f6ver du inte ange dem igen. Om inte, ska du ange \u00f6nskat namn och nummer.<\/p>\n<p>Tryckta tr\u00f6jor kan inte returneras eller bytas. Leveranstiden f\u00f6r skr\u00e4ddarsydda tr\u00f6jor f\u00f6rl\u00e4ngs med 1-2 arbetsdagar. Senare \u00e4ndringar \u00e4r inte m\u00f6jliga. Ingen originalflock<\/p>\n<p>Tips f\u00f6r tv\u00e4tt: Det \u00e4r rekommenderat att tv\u00e4tta fotbollstr\u00f6jor f\u00f6r hand. Om du vill anv\u00e4nda tv\u00e4ttmaskinen ska du komma ih\u00e5g att v\u00e4nda fotbollstr\u00f6jorna ut och in och sedan tv\u00e4tta dem. Fyll maskinen med kallt vatten och anv\u00e4nd ett skonsamt program f\u00f6r att b\u00e4ttre skydda f\u00e4rgerna.<\/p>","protected":false},"excerpt":{"rendered":"<p>Eine Hommage an sein gro\u00dfartiges Stadion. Das adidas Juventus-Trikot feiert das 10-j\u00e4hrige Bestehen des kultigen Allianz Stadions. Die Sterne, die das Design des Geb\u00e4udes dominieren, spiegeln sich in den legend\u00e4ren schwarzen Streifen wider und erfinden einen klassischen Look neu. Das Shirt wurde entwickelt, um maximalen Komfort f\u00fcr Fans zu bieten. Es ist aus weichem Stoff [&hellip;]<\/p>","protected":false},"featured_media":1681,"comment_status":"open","ping_status":"closed","template":"","meta":[],"product_brand":[],"product_cat":[59],"product_tag":[20,38,21,24,61],"class_list":{"0":"post-1649","1":"product","2":"type-product","3":"status-publish","4":"has-post-thumbnail","6":"product_cat-juventus","7":"product_tag-coole-fussballtrikots","8":"product_tag-fussball-trikot-langarm","9":"product_tag-fussballtrikot-fuer-herren","10":"product_tag-guenstiges-fussballtrikot","11":"product_tag-juventus-trikots","13":"first","14":"instock","15":"shipping-taxable","16":"purchasable","17":"product-type-variable"},"_links":{"self":[{"href":"https:\/\/www.billigtrikotde.com\/sv\/wp-json\/wp\/v2\/product\/1649","targetHints":{"allow":["GET"]}}],"collection":[{"href":"https:\/\/www.billigtrikotde.com\/sv\/wp-json\/wp\/v2\/product"}],"about":[{"href":"https:\/\/www.billigtrikotde.com\/sv\/wp-json\/wp\/v2\/types\/product"}],"replies":[{"embeddable":true,"href":"https:\/\/www.billigtrikotde.com\/sv\/wp-json\/wp\/v2\/comments?post=1649"}],"wp:featuredmedia":[{"embeddable":true,"href":"https:\/\/www.billigtrikotde.com\/sv\/wp-json\/wp\/v2\/media\/1681"}],"wp:attachment":[{"href":"https:\/\/www.billigtrikotde.com\/sv\/wp-json\/wp\/v2\/media?parent=1649"}],"wp:term":[{"taxonomy":"product_brand","embeddable":true,"href":"https:\/\/www.billigtrikotde.com\/sv\/wp-json\/wp\/v2\/product_brand?post=1649"},{"taxonomy":"product_cat","embeddable":true,"href":"https:\/\/www.billigtrikotde.com\/sv\/wp-json\/wp\/v2\/product_cat?post=1649"},{"taxonomy":"product_tag","embeddable":true,"href":"https:\/\/www.billigtrikotde.com\/sv\/wp-json\/wp\/v2\/product_tag?post=1649"}],"curies":[{"name":"wp","href":"https:\/\/api.w.org\/{rel}","templated":true}]}}