{"id":1627,"date":"2024-10-23T13:38:37","date_gmt":"2024-10-23T11:38:37","guid":{"rendered":"http:\/\/billigtrikots.com\/?post_type=product&#038;p=1627"},"modified":"2025-06-16T16:04:13","modified_gmt":"2025-06-16T14:04:13","slug":"herren-tw-trikot-juventus-turin-goalie-trikot-set-2022-in-gruen","status":"publish","type":"product","link":"https:\/\/www.billigtrikotde.com\/sv\/herren-tw-trikot-juventus-turin-goalie-trikot-set-2022-in-gruen\/","title":{"rendered":"TW Jersey Juventus Turin M\u00e5lvaktstr\u00f6ja Set 2022 f\u00f6r herrar i gr\u00f6nt"},"content":{"rendered":"<p>Med den bekv\u00e4ma modellen i gr\u00f6nt visar du din villkorsl\u00f6sa k\u00e4rlek till din f\u00f6rening. adidas sporttop \u00e4r det perfekta valet. I ingen fansamling f\u00e5r denna FC Juventus Turin-sporttop saknas. Den \u00e4r andningsbar, bekv\u00e4m och l\u00e4tt. Den absolut st\u00f6rsta h\u00f6jdpunkten blir den klubbemblemet p\u00e5 br\u00f6stet. Oavsett hur h\u00e5rd tr\u00e4ningen eller matchen \u00e4r, med denna modell \u00e4r du alltid v\u00e4lkl\u00e4dd.<\/p>\n<p>Tips f\u00f6r utskrift: Om namn och nummer p\u00e5 bilden \u00e4r exakt vad du vill ha, beh\u00f6ver du inte ange dem igen. Om inte, ska du ange \u00f6nskat namn och nummer.<\/p>\n<p>Tips f\u00f6r tv\u00e4tt: Det \u00e4r rekommenderat att tv\u00e4tta fotbollstr\u00f6jor f\u00f6r hand. Om du vill anv\u00e4nda tv\u00e4ttmaskinen ska du komma ih\u00e5g att v\u00e4nda fotbollstr\u00f6jorna ut och in och sedan tv\u00e4tta dem. Fyll maskinen med kallt vatten och anv\u00e4nd ett skonsamt program f\u00f6r att b\u00e4ttre skydda f\u00e4rgerna.<\/p>","protected":false},"excerpt":{"rendered":"<p>Mit dem bequemen Modell in Gr\u00fcn zeigst du deine bedingungslose Liebe zu deinem Verein. Das adidas Sporttop ist die perfekte Wahl. In keiner Fan-Sammlung darf dieses FC Juventus Turin-Sporttop fehlen. Es ist atmungsaktiv, bequem und leicht. Zum absoluten Highlight wird es durch das Vereinswappen auf der Brust. Egal, wie hart das Training oder das Spiel [&hellip;]<\/p>","protected":false},"featured_media":1657,"comment_status":"open","ping_status":"closed","template":"","meta":[],"product_brand":[],"product_cat":[59],"product_tag":[20,35,21,23,24,62,61],"class_list":{"0":"post-1627","1":"product","2":"type-product","3":"status-publish","4":"has-post-thumbnail","6":"product_cat-juventus","7":"product_tag-coole-fussballtrikots","8":"product_tag-fussball-torwarttrikots","9":"product_tag-fussballtrikot-fuer-herren","10":"product_tag-fussballtrikot-kurzarm","11":"product_tag-guenstiges-fussballtrikot","12":"product_tag-juventus-torwarttrikot","13":"product_tag-juventus-trikots","15":"first","16":"instock","17":"shipping-taxable","18":"purchasable","19":"product-type-variable"},"_links":{"self":[{"href":"https:\/\/www.billigtrikotde.com\/sv\/wp-json\/wp\/v2\/product\/1627","targetHints":{"allow":["GET"]}}],"collection":[{"href":"https:\/\/www.billigtrikotde.com\/sv\/wp-json\/wp\/v2\/product"}],"about":[{"href":"https:\/\/www.billigtrikotde.com\/sv\/wp-json\/wp\/v2\/types\/product"}],"replies":[{"embeddable":true,"href":"https:\/\/www.billigtrikotde.com\/sv\/wp-json\/wp\/v2\/comments?post=1627"}],"wp:featuredmedia":[{"embeddable":true,"href":"https:\/\/www.billigtrikotde.com\/sv\/wp-json\/wp\/v2\/media\/1657"}],"wp:attachment":[{"href":"https:\/\/www.billigtrikotde.com\/sv\/wp-json\/wp\/v2\/media?parent=1627"}],"wp:term":[{"taxonomy":"product_brand","embeddable":true,"href":"https:\/\/www.billigtrikotde.com\/sv\/wp-json\/wp\/v2\/product_brand?post=1627"},{"taxonomy":"product_cat","embeddable":true,"href":"https:\/\/www.billigtrikotde.com\/sv\/wp-json\/wp\/v2\/product_cat?post=1627"},{"taxonomy":"product_tag","embeddable":true,"href":"https:\/\/www.billigtrikotde.com\/sv\/wp-json\/wp\/v2\/product_tag?post=1627"}],"curies":[{"name":"wp","href":"https:\/\/api.w.org\/{rel}","templated":true}]}}