{"id":16241,"date":"2024-10-24T08:32:31","date_gmt":"2024-10-24T06:32:31","guid":{"rendered":"http:\/\/billigtrikots.com\/?post_type=product&#038;p=16241"},"modified":"2024-10-24T08:35:07","modified_gmt":"2024-10-24T06:35:07","slug":"herren-set-fc-barcelona-2023-24-drittes-trikot-blau-kurzarm-kurze-hosen-sergi-roberto-20","status":"publish","type":"product","link":"https:\/\/www.billigtrikotde.com\/sv\/herren-set-fc-barcelona-2023-24-drittes-trikot-blau-kurzarm-kurze-hosen-sergi-roberto-20\/","title":{"rendered":"Herr Set FC Barcelona 2023-24 Tredjetr\u00f6ja bl\u00e5 Kort\u00e4rmad + Shorts Sergi Roberto 20"},"content":{"rendered":"<p>Den tredje Barcelona 23-24 fotbollstr\u00f6jan \u00e4r \u00f6verv\u00e4gande mintgr\u00f6n (\u201eLight Aqua\u201c), kombinerad med Blaugrana som designelement och svart som logof\u00e4rg. N\u00e4r det g\u00e4ller mallen \u00e4r Bar\u00e7a 23-24 tredje fotbollstr\u00f6jan aerodynamisk. Den anv\u00e4nder samma mall som olika landslag f\u00f6r dam-VM 2023 och andra 23-24 elitklubbslag f\u00f6r deras tredje tr\u00f6jor. Tv\u00e5 saker g\u00f6r Barcelona 23-24-tr\u00f6jan utm\u00e4rkande \u2013 tyget och Swoosh och klubbm\u00e4rket. Barcelonas Blaugrana-f\u00e4rger (bl\u00e5 och r\u00f6d) \u00e4r inb\u00e4ddade i tyget p\u00e5 Barcelona 23-24-tr\u00f6jan och ger den en speciell touch.<\/p>\n<p>Tips f\u00f6r utskrift: Om namn och nummer p\u00e5 bilden \u00e4r exakt vad du vill ha, beh\u00f6ver du inte ange dem igen. Om inte, ska du ange \u00f6nskat namn och nummer.<\/p>\n<p>Tips f\u00f6r tv\u00e4tt: Det \u00e4r rekommenderat att tv\u00e4tta fotbollstr\u00f6jor f\u00f6r hand. Om du vill anv\u00e4nda tv\u00e4ttmaskinen ska du komma ih\u00e5g att v\u00e4nda fotbollstr\u00f6jorna ut och in och sedan tv\u00e4tta dem. Fyll maskinen med kallt vatten och anv\u00e4nd ett skonsamt program f\u00f6r att b\u00e4ttre skydda f\u00e4rgerna.<\/p>","protected":false},"excerpt":{"rendered":"<p>Das dritte Barcelona 23-24 Fu\u00dfball trikot ist \u00fcberwiegend mint (\u201eLight Aqua\u201c), kombiniert mit Blaugrana als Designelementen und Schwarz als Logofarbe.Was die Template betrifft, so ist das Bar\u00e7a 23-24 dritte Fu\u00dfballtrikot stromlinienf\u00f6rmig. Es verwendet die gleiche Template wie verschiedene Nationalmannschaften f\u00fcr die Frauen-WM 2023 und andere 23-24 Elite-Clubteams f\u00fcr ihre dritten Trikots.Zwei Dinge lassen das Barcelona [&hellip;]<\/p>","protected":false},"featured_media":16282,"comment_status":"open","ping_status":"closed","template":"","meta":[],"product_brand":[],"product_cat":[31],"product_tag":[703,704,20,863,864,33,574,426,24],"class_list":{"0":"post-16241","1":"product","2":"type-product","3":"status-publish","4":"has-post-thumbnail","6":"product_cat-fc-barcelona","7":"product_tag-barcelona-fussballtrikot","8":"product_tag-barcelona-trikot","9":"product_tag-coole-fussballtrikots","10":"product_tag-fc-barcelona-neue-trikots","11":"product_tag-fc-barcelona-trikot-set","12":"product_tag-fc-barcelona-trikots","13":"product_tag-fussballtrikot-deutschland","14":"product_tag-fussballtrikots-kurzarm","15":"product_tag-guenstiges-fussballtrikot","17":"first","18":"instock","19":"shipping-taxable","20":"purchasable","21":"product-type-variable"},"_links":{"self":[{"href":"https:\/\/www.billigtrikotde.com\/sv\/wp-json\/wp\/v2\/product\/16241","targetHints":{"allow":["GET"]}}],"collection":[{"href":"https:\/\/www.billigtrikotde.com\/sv\/wp-json\/wp\/v2\/product"}],"about":[{"href":"https:\/\/www.billigtrikotde.com\/sv\/wp-json\/wp\/v2\/types\/product"}],"replies":[{"embeddable":true,"href":"https:\/\/www.billigtrikotde.com\/sv\/wp-json\/wp\/v2\/comments?post=16241"}],"wp:featuredmedia":[{"embeddable":true,"href":"https:\/\/www.billigtrikotde.com\/sv\/wp-json\/wp\/v2\/media\/16282"}],"wp:attachment":[{"href":"https:\/\/www.billigtrikotde.com\/sv\/wp-json\/wp\/v2\/media?parent=16241"}],"wp:term":[{"taxonomy":"product_brand","embeddable":true,"href":"https:\/\/www.billigtrikotde.com\/sv\/wp-json\/wp\/v2\/product_brand?post=16241"},{"taxonomy":"product_cat","embeddable":true,"href":"https:\/\/www.billigtrikotde.com\/sv\/wp-json\/wp\/v2\/product_cat?post=16241"},{"taxonomy":"product_tag","embeddable":true,"href":"https:\/\/www.billigtrikotde.com\/sv\/wp-json\/wp\/v2\/product_tag?post=16241"}],"curies":[{"name":"wp","href":"https:\/\/api.w.org\/{rel}","templated":true}]}}