{"id":16191,"date":"2024-10-24T08:29:13","date_gmt":"2024-10-24T06:29:13","guid":{"rendered":"http:\/\/billigtrikots.com\/?post_type=product&#038;p=16191"},"modified":"2025-05-30T16:14:08","modified_gmt":"2025-05-30T14:14:08","slug":"herren-set-manchester-united-2023-2024-drittes-trikot-mit-aufdruck-reguilon-15","status":"publish","type":"product","link":"https:\/\/www.billigtrikotde.com\/sv\/herren-set-manchester-united-2023-2024-drittes-trikot-mit-aufdruck-reguilon-15\/","title":{"rendered":"Set Manchester United 2023-2024 Tredje tr\u00f6ja med tryck REGUIL\u00d3N 15"},"content":{"rendered":"<p>Den tredje Manchester United 2023-2024-tr\u00f6jan \u00e4r \u00f6verv\u00e4gande kr\u00e4mf\u00e4rgad med r\u00f6da accenter, och den speciella egenskapen hos den tredje Manchester United 2023-2024-tr\u00f6jan \u00e4r att klubbvapnet har ersatts av det ikoniska r\u00f6da dj\u00e4vulsemblemet i ManUtd-vapnet. Denna ov\u00e4ntade f\u00f6r\u00e4ndring tillf\u00f6r ett \u00f6verraskande och intressant element till den tredje Manchester United 23-24-tr\u00f6jan.<\/p>\n<p>Tips f\u00f6r utskrift: Om namn och nummer p\u00e5 bilden \u00e4r exakt vad du vill ha, beh\u00f6ver du inte ange dem igen. Om inte, ska du ange \u00f6nskat namn och nummer.<\/p>\n<p>Tips f\u00f6r tv\u00e4tt: Det \u00e4r rekommenderat att tv\u00e4tta fotbollstr\u00f6jor f\u00f6r hand. Om du vill anv\u00e4nda tv\u00e4ttmaskinen ska du komma ih\u00e5g att v\u00e4nda fotbollstr\u00f6jorna ut och in och sedan tv\u00e4tta dem. Fyll maskinen med kallt vatten och anv\u00e4nd ett skonsamt program f\u00f6r att b\u00e4ttre skydda f\u00e4rgerna.<\/p>","protected":false},"excerpt":{"rendered":"<p>Den tredje Manchester United-tr\u00f6jan 2023-2024 \u00e4r huvudsakligen kr\u00e4mf\u00e4rgad med r\u00f6da accenter. Det s\u00e4rskilda med tredje tr\u00f6jan Manchester United 2023-2024 \u00e4r att klubbemblemet har ersatts av den ikoniska r\u00f6da dj\u00e4vlemssymbolen p\u00e5 ManUtd-emblemet. Denna ov\u00e4ntade f\u00f6r\u00e4ndring ger tredje tr\u00f6jan f\u00f6r Manchester United 23-24 ett \u00f6verraskande och intressant element. Tips f\u00f6r utskrift: N\u00e4r namnet [\u2026]<\/p>","protected":false},"featured_media":16230,"comment_status":"open","ping_status":"closed","template":"","meta":[],"product_brand":[],"product_cat":[50],"product_tag":[20,574,21,23,24,900,672,673],"class_list":{"0":"post-16191","1":"product","2":"type-product","3":"status-publish","4":"has-post-thumbnail","6":"product_cat-manchester-united","7":"product_tag-coole-fussballtrikots","8":"product_tag-fussballtrikot-deutschland","9":"product_tag-fussballtrikot-fuer-herren","10":"product_tag-fussballtrikot-kurzarm","11":"product_tag-guenstiges-fussballtrikot","12":"product_tag-manchester-united-2023-2024-drittes-trikot","13":"product_tag-manchester-united-fussballtrikot","14":"product_tag-manchester-united-trikot","16":"first","17":"instock","18":"shipping-taxable","19":"purchasable","20":"product-type-variable"},"_links":{"self":[{"href":"https:\/\/www.billigtrikotde.com\/sv\/wp-json\/wp\/v2\/product\/16191","targetHints":{"allow":["GET"]}}],"collection":[{"href":"https:\/\/www.billigtrikotde.com\/sv\/wp-json\/wp\/v2\/product"}],"about":[{"href":"https:\/\/www.billigtrikotde.com\/sv\/wp-json\/wp\/v2\/types\/product"}],"replies":[{"embeddable":true,"href":"https:\/\/www.billigtrikotde.com\/sv\/wp-json\/wp\/v2\/comments?post=16191"}],"wp:featuredmedia":[{"embeddable":true,"href":"https:\/\/www.billigtrikotde.com\/sv\/wp-json\/wp\/v2\/media\/16230"}],"wp:attachment":[{"href":"https:\/\/www.billigtrikotde.com\/sv\/wp-json\/wp\/v2\/media?parent=16191"}],"wp:term":[{"taxonomy":"product_brand","embeddable":true,"href":"https:\/\/www.billigtrikotde.com\/sv\/wp-json\/wp\/v2\/product_brand?post=16191"},{"taxonomy":"product_cat","embeddable":true,"href":"https:\/\/www.billigtrikotde.com\/sv\/wp-json\/wp\/v2\/product_cat?post=16191"},{"taxonomy":"product_tag","embeddable":true,"href":"https:\/\/www.billigtrikotde.com\/sv\/wp-json\/wp\/v2\/product_tag?post=16191"}],"curies":[{"name":"wp","href":"https:\/\/api.w.org\/{rel}","templated":true}]}}