{"id":1601,"date":"2024-10-23T13:37:32","date_gmt":"2024-10-23T11:37:32","guid":{"rendered":"http:\/\/billigtrikots.com\/?post_type=product&#038;p=1601"},"modified":"2024-10-23T13:39:03","modified_gmt":"2024-10-23T11:39:03","slug":"fc-arsenal-heimtrikot-2022-xhaka-34-herren-rot-kurzarm-kurze-hosen","status":"publish","type":"product","link":"https:\/\/www.billigtrikotde.com\/sv\/fc-arsenal-heimtrikot-2022-xhaka-34-herren-rot-kurzarm-kurze-hosen\/","title":{"rendered":"FC Arsenal Hemtr\u00f6ja 2022 Xhaka 34# Herrar r\u00f6d Kort\u00e4rmad + Kortbyxor"},"content":{"rendered":"<p>Wei\u00dfe Eins\u00e4tze und marineblaue Details? Das erinnert sofort an eine \u00c4ra, in der der FC Arsenal praktisch gar nicht verlieren konnte. Das Design ist durch das weiche Material mit feuchtigkeitsabsorbierender AEROREADY Technologie superbequem. Au\u00dferdem zeigt das gewebte Vereinslogo auf der Brust, f\u00fcr welchen Club dein Herz schl\u00e4gt.<\/p>\n<p>Tips f\u00f6r utskrift: Om namn och nummer p\u00e5 bilden \u00e4r exakt vad du vill ha, beh\u00f6ver du inte ange dem igen. Om inte, ska du ange \u00f6nskat namn och nummer.<\/p>\n<p>Tips f\u00f6r tv\u00e4tt: Det \u00e4r rekommenderat att tv\u00e4tta fotbollstr\u00f6jor f\u00f6r hand. Om du vill anv\u00e4nda tv\u00e4ttmaskinen ska du komma ih\u00e5g att v\u00e4nda fotbollstr\u00f6jorna ut och in och sedan tv\u00e4tta dem. Fyll maskinen med kallt vatten och anv\u00e4nd ett skonsamt program f\u00f6r att b\u00e4ttre skydda f\u00e4rgerna.<\/p>","protected":false},"excerpt":{"rendered":"<p>Wei\u00dfe Eins\u00e4tze und marineblaue Details? Das erinnert sofort an eine \u00c4ra, in der der FC Arsenal praktisch gar nicht verlieren konnte. Das Design ist durch das weiche Material mit feuchtigkeitsabsorbierender AEROREADY Technologie superbequem. Au\u00dferdem zeigt das gewebte Vereinslogo auf der Brust, f\u00fcr welchen Club dein Herz schl\u00e4gt. Tipps zum Drucken: Wenn der Name und die [&hellip;]<\/p>","protected":false},"featured_media":1632,"comment_status":"open","ping_status":"closed","template":"","meta":[],"product_brand":[],"product_cat":[55],"product_tag":[20,57,21,22,23,54,24],"class_list":{"0":"post-1601","1":"product","2":"type-product","3":"status-publish","4":"has-post-thumbnail","6":"product_cat-arsenal","7":"product_tag-coole-fussballtrikots","8":"product_tag-fc-arsenal-trikots","9":"product_tag-fussballtrikot-fuer-herren","10":"product_tag-fussballtrikot-guenstig-kaufen","11":"product_tag-fussballtrikot-kurzarm","12":"product_tag-fussballtrikot-set","13":"product_tag-guenstiges-fussballtrikot","15":"first","16":"instock","17":"shipping-taxable","18":"purchasable","19":"product-type-variable"},"_links":{"self":[{"href":"https:\/\/www.billigtrikotde.com\/sv\/wp-json\/wp\/v2\/product\/1601","targetHints":{"allow":["GET"]}}],"collection":[{"href":"https:\/\/www.billigtrikotde.com\/sv\/wp-json\/wp\/v2\/product"}],"about":[{"href":"https:\/\/www.billigtrikotde.com\/sv\/wp-json\/wp\/v2\/types\/product"}],"replies":[{"embeddable":true,"href":"https:\/\/www.billigtrikotde.com\/sv\/wp-json\/wp\/v2\/comments?post=1601"}],"wp:featuredmedia":[{"embeddable":true,"href":"https:\/\/www.billigtrikotde.com\/sv\/wp-json\/wp\/v2\/media\/1632"}],"wp:attachment":[{"href":"https:\/\/www.billigtrikotde.com\/sv\/wp-json\/wp\/v2\/media?parent=1601"}],"wp:term":[{"taxonomy":"product_brand","embeddable":true,"href":"https:\/\/www.billigtrikotde.com\/sv\/wp-json\/wp\/v2\/product_brand?post=1601"},{"taxonomy":"product_cat","embeddable":true,"href":"https:\/\/www.billigtrikotde.com\/sv\/wp-json\/wp\/v2\/product_cat?post=1601"},{"taxonomy":"product_tag","embeddable":true,"href":"https:\/\/www.billigtrikotde.com\/sv\/wp-json\/wp\/v2\/product_tag?post=1601"}],"curies":[{"name":"wp","href":"https:\/\/api.w.org\/{rel}","templated":true}]}}