{"id":15670,"date":"2024-10-24T08:01:26","date_gmt":"2024-10-24T06:01:26","guid":{"rendered":"http:\/\/billigtrikots.com\/?post_type=product&#038;p=15670"},"modified":"2024-10-24T08:04:12","modified_gmt":"2024-10-24T06:04:12","slug":"kinder-fussballtrikots-chelsea-3rd-trikot-2023-24-kurzarm-kurze-hosen-thiago-silva-6","status":"publish","type":"product","link":"https:\/\/www.billigtrikotde.com\/sv\/kinder-fussballtrikots-chelsea-3rd-trikot-2023-24-kurzarm-kurze-hosen-thiago-silva-6\/","title":{"rendered":"Barn Fotboll Tr\u00f6jor Chelsea 3:e tr\u00f6ja 2023-24 Kort\u00e4rmad + Shorts Thiago Silva 6"},"content":{"rendered":"<p>Tips f\u00f6r utskrift: Om namn och nummer p\u00e5 bilden \u00e4r exakt vad du vill ha, beh\u00f6ver du inte ange dem igen. Om inte, ska du ange \u00f6nskat namn och nummer.<\/p>\n<p>Tips f\u00f6r tv\u00e4tt: Det \u00e4r rekommenderat att tv\u00e4tta fotbollstr\u00f6jor f\u00f6r hand. Om du vill anv\u00e4nda tv\u00e4ttmaskinen ska du komma ih\u00e5g att v\u00e4nda fotbollstr\u00f6jorna ut och in och sedan tv\u00e4tta dem. Fyll maskinen med kallt vatten och anv\u00e4nd ett skonsamt program f\u00f6r att b\u00e4ttre skydda f\u00e4rgerna.<\/p>","protected":false},"excerpt":{"rendered":"<p>Tips f\u00f6r utskrift: N\u00e4r namnet och numret p\u00e5 bilden exakt motsvarar dina \u00f6nskem\u00e5l beh\u00f6ver du inte ange dem igen. Om inte, b\u00f6r du ange det \u00f6nskade namnet och numret. Tips f\u00f6r tv\u00e4tt: Det rekommenderas att tv\u00e4tta fotbollstr\u00f6jor f\u00f6r hand. Om du vill anv\u00e4nda tv\u00e4ttmaskinen, kom ih\u00e5g att v\u00e4nda fotbollstr\u00f6jorna [\u2026]<\/p>","protected":false},"featured_media":15718,"comment_status":"open","ping_status":"closed","template":"","meta":[],"product_brand":[],"product_cat":[162],"product_tag":[20,830,831,832,73,163,21,23,24,94],"class_list":{"0":"post-15670","1":"product","2":"type-product","3":"status-publish","4":"has-post-thumbnail","6":"product_cat-chelsea-kindertrikot","7":"product_tag-coole-fussballtrikots","8":"product_tag-chelsea-fc-2023-24-kinder-trikot","9":"product_tag-chelsea-fussballtrikots-kinder","10":"product_tag-chelsea-trikot-fuer-kinder","11":"product_tag-chelsea-trikots","12":"product_tag-chelsea-trikotsatz-fuer-kinder","13":"product_tag-fussballtrikot-fuer-herren","14":"product_tag-fussballtrikot-kurzarm","15":"product_tag-guenstiges-fussballtrikot","16":"product_tag-kinder-fussball-trikotsatz","18":"first","19":"instock","20":"shipping-taxable","21":"purchasable","22":"product-type-variable"},"_links":{"self":[{"href":"https:\/\/www.billigtrikotde.com\/sv\/wp-json\/wp\/v2\/product\/15670","targetHints":{"allow":["GET"]}}],"collection":[{"href":"https:\/\/www.billigtrikotde.com\/sv\/wp-json\/wp\/v2\/product"}],"about":[{"href":"https:\/\/www.billigtrikotde.com\/sv\/wp-json\/wp\/v2\/types\/product"}],"replies":[{"embeddable":true,"href":"https:\/\/www.billigtrikotde.com\/sv\/wp-json\/wp\/v2\/comments?post=15670"}],"wp:featuredmedia":[{"embeddable":true,"href":"https:\/\/www.billigtrikotde.com\/sv\/wp-json\/wp\/v2\/media\/15718"}],"wp:attachment":[{"href":"https:\/\/www.billigtrikotde.com\/sv\/wp-json\/wp\/v2\/media?parent=15670"}],"wp:term":[{"taxonomy":"product_brand","embeddable":true,"href":"https:\/\/www.billigtrikotde.com\/sv\/wp-json\/wp\/v2\/product_brand?post=15670"},{"taxonomy":"product_cat","embeddable":true,"href":"https:\/\/www.billigtrikotde.com\/sv\/wp-json\/wp\/v2\/product_cat?post=15670"},{"taxonomy":"product_tag","embeddable":true,"href":"https:\/\/www.billigtrikotde.com\/sv\/wp-json\/wp\/v2\/product_tag?post=15670"}],"curies":[{"name":"wp","href":"https:\/\/api.w.org\/{rel}","templated":true}]}}